{"id":128899,"date":"2022-11-01T13:03:57","date_gmt":"2022-11-01T13:03:57","guid":{"rendered":"https:\/\/lighthouselocarno.ch\/prodotti\/plat-ovale-avec-ailes\/"},"modified":"2023-08-04T11:13:51","modified_gmt":"2023-08-04T11:13:51","slug":"plat-ovale-avec-ailes","status":"publish","type":"product","link":"https:\/\/lighthouselocarno.ch\/fr\/produit\/plat-ovale-avec-ailes\/","title":{"rendered":"Plat ovale avec ailes"},"content":{"rendered":"<p>D\u00e9di\u00e9 aux amoureux des anges et \u00e0 ceux qui veulent un <strong>accessoire \u00e9l\u00e9gant pour d\u00e9corer leur maison<\/strong>. <strong>Id\u00e9e de cadeau pour No\u00ebl<\/strong> ou pour ceux qui aiment le monde des anges. Une<strong>id\u00e9e de cadeau unique<\/strong> avec une <strong>signification profonde<\/strong>.<\/p>\n","protected":false},"excerpt":{"rendered":"<p><strong>Plat de service ovale <\/strong>en c\u00e9ramique blanche. Id\u00e9al \u00e9galement comme <strong>plat principal <\/strong>. Pour une <strong>mise en place \u00e9l\u00e9gante et chic <\/strong>. Se pr\u00eate bien aux <strong>tables de No\u00ebl<\/strong>.<\/p>\n<p>Dimensions 26&Prime;14&Prime;5 cm.<\/p>\n","protected":false},"featured_media":112690,"template":"","meta":{"_seopress_robots_primary_cat":"3104","_seopress_titles_title":"Assiette en porcelaine avec ailes d\u00e9coratives  ","_seopress_titles_desc":"Cette magnifique assiette en porcelaine est le compl\u00e9ment id\u00e9al de toute table. Fabriqu\u00e9 en porcelaine de la plus haute qualit\u00e9, il est d\u00e9cor\u00e9 d'ailes \u00e9l\u00e9gantes qui le rendent unique et pr\u00e9cieux. Parfaite pour servir vos plats pr\u00e9f\u00e9r\u00e9s, cette assiette est \u00e9galement un cadeau id\u00e9al pour toutes les occasions.","_seopress_robots_index":""},"product_brand":[],"product_cat":[5935,3958,3757,7229],"product_tag":[5130,6743,6751,5898,6748],"class_list":{"0":"post-128899","1":"product","2":"type-product","3":"status-publish","4":"has-post-thumbnail","6":"product_cat-actualites","7":"product_cat-cuisine","8":"product_cat-table-fr","9":"product_cat-plats-et-tasses","10":"product_tag-mise-en-place-fr","11":"product_tag-plat-de-service-avec-ailes","12":"product_tag-plateau","13":"product_tag-platine","14":"product_tag-vendeur","16":"first","17":"instock","18":"shipping-taxable","19":"purchasable","20":"product-type-simple"},"jetpack_sharing_enabled":true,"_links":{"self":[{"href":"https:\/\/lighthouselocarno.ch\/fr\/wp-json\/wp\/v2\/product\/128899","targetHints":{"allow":["GET"]}}],"collection":[{"href":"https:\/\/lighthouselocarno.ch\/fr\/wp-json\/wp\/v2\/product"}],"about":[{"href":"https:\/\/lighthouselocarno.ch\/fr\/wp-json\/wp\/v2\/types\/product"}],"wp:featuredmedia":[{"embeddable":true,"href":"https:\/\/lighthouselocarno.ch\/fr\/wp-json\/wp\/v2\/media\/112690"}],"wp:attachment":[{"href":"https:\/\/lighthouselocarno.ch\/fr\/wp-json\/wp\/v2\/media?parent=128899"}],"wp:term":[{"taxonomy":"product_brand","embeddable":true,"href":"https:\/\/lighthouselocarno.ch\/fr\/wp-json\/wp\/v2\/product_brand?post=128899"},{"taxonomy":"product_cat","embeddable":true,"href":"https:\/\/lighthouselocarno.ch\/fr\/wp-json\/wp\/v2\/product_cat?post=128899"},{"taxonomy":"product_tag","embeddable":true,"href":"https:\/\/lighthouselocarno.ch\/fr\/wp-json\/wp\/v2\/product_tag?post=128899"}],"curies":[{"name":"wp","href":"https:\/\/api.w.org\/{rel}","templated":true}]}}