{"id":128921,"date":"2022-11-01T13:07:01","date_gmt":"2022-11-01T13:07:01","guid":{"rendered":"https:\/\/lighthouselocarno.ch\/prodotti\/patins-de-decoration-de-noel\/"},"modified":"2023-08-18T10:18:16","modified_gmt":"2023-08-18T10:18:16","slug":"patins-de-bois","status":"publish","type":"product","link":"https:\/\/lighthouselocarno.ch\/fr\/produit\/patins-de-bois\/","title":{"rendered":"Patins en bois"},"content":{"rendered":"<p>D\u00e9coration de No\u00ebl. Accessoire de No\u00ebl chic. D\u00e9coration int\u00e9rieure de No\u00ebl shabby chic. D\u00e9coration de No\u00ebl. D\u00e9coration hivernale. D\u00e9coration de chalet, rustique.<\/p>\n","protected":false},"excerpt":{"rendered":"<p>Patins en bois shabby chic pour des d\u00e9corations d&rsquo;hiver ou de No\u00ebl en bois brun. Id\u00e9al pour l&rsquo;int\u00e9rieur et l&rsquo;ext\u00e9rieur. Dimensions : 26&Prime;4&Prime;20 cm.<\/p>\n","protected":false},"featured_media":112615,"template":"","meta":{"_seopress_robots_primary_cat":"79","_seopress_titles_title":"","_seopress_titles_desc":"","_seopress_robots_index":""},"product_brand":[],"product_cat":[3747,4040,4137],"product_tag":[6781,4178,6768,4629,6774],"class_list":{"0":"post-128921","1":"product","2":"type-product","3":"status-publish","4":"has-post-thumbnail","6":"product_cat-decoration-interieure","7":"product_cat-decorations-fr","8":"product_cat-decorations-de-noel","9":"product_tag-decoration-de-noel-fr-5","10":"product_tag-decoration-de-noel-fr-2","11":"product_tag-decoration-de-noel-fr-4","12":"product_tag-decoration-interieure","13":"product_tag-decoration-pour-les-fetes-de-fin-dannee","15":"first","16":"outofstock","17":"shipping-taxable","18":"purchasable","19":"product-type-simple"},"jetpack_sharing_enabled":true,"_links":{"self":[{"href":"https:\/\/lighthouselocarno.ch\/fr\/wp-json\/wp\/v2\/product\/128921","targetHints":{"allow":["GET"]}}],"collection":[{"href":"https:\/\/lighthouselocarno.ch\/fr\/wp-json\/wp\/v2\/product"}],"about":[{"href":"https:\/\/lighthouselocarno.ch\/fr\/wp-json\/wp\/v2\/types\/product"}],"wp:featuredmedia":[{"embeddable":true,"href":"https:\/\/lighthouselocarno.ch\/fr\/wp-json\/wp\/v2\/media\/112615"}],"wp:attachment":[{"href":"https:\/\/lighthouselocarno.ch\/fr\/wp-json\/wp\/v2\/media?parent=128921"}],"wp:term":[{"taxonomy":"product_brand","embeddable":true,"href":"https:\/\/lighthouselocarno.ch\/fr\/wp-json\/wp\/v2\/product_brand?post=128921"},{"taxonomy":"product_cat","embeddable":true,"href":"https:\/\/lighthouselocarno.ch\/fr\/wp-json\/wp\/v2\/product_cat?post=128921"},{"taxonomy":"product_tag","embeddable":true,"href":"https:\/\/lighthouselocarno.ch\/fr\/wp-json\/wp\/v2\/product_tag?post=128921"}],"curies":[{"name":"wp","href":"https:\/\/api.w.org\/{rel}","templated":true}]}}