{"id":128943,"date":"2022-11-01T13:37:12","date_gmt":"2022-11-01T13:37:12","guid":{"rendered":"https:\/\/lighthouselocarno.ch\/prodotti\/chemise-avec-noeuds\/"},"modified":"2025-07-29T12:00:06","modified_gmt":"2025-07-29T12:00:06","slug":"chemise-avec-cravate","status":"publish","type":"product","link":"https:\/\/lighthouselocarno.ch\/fr\/produit\/chemise-avec-cravate\/","title":{"rendered":"Chemise avec n\u0153uds"},"content":{"rendered":"<p><strong>V\u00eatements Made in Italy.<\/strong> Cr\u00e9ez votre <strong>look unique en<\/strong> choisissant <a href=\"https:\/\/lighthouselocarno.ch\/product-category\/abbigliamento\/\"><br \/>\n  <strong>des v\u00eatements haute couture italiens<\/strong><br \/>\n<\/a>. Agr\u00e9mentez votre <strong>tenue<\/strong> d&rsquo;<strong><a href=\"https:\/\/lighthouselocarno.ch\/product-category\/borse-2\/\">accessoires<\/a> et de <a href=\"https:\/\/lighthouselocarno.ch\/product-category\/gioielli\/orecchini\/\">bijoux <\/a>uniques et originaux<\/strong>.<\/p>\n","protected":false},"excerpt":{"rendered":"<p><strong>Chemise \u00e0 manches longues<\/strong> avec fermeture \u00e0 <strong>bouton bijou<\/strong>. Bas drap\u00e9. Il y a deux n\u0153uds dans le dos. <strong>La chemise \u00e0 n\u0153uds d&rsquo;Elisa Cavaletti<\/strong> est vraiment belle et romantique. Couleur ivoire. Insertions d\u00e9coratives dor\u00e9es sur les manches.<\/p>\n<p>Lavage en machine, programme d\u00e9licat \u00e0 30-40 degr\u00e9s.<\/p>\n<p>&nbsp;<\/p>\n","protected":false},"featured_media":113530,"template":"","meta":{"_seopress_robots_primary_cat":"3194","_seopress_titles_title":"","_seopress_titles_desc":"","_seopress_robots_index":""},"product_brand":[],"product_cat":[5856,3780,3766],"product_tag":[5105,6787,5857,5660,5662,5663],"class_list":{"0":"post-128943","1":"product","2":"type-product","3":"status-publish","4":"has-post-thumbnail","6":"product_cat-chemises","7":"product_cat-mode-femme","8":"product_cat-vetements","9":"product_tag-chemise-fr","10":"product_tag-chemise-a-manches-longues-pour-femmes","11":"product_tag-chemise-de-tailleur","12":"product_tag-chemise-femme-fr","13":"product_tag-chemise-femme-fr-2","14":"product_tag-damenhemd-fr","16":"first","17":"outofstock","18":"shipping-taxable","19":"purchasable","20":"product-type-variable","21":"has-default-attributes"},"jetpack_sharing_enabled":true,"_links":{"self":[{"href":"https:\/\/lighthouselocarno.ch\/fr\/wp-json\/wp\/v2\/product\/128943","targetHints":{"allow":["GET"]}}],"collection":[{"href":"https:\/\/lighthouselocarno.ch\/fr\/wp-json\/wp\/v2\/product"}],"about":[{"href":"https:\/\/lighthouselocarno.ch\/fr\/wp-json\/wp\/v2\/types\/product"}],"wp:featuredmedia":[{"embeddable":true,"href":"https:\/\/lighthouselocarno.ch\/fr\/wp-json\/wp\/v2\/media\/113530"}],"wp:attachment":[{"href":"https:\/\/lighthouselocarno.ch\/fr\/wp-json\/wp\/v2\/media?parent=128943"}],"wp:term":[{"taxonomy":"product_brand","embeddable":true,"href":"https:\/\/lighthouselocarno.ch\/fr\/wp-json\/wp\/v2\/product_brand?post=128943"},{"taxonomy":"product_cat","embeddable":true,"href":"https:\/\/lighthouselocarno.ch\/fr\/wp-json\/wp\/v2\/product_cat?post=128943"},{"taxonomy":"product_tag","embeddable":true,"href":"https:\/\/lighthouselocarno.ch\/fr\/wp-json\/wp\/v2\/product_tag?post=128943"}],"curies":[{"name":"wp","href":"https:\/\/api.w.org\/{rel}","templated":true}]}}