{"id":128944,"date":"2022-11-01T13:15:09","date_gmt":"2022-11-01T13:15:09","guid":{"rendered":"https:\/\/lighthouselocarno.ch\/prodotti\/pantalon-blanc-avec-broderie\/"},"modified":"2023-06-30T05:23:23","modified_gmt":"2023-06-30T05:23:23","slug":"pantalon-blanc-avec-broderie","status":"publish","type":"product","link":"https:\/\/lighthouselocarno.ch\/fr\/produit\/pantalon-blanc-avec-broderie\/","title":{"rendered":"Pantalon blanc avec broderie"},"content":{"rendered":"<p><strong>V\u00eatements Made in Italy.<\/strong> Cr\u00e9ez votre <strong>look unique en<\/strong> choisissant <a href=\"https:\/\/lighthouselocarno.ch\/product-category\/abbigliamento\/\"><br \/>\n  <strong>des v\u00eatements haute couture italiens<\/strong><br \/>\n<\/a>. Agr\u00e9mentez votre <strong>tenue<\/strong> d&rsquo;<strong>accessoires et de <a href=\"https:\/\/lighthouselocarno.ch\/product-category\/gioielli\/collane\/\">bijoux<\/a> uniques et originaux<\/strong>.<\/p>\n","protected":false},"excerpt":{"rendered":"<p><strong>Pantalon blanc avec broderie de<\/strong> lettres et d\u00e9tails dor\u00e9s. Fermeture \u00e0 glissi\u00e8re et \u00e0 bouton. Enrichi de poches arri\u00e8re brod\u00e9es et de passants de ceinture.<\/p>\n","protected":false},"featured_media":113317,"template":"","meta":{"_seopress_robots_primary_cat":"2544","_seopress_titles_title":"","_seopress_titles_desc":"","_seopress_robots_index":""},"product_brand":[],"product_cat":[3780,4255,3766],"product_tag":[6804,6809,6798,6793],"class_list":{"0":"post-128944","1":"product","2":"type-product","3":"status-publish","4":"has-post-thumbnail","6":"product_cat-mode-femme","7":"product_cat-pantalon","8":"product_cat-vetements","9":"product_tag-chaussures-de-femme-blanches","10":"product_tag-pantalon-blanc-femme-fr","11":"product_tag-pantalons-blancs-pour-femmes-fr","12":"product_tag-pantalons-blancs-pour-femmes","13":"pa_taglia-27-fr","14":"pa_taglia-28-fr","15":"pa_taglia-29-fr","17":"first","18":"instock","19":"shipping-taxable","20":"purchasable","21":"product-type-variable","22":"has-default-attributes"},"jetpack_sharing_enabled":true,"_links":{"self":[{"href":"https:\/\/lighthouselocarno.ch\/fr\/wp-json\/wp\/v2\/product\/128944","targetHints":{"allow":["GET"]}}],"collection":[{"href":"https:\/\/lighthouselocarno.ch\/fr\/wp-json\/wp\/v2\/product"}],"about":[{"href":"https:\/\/lighthouselocarno.ch\/fr\/wp-json\/wp\/v2\/types\/product"}],"wp:featuredmedia":[{"embeddable":true,"href":"https:\/\/lighthouselocarno.ch\/fr\/wp-json\/wp\/v2\/media\/113317"}],"wp:attachment":[{"href":"https:\/\/lighthouselocarno.ch\/fr\/wp-json\/wp\/v2\/media?parent=128944"}],"wp:term":[{"taxonomy":"product_brand","embeddable":true,"href":"https:\/\/lighthouselocarno.ch\/fr\/wp-json\/wp\/v2\/product_brand?post=128944"},{"taxonomy":"product_cat","embeddable":true,"href":"https:\/\/lighthouselocarno.ch\/fr\/wp-json\/wp\/v2\/product_cat?post=128944"},{"taxonomy":"product_tag","embeddable":true,"href":"https:\/\/lighthouselocarno.ch\/fr\/wp-json\/wp\/v2\/product_tag?post=128944"}],"curies":[{"name":"wp","href":"https:\/\/api.w.org\/{rel}","templated":true}]}}