{"id":128947,"date":"2022-11-01T13:39:27","date_gmt":"2022-11-01T13:39:27","guid":{"rendered":"https:\/\/lighthouselocarno.ch\/prodotti\/chemise-avec-cache-epaule\/"},"modified":"2026-01-09T13:45:29","modified_gmt":"2026-01-09T13:45:29","slug":"chemise-a-bretelles","status":"publish","type":"product","link":"https:\/\/lighthouselocarno.ch\/fr\/produit\/chemise-a-bretelles\/","title":{"rendered":"Chemise avec cache-\u00e9paule"},"content":{"rendered":"<p><strong>V\u00eatements Made in Italy.<\/strong> Cr\u00e9ez votre <strong>look unique en<\/strong> choisissant <a href=\"https:\/\/lighthouselocarno.ch\/product-category\/abbigliamento\/\"><br \/>\n  <strong>des v\u00eatements haute couture italiens<\/strong><br \/>\n<\/a>. Agr\u00e9mentez votre <strong>tenue<\/strong> d&rsquo;<strong><a href=\"https:\/\/lighthouselocarno.ch\/product-category\/borse-2\/\">accessoires<\/a> et de <a href=\"https:\/\/lighthouselocarno.ch\/product-category\/gioielli\/orecchini\/\">bijoux <\/a>uniques et originaux<\/strong>.<\/p>\n<p>&nbsp;<\/p>\n","protected":false},"excerpt":{"rendered":"<p>Romantique <strong>chemise Elisa Cavaletti couleur ivoire<\/strong> avec <strong>cache-\u00e9paules<\/strong> int\u00e9gr\u00e9 en maille couleur poudre. Col souple.<br \/>\nBoutonnage bijou, finitions en fausse fourrure fine.<\/p>\n<p>100% viscose naturelle.<\/p>\n<p>Fabriqu\u00e9 en Italie.<\/p>\n<p>Lavage en machine \u00e0 30 degr\u00e9s. Programme de lavage d\u00e9licat \u00e0 la main.<\/p>\n","protected":false},"featured_media":113338,"template":"","meta":{"_seopress_robots_primary_cat":"2544","_seopress_titles_title":"","_seopress_titles_desc":"","_seopress_robots_index":""},"product_brand":[],"product_cat":[5856,3780,3756,3766],"product_tag":[6787,5857,5660,5662,5663,5689],"class_list":{"0":"post-128947","1":"product","2":"type-product","3":"status-publish","4":"has-post-thumbnail","6":"product_cat-chemises","7":"product_cat-mode-femme","8":"product_cat-vente","9":"product_cat-vetements","10":"product_tag-chemise-a-manches-longues-pour-femmes","11":"product_tag-chemise-de-tailleur","12":"product_tag-chemise-femme-fr","13":"product_tag-chemise-femme-fr-2","14":"product_tag-damenhemd-fr","15":"product_tag-vetements-eco-durables-fr","17":"first","18":"instock","19":"sale","20":"shipping-taxable","21":"purchasable","22":"product-type-variable"},"jetpack_sharing_enabled":true,"_links":{"self":[{"href":"https:\/\/lighthouselocarno.ch\/fr\/wp-json\/wp\/v2\/product\/128947","targetHints":{"allow":["GET"]}}],"collection":[{"href":"https:\/\/lighthouselocarno.ch\/fr\/wp-json\/wp\/v2\/product"}],"about":[{"href":"https:\/\/lighthouselocarno.ch\/fr\/wp-json\/wp\/v2\/types\/product"}],"wp:featuredmedia":[{"embeddable":true,"href":"https:\/\/lighthouselocarno.ch\/fr\/wp-json\/wp\/v2\/media\/113338"}],"wp:attachment":[{"href":"https:\/\/lighthouselocarno.ch\/fr\/wp-json\/wp\/v2\/media?parent=128947"}],"wp:term":[{"taxonomy":"product_brand","embeddable":true,"href":"https:\/\/lighthouselocarno.ch\/fr\/wp-json\/wp\/v2\/product_brand?post=128947"},{"taxonomy":"product_cat","embeddable":true,"href":"https:\/\/lighthouselocarno.ch\/fr\/wp-json\/wp\/v2\/product_cat?post=128947"},{"taxonomy":"product_tag","embeddable":true,"href":"https:\/\/lighthouselocarno.ch\/fr\/wp-json\/wp\/v2\/product_tag?post=128947"}],"curies":[{"name":"wp","href":"https:\/\/api.w.org\/{rel}","templated":true}]}}