{"id":128969,"date":"2022-11-01T08:03:19","date_gmt":"2022-11-01T08:03:19","guid":{"rendered":"https:\/\/lighthouselocarno.ch\/prodotti\/ailes-decoratives\/"},"modified":"2024-12-16T09:48:34","modified_gmt":"2024-12-16T09:48:34","slug":"ali-decoratif","status":"publish","type":"product","link":"https:\/\/lighthouselocarno.ch\/fr\/produit\/ali-decoratif\/","title":{"rendered":"Ailes d\u00e9coratives"},"content":{"rendered":"<p>D\u00e9di\u00e9 aux amoureux des anges et \u00e0 ceux qui veulent un <strong>accessoire \u00e9l\u00e9gant pour d\u00e9corer leur maison<\/strong>. <strong>Id\u00e9e de cadeau pour No\u00ebl<\/strong> ou pour ceux qui aiment le monde des anges. Une<strong>id\u00e9e de cadeau unique<\/strong> avec une <strong>signification profonde<\/strong>.<\/p>\n","protected":false},"excerpt":{"rendered":"<p>Magnifique <strong>accessoire de d\u00e9coration<\/strong> \u00e0 suspendre pour l&rsquo;int\u00e9rieur et l&rsquo;ext\u00e9rieur. <strong>Ailes d&rsquo;ange d\u00e9coratives<\/strong> en m\u00e9tal blanc avec un c\u0153ur central dor\u00e9. Id\u00e9al pour <strong>d\u00e9corer la maison \u00e0 No\u00ebl<\/strong> ou comme <strong>id\u00e9e de cadeau<\/strong>.<\/p>\n<p>Dimensions 47&Prime;3&Prime;62 cm.<\/p>\n<p>M\u00e9tal ferreux.<\/p>\n","protected":false},"featured_media":112702,"template":"","meta":{"_seopress_robots_primary_cat":"493","_seopress_titles_title":"","_seopress_titles_desc":"","_seopress_robots_index":""},"product_brand":[],"product_cat":[3747,4040,4137],"product_tag":[6829,6835,6826,4143,6824,4629,6833],"class_list":{"0":"post-128969","1":"product","2":"type-product","3":"status-publish","4":"has-post-thumbnail","6":"product_cat-decoration-interieure","7":"product_cat-decorations-fr","8":"product_cat-decorations-de-noel","9":"product_tag-ange-decoratif-fr-2","10":"product_tag-ange-decoratif-fr-3","11":"product_tag-ange-decoratif-fr","12":"product_tag-decoration-de-noel-fr","13":"product_tag-decoration-hivernale","14":"product_tag-decoration-interieure","15":"product_tag-engel-dekorativer","17":"first","18":"outofstock","19":"shipping-taxable","20":"purchasable","21":"product-type-simple"},"jetpack_sharing_enabled":true,"_links":{"self":[{"href":"https:\/\/lighthouselocarno.ch\/fr\/wp-json\/wp\/v2\/product\/128969","targetHints":{"allow":["GET"]}}],"collection":[{"href":"https:\/\/lighthouselocarno.ch\/fr\/wp-json\/wp\/v2\/product"}],"about":[{"href":"https:\/\/lighthouselocarno.ch\/fr\/wp-json\/wp\/v2\/types\/product"}],"wp:featuredmedia":[{"embeddable":true,"href":"https:\/\/lighthouselocarno.ch\/fr\/wp-json\/wp\/v2\/media\/112702"}],"wp:attachment":[{"href":"https:\/\/lighthouselocarno.ch\/fr\/wp-json\/wp\/v2\/media?parent=128969"}],"wp:term":[{"taxonomy":"product_brand","embeddable":true,"href":"https:\/\/lighthouselocarno.ch\/fr\/wp-json\/wp\/v2\/product_brand?post=128969"},{"taxonomy":"product_cat","embeddable":true,"href":"https:\/\/lighthouselocarno.ch\/fr\/wp-json\/wp\/v2\/product_cat?post=128969"},{"taxonomy":"product_tag","embeddable":true,"href":"https:\/\/lighthouselocarno.ch\/fr\/wp-json\/wp\/v2\/product_tag?post=128969"}],"curies":[{"name":"wp","href":"https:\/\/api.w.org\/{rel}","templated":true}]}}