{"id":128979,"date":"2022-11-04T14:55:47","date_gmt":"2022-11-04T14:55:47","guid":{"rendered":"https:\/\/lighthouselocarno.ch\/prodotti\/coussin-decoratif-en-forme-de-coeur\/"},"modified":"2023-06-30T15:05:27","modified_gmt":"2023-06-30T15:05:27","slug":"coussin-decoratif-coeur","status":"publish","type":"product","link":"https:\/\/lighthouselocarno.ch\/fr\/produit\/coussin-decoratif-coeur\/","title":{"rendered":"Coussin d\u00e9coratif en forme de c\u0153ur"},"content":{"rendered":"<p>Les <strong>coussins des meubles<\/strong> ne sont pas des d\u00e9tails \u00e0 n\u00e9gliger lors de l&rsquo;<strong>am\u00e9nagement d&rsquo;une maison<\/strong>. <strong>Assortir les coussins et le canap\u00e9<\/strong> au reste de la pi\u00e8ce peut changer compl\u00e8tement l&rsquo;impact esth\u00e9tique de notre salon. Les couleurs, mais aussi les mat\u00e9riaux, peuvent \u00eatre des <strong>\u00e9l\u00e9ments d&rsquo;ameublement<\/strong> pr\u00e9cieux. Les <strong>coussins doux et compl\u00e9mentaires<\/strong> conf\u00e8rent \u00e9galement \u00e0 la pi\u00e8ce de l&rsquo;\u00e9l\u00e9gance et une touche de romantisme qui l&#8217;embellit et lui conf\u00e8re de la chaleur.<\/p>\n","protected":false},"excerpt":{"rendered":"<p><strong>Coussin d\u00e9coratif<\/strong> en <strong>forme de c\u0153ur<\/strong> en tissu et fausse fourrure. Doux et chaleureux, il donnera \u00e0 vos pi\u00e8ces la chaleur attendue d&rsquo;un <strong>meuble<\/strong> aussi <strong>original<\/strong> que <strong>romantique<\/strong>.<\/p>\n","protected":false},"featured_media":113539,"template":"","meta":{"_seopress_robots_primary_cat":"81","_seopress_titles_title":"","_seopress_titles_desc":"","_seopress_robots_index":""},"product_brand":[],"product_cat":[7129,3747,4040],"product_tag":[6619,6597,6604,6612],"class_list":{"0":"post-128979","1":"product","2":"type-product","3":"status-publish","4":"has-post-thumbnail","6":"product_cat-coussins-deco","7":"product_cat-decoration-interieure","8":"product_cat-decorations-fr","9":"product_tag-coussin-decoratif","10":"product_tag-kissen-dekoratives","11":"product_tag-oreiller-decoratif-fr","12":"product_tag-oreiller-decoratif-fr-2","14":"first","15":"onbackorder","16":"shipping-taxable","17":"purchasable","18":"product-type-variable","19":"has-default-attributes"},"jetpack_sharing_enabled":true,"_links":{"self":[{"href":"https:\/\/lighthouselocarno.ch\/fr\/wp-json\/wp\/v2\/product\/128979","targetHints":{"allow":["GET"]}}],"collection":[{"href":"https:\/\/lighthouselocarno.ch\/fr\/wp-json\/wp\/v2\/product"}],"about":[{"href":"https:\/\/lighthouselocarno.ch\/fr\/wp-json\/wp\/v2\/types\/product"}],"wp:featuredmedia":[{"embeddable":true,"href":"https:\/\/lighthouselocarno.ch\/fr\/wp-json\/wp\/v2\/media\/113539"}],"wp:attachment":[{"href":"https:\/\/lighthouselocarno.ch\/fr\/wp-json\/wp\/v2\/media?parent=128979"}],"wp:term":[{"taxonomy":"product_brand","embeddable":true,"href":"https:\/\/lighthouselocarno.ch\/fr\/wp-json\/wp\/v2\/product_brand?post=128979"},{"taxonomy":"product_cat","embeddable":true,"href":"https:\/\/lighthouselocarno.ch\/fr\/wp-json\/wp\/v2\/product_cat?post=128979"},{"taxonomy":"product_tag","embeddable":true,"href":"https:\/\/lighthouselocarno.ch\/fr\/wp-json\/wp\/v2\/product_tag?post=128979"}],"curies":[{"name":"wp","href":"https:\/\/api.w.org\/{rel}","templated":true}]}}