{"id":128999,"date":"2022-11-05T10:20:45","date_gmt":"2022-11-05T10:20:45","guid":{"rendered":"https:\/\/lighthouselocarno.ch\/prodotti\/bordeaux-pompon-plaid-la-vie-est-belle\/"},"modified":"2023-06-30T05:23:33","modified_gmt":"2023-06-30T05:23:33","slug":"plaid-pompon-bordeaux-life-and-beauty","status":"publish","type":"product","link":"https:\/\/lighthouselocarno.ch\/fr\/produit\/plaid-pompon-bordeaux-life-and-beauty\/","title":{"rendered":"Bordeaux pompon plaid La vie est belle"},"content":{"rendered":"<p><strong>Ce plaid est personnalisable<\/strong>, discutez avec notre conseiller en image et en d\u00e9coration d&rsquo;int\u00e9rieur et d\u00e9couvrez toutes les broderies et personnalisations que nous pouvons r\u00e9aliser.<\/p>\n","protected":false},"excerpt":{"rendered":"<p><strong>Plaid<\/strong> doux et chaud d\u00e9cor\u00e9 d&rsquo;un pompon brod\u00e9 de l&rsquo;inscription \u00abLife is Beautiful !\u00bb.<\/p>\n<p>Dimensions 130 x 170<\/p>\n<p>Lavable en machine \u00e0 30 degr\u00e9s<\/p>\n<p>&nbsp;<\/p>\n","protected":false},"featured_media":112966,"template":"","meta":{"_seopress_robots_primary_cat":"","_seopress_titles_title":"","_seopress_titles_desc":"","_seopress_robots_index":""},"product_brand":[],"product_cat":[6026,3747,5969],"product_tag":[6856,6853,6854,6855,6029],"class_list":{"0":"post-128999","1":"product","2":"type-product","3":"status-publish","4":"has-post-thumbnail","6":"product_cat-couvertures","7":"product_cat-decoration-interieure","8":"product_cat-le-lit","9":"product_tag-couverture-fr-3","10":"product_tag-couverture-fr","11":"product_tag-couverture-fr-2","12":"product_tag-decke-fr","13":"product_tag-ecossais","15":"first","16":"instock","17":"shipping-taxable","18":"purchasable","19":"product-type-simple"},"jetpack_sharing_enabled":true,"_links":{"self":[{"href":"https:\/\/lighthouselocarno.ch\/fr\/wp-json\/wp\/v2\/product\/128999","targetHints":{"allow":["GET"]}}],"collection":[{"href":"https:\/\/lighthouselocarno.ch\/fr\/wp-json\/wp\/v2\/product"}],"about":[{"href":"https:\/\/lighthouselocarno.ch\/fr\/wp-json\/wp\/v2\/types\/product"}],"wp:featuredmedia":[{"embeddable":true,"href":"https:\/\/lighthouselocarno.ch\/fr\/wp-json\/wp\/v2\/media\/112966"}],"wp:attachment":[{"href":"https:\/\/lighthouselocarno.ch\/fr\/wp-json\/wp\/v2\/media?parent=128999"}],"wp:term":[{"taxonomy":"product_brand","embeddable":true,"href":"https:\/\/lighthouselocarno.ch\/fr\/wp-json\/wp\/v2\/product_brand?post=128999"},{"taxonomy":"product_cat","embeddable":true,"href":"https:\/\/lighthouselocarno.ch\/fr\/wp-json\/wp\/v2\/product_cat?post=128999"},{"taxonomy":"product_tag","embeddable":true,"href":"https:\/\/lighthouselocarno.ch\/fr\/wp-json\/wp\/v2\/product_tag?post=128999"}],"curies":[{"name":"wp","href":"https:\/\/api.w.org\/{rel}","templated":true}]}}