{"id":129009,"date":"2022-05-07T18:34:55","date_gmt":"2022-05-07T18:34:55","guid":{"rendered":"https:\/\/lighthouselocarno.ch\/prodotti\/tapis-rectangulaire-avec-dentelle-poema\/"},"modified":"2025-05-23T13:24:08","modified_gmt":"2025-05-23T13:24:08","slug":"tapis-rectangulaire-avec-lace-poeme","status":"publish","type":"product","link":"https:\/\/lighthouselocarno.ch\/fr\/produit\/tapis-rectangulaire-avec-lace-poeme\/","title":{"rendered":"Tapis de salle de bain 60 x 90 avec dentelle Poema"},"content":{"rendered":"<p>Entretien du produit :<br \/>\nLavable en machine \u00e0 30-40 degr\u00e9s avec un savon doux.<br \/>\nNe pas ajouter d&rsquo;assouplissant.<br \/>\nNe pas blanchir.<br \/>\nTous les v\u00eatements Arte Pura sont teints \u00e0 la main avec des pigments min\u00e9raux naturels.<br \/>\nIl est possible qu&rsquo;ils perdent un peu de leur couleur au cours des premiers lavages, ce qui donne une teinte vintage unique \u00e0 cette marque.<br \/>\nLorsque vous lavez des v\u00eatements avec des couleurs anciennes, je recommande vivement d&rsquo;ajouter 1 kg de sel de mer dans la machine \u00e0 laver pendant les 3 ou 4 premiers lavages afin de bien fixer les couleurs.<br \/>\nTissu : 100% coton.<\/p>\n","protected":false},"excerpt":{"rendered":"<p><span data-sheets-value=\"{\"1\":2,\"2\":\"Tappeto rosa confetto rettangolare in spugna con bordo in misto lino. Decorazione pizzo 'Poema' sui quattro lati. Misure 60X90.\"}\" data-sheets-userformat=\"{\"2\":3011,\"3\":{\"1\":0},\"4\":[null,2,65280],\"9\":1,\"10\":1,\"11\":3,\"12\":0,\"14\":[null,2,0]}\">Tapis rectangulaire en \u00e9ponge avec bordure en lin m\u00e9lang\u00e9.<br \/>\nD\u00e9coration en dentelle de Poema sur les quatre c\u00f4t\u00e9s.<br \/>\nDimensions 60X90.  <\/span><\/p>\n<p>Moquette fabriqu\u00e9e en Italie \u00e0 partir de coton de haute qualit\u00e9 et rendue douce au toucher par des traitements sp\u00e9ciaux qui renforcent l&rsquo;aspect naturel.<br \/>\nEn outre, l&rsquo;utilisation de teintures naturelles et hypoallerg\u00e9niques conf\u00e8re \u00e0 la fibre naturelle \u00e9clat et vivacit\u00e9.<br \/>\nLa durabilit\u00e9 et la facilit\u00e9 d&rsquo;entretien ajoutent un plus \u00e0 votre choix.<br \/>\nId\u00e9al pour embellir votre salle de bains : seul ou associ\u00e9 \u00e0 des serviettes coordonn\u00e9es, pour cr\u00e9er des combinaisons originales \u00e0 chaque fois.<br \/>\nVeuillez consulter la section \u00abEntretien du produit\u00bb pour conna\u00eetre les instructions de lavage.<\/p>\n","protected":false},"featured_media":109519,"template":"","meta":{"_seopress_robots_primary_cat":"none","_seopress_titles_title":"","_seopress_titles_desc":"","_seopress_robots_index":""},"product_brand":[8562],"product_cat":[3747,3883,6134,6135],"product_tag":[5983,6174,4823,6137,5847],"class_list":{"0":"post-129009","1":"product","2":"type-product","3":"status-publish","4":"has-post-thumbnail","6":"product_brand-arte-pura","7":"product_cat-decoration-interieure","8":"product_cat-salle-de-bains","9":"product_cat-tapis","10":"product_cat-tapis-de-salle-de-bains","11":"product_tag-chambre-a-coucher","12":"product_tag-pizzo-poema-fr","13":"product_tag-salle-de-bains","14":"product_tag-tapis","15":"product_tag-vagues","16":"pa_colore-pivoine-vieille-417","17":"pa_colore-vita-old-433-fr","18":"pa_tema-vagues","20":"first","21":"instock","22":"shipping-taxable","23":"purchasable","24":"product-type-variable","25":"has-default-attributes"},"jetpack_sharing_enabled":true,"_links":{"self":[{"href":"https:\/\/lighthouselocarno.ch\/fr\/wp-json\/wp\/v2\/product\/129009","targetHints":{"allow":["GET"]}}],"collection":[{"href":"https:\/\/lighthouselocarno.ch\/fr\/wp-json\/wp\/v2\/product"}],"about":[{"href":"https:\/\/lighthouselocarno.ch\/fr\/wp-json\/wp\/v2\/types\/product"}],"wp:featuredmedia":[{"embeddable":true,"href":"https:\/\/lighthouselocarno.ch\/fr\/wp-json\/wp\/v2\/media\/109519"}],"wp:attachment":[{"href":"https:\/\/lighthouselocarno.ch\/fr\/wp-json\/wp\/v2\/media?parent=129009"}],"wp:term":[{"taxonomy":"product_brand","embeddable":true,"href":"https:\/\/lighthouselocarno.ch\/fr\/wp-json\/wp\/v2\/product_brand?post=129009"},{"taxonomy":"product_cat","embeddable":true,"href":"https:\/\/lighthouselocarno.ch\/fr\/wp-json\/wp\/v2\/product_cat?post=129009"},{"taxonomy":"product_tag","embeddable":true,"href":"https:\/\/lighthouselocarno.ch\/fr\/wp-json\/wp\/v2\/product_tag?post=129009"}],"curies":[{"name":"wp","href":"https:\/\/api.w.org\/{rel}","templated":true}]}}