{"id":129018,"date":"2022-05-07T18:31:45","date_gmt":"2022-05-07T18:31:45","guid":{"rendered":"https:\/\/lighthouselocarno.ch\/prodotti\/taie-doreiller-decorative-avec-dentelle-poema\/"},"modified":"2025-05-23T13:24:08","modified_gmt":"2025-05-23T13:24:08","slug":"taie-doreiller-decoration-avec-poeme","status":"publish","type":"product","link":"https:\/\/lighthouselocarno.ch\/fr\/produit\/taie-doreiller-decoration-avec-poeme\/","title":{"rendered":"Taie d&rsquo;oreiller d\u00e9corative avec dentelle Poema"},"content":{"rendered":"<p>Entretien du produit :<\/p>\n<p>Lavable en machine \u00e0 30-40 degr\u00e9s avec un savon doux. Ne pas ajouter d&rsquo;adoucisseur. Ne pas blanchir.<br \/>\nTous les v\u00eatements Arte Pura sont teints \u00e0 la main avec des pigments min\u00e9raux naturels.<br \/>\nIl est possible qu&rsquo;ils perdent un peu de leur couleur lors des premiers lavages, ce qui donne une teinte vintage propre \u00e0 cette marque.<br \/>\nLorsque vous lavez des v\u00eatements aux couleurs anciennes, je vous recommande vivement d&rsquo;ajouter 1 kg de sel de mer dans la machine \u00e0 laver pendant les 3 \u00e0 4 premiers lavages afin de bien fixer les couleurs.<\/p>\n<p>Tissu : 100% lobe.<\/p>\n","protected":false},"excerpt":{"rendered":"<p><span data-sheets-value=\"{\"1\":2,\"2\":\"Federa decoro rosa confetto in lino con pizzo \"Poema\". Profilo con piping. Misure 40x60 cm. \"}\" data-sheets-userformat=\"{\"2\":967,\"3\":{\"1\":0},\"4\":[null,2,65280],\"5\":{\"1\":[{\"1\":2,\"2\":0,\"5\":[null,2,0]},{\"1\":0,\"2\":0,\"3\":3},{\"1\":1,\"2\":0,\"4\":2}]},\"9\":1,\"10\":1,\"11\":3,\"12\":0}\">Taie d&rsquo;oreiller d\u00e9corative en lin avec dentelle Poema. Profil\u00e9 avec tuyauterie. Taille 40&#215;60 cm.<\/span><\/p>\n<p>Taie d&rsquo;oreiller fabriqu\u00e9e en Italie, compos\u00e9e \u00e0 100 % de lin de haute qualit\u00e9 et rendue douce au toucher par des traitements sp\u00e9ciaux qui renforcent l&rsquo;aspect naturel.<\/p>\n<p>Ce tissu est id\u00e9al pour le lit car il est hypoallerg\u00e9nique et antibact\u00e9rien. De plus, l&rsquo;utilisation de teintures naturelles et non allerg\u00e8nes conf\u00e8re \u00e0 la fibre naturelle de l&rsquo;\u00e9clat et de la vivacit\u00e9.<\/p>\n<p>La longue dur\u00e9e de vie et la facilit\u00e9 d&rsquo;entretien ajoutent \u00e0 votre choix.<\/p>\n<p>Id\u00e9al pour embellir votre literie : seul ou associ\u00e9 \u00e0 un couvre-lit et un drap, pour cr\u00e9er \u00e0 chaque fois des combinaisons originales.<\/p>\n<p>Veuillez vous r\u00e9f\u00e9rer \u00e0 la section \u00abEntretien du produit\u00bb pour toutes les instructions de lavage.<\/p>\n","protected":false},"featured_media":109405,"template":"","meta":{"_seopress_robots_primary_cat":"","_seopress_titles_title":"","_seopress_titles_desc":"","_seopress_robots_index":""},"product_brand":[8562],"product_cat":[3747,5970,5969],"product_tag":[5983,5972,5993,6174,5986,5846,5847],"class_list":{"0":"post-129018","1":"product","2":"type-product","3":"status-publish","4":"has-post-thumbnail","6":"product_brand-arte-pura","7":"product_cat-decoration-interieure","8":"product_cat-housses-de-coussin","9":"product_cat-le-lit","10":"product_tag-chambre-a-coucher","11":"product_tag-linge-de-lit","12":"product_tag-lit-fr","13":"product_tag-pizzo-poema-fr","14":"product_tag-taies-doreiller-fr","15":"product_tag-un-choix-naturel","16":"product_tag-vagues","17":"pa_colore-pivoine-vieille-417","18":"pa_colore-vita-old-433-fr","19":"pa_tema-vagues","21":"first","22":"instock","23":"shipping-taxable","24":"purchasable","25":"product-type-variable","26":"has-default-attributes"},"jetpack_sharing_enabled":true,"_links":{"self":[{"href":"https:\/\/lighthouselocarno.ch\/fr\/wp-json\/wp\/v2\/product\/129018","targetHints":{"allow":["GET"]}}],"collection":[{"href":"https:\/\/lighthouselocarno.ch\/fr\/wp-json\/wp\/v2\/product"}],"about":[{"href":"https:\/\/lighthouselocarno.ch\/fr\/wp-json\/wp\/v2\/types\/product"}],"wp:featuredmedia":[{"embeddable":true,"href":"https:\/\/lighthouselocarno.ch\/fr\/wp-json\/wp\/v2\/media\/109405"}],"wp:attachment":[{"href":"https:\/\/lighthouselocarno.ch\/fr\/wp-json\/wp\/v2\/media?parent=129018"}],"wp:term":[{"taxonomy":"product_brand","embeddable":true,"href":"https:\/\/lighthouselocarno.ch\/fr\/wp-json\/wp\/v2\/product_brand?post=129018"},{"taxonomy":"product_cat","embeddable":true,"href":"https:\/\/lighthouselocarno.ch\/fr\/wp-json\/wp\/v2\/product_cat?post=129018"},{"taxonomy":"product_tag","embeddable":true,"href":"https:\/\/lighthouselocarno.ch\/fr\/wp-json\/wp\/v2\/product_tag?post=129018"}],"curies":[{"name":"wp","href":"https:\/\/api.w.org\/{rel}","templated":true}]}}