{"id":129253,"date":"2022-05-07T18:41:37","date_gmt":"2022-05-07T18:41:37","guid":{"rendered":"https:\/\/lighthouselocarno.ch\/prodotti\/decoration-en-forme-de-petit-coeur-avec-des-cristaux\/"},"modified":"2023-08-18T19:46:51","modified_gmt":"2023-08-18T19:46:51","slug":"coeur-decoration-petit-avec-cristaux-2","status":"publish","type":"product","link":"https:\/\/lighthouselocarno.ch\/fr\/produit\/coeur-decoration-petit-avec-cristaux-2\/","title":{"rendered":"D\u00e9coration en forme de petit c\u0153ur avec des cristaux"},"content":{"rendered":"<p>Entretien du produit :<\/p>\n<p>Lavable en machine \u00e0 30-40 degr\u00e9s avec un savon doux. Ne pas ajouter d&rsquo;adoucisseur. Ne pas blanchir.<br \/>\nTous les v\u00eatements Arte Pura sont teints \u00e0 la main avec des pigments min\u00e9raux naturels.<br \/>\nIl est possible qu&rsquo;ils perdent un peu de leur couleur lors des premiers lavages, ce qui donne une teinte vintage propre \u00e0 cette marque.<br \/>\nLorsque vous lavez des v\u00eatements aux couleurs anciennes, je vous recommande vivement d&rsquo;ajouter 1 kg de sel de mer dans la machine \u00e0 laver pendant les 3 \u00e0 4 premiers lavages afin de bien fixer les couleurs.<\/p>\n<p>Tissu : 100% coton et cristaux Swarovski.<\/p>\n","protected":false},"excerpt":{"rendered":"<p><span data-sheets-value=\"{\"1\":2,\"2\":\"CUORE PICCOLO BIANCO NATURALE CON PIPING NEL SUO TESSUTO PER APPENDERLO, DECORATO CON STRASS COLOR AURORA BOREALE E CRISTALLI FORMARE UN CUORE SU TESSUTO EFFETTO PIQUET. PARTE POSTERIORE CON TESSUTO EFFETTO PELLE\"}\" data-sheets-userformat=\"{\"2\":963,\"3\":{\"1\":0},\"4\":{\"1\":2,\"2\":16711680},\"9\":1,\"10\":1,\"11\":4,\"12\":0}\">Petite d\u00e9coration en forme de c\u0153ur blanc naturel en tissu effet piqu\u00e9 avec cristaux et n\u0153ud en m\u00eame tissu, orn\u00e9 de motifs en strass de couleur argent\u00e9e en forme de c\u0153ur.<\/span><\/p>\n<p>Dimensions approx. 19&#215;19 cm<\/p>\n","protected":false},"featured_media":109756,"template":"","meta":{"_seopress_robots_primary_cat":"","_seopress_titles_title":"","_seopress_titles_desc":"","_seopress_robots_index":""},"product_brand":[],"product_cat":[6122,7198,3747],"product_tag":[6132,6865,6871,6874],"class_list":{"0":"post-129253","1":"product","2":"type-product","3":"status-publish","4":"has-post-thumbnail","6":"product_cat-accessoires","7":"product_cat-deco","8":"product_cat-decoration-interieure","9":"product_tag-accessoires-decoratifs","10":"product_tag-creations","11":"product_tag-inlove-fr","12":"product_tag-le-coeur","14":"first","15":"instock","16":"shipping-taxable","17":"purchasable","18":"product-type-simple"},"jetpack_sharing_enabled":true,"_links":{"self":[{"href":"https:\/\/lighthouselocarno.ch\/fr\/wp-json\/wp\/v2\/product\/129253","targetHints":{"allow":["GET"]}}],"collection":[{"href":"https:\/\/lighthouselocarno.ch\/fr\/wp-json\/wp\/v2\/product"}],"about":[{"href":"https:\/\/lighthouselocarno.ch\/fr\/wp-json\/wp\/v2\/types\/product"}],"wp:featuredmedia":[{"embeddable":true,"href":"https:\/\/lighthouselocarno.ch\/fr\/wp-json\/wp\/v2\/media\/109756"}],"wp:attachment":[{"href":"https:\/\/lighthouselocarno.ch\/fr\/wp-json\/wp\/v2\/media?parent=129253"}],"wp:term":[{"taxonomy":"product_brand","embeddable":true,"href":"https:\/\/lighthouselocarno.ch\/fr\/wp-json\/wp\/v2\/product_brand?post=129253"},{"taxonomy":"product_cat","embeddable":true,"href":"https:\/\/lighthouselocarno.ch\/fr\/wp-json\/wp\/v2\/product_cat?post=129253"},{"taxonomy":"product_tag","embeddable":true,"href":"https:\/\/lighthouselocarno.ch\/fr\/wp-json\/wp\/v2\/product_tag?post=129253"}],"curies":[{"name":"wp","href":"https:\/\/api.w.org\/{rel}","templated":true}]}}