{"id":129290,"date":"2022-05-07T18:41:37","date_gmt":"2022-05-07T18:41:37","guid":{"rendered":"https:\/\/lighthouselocarno.ch\/prodotti\/tapis-eponge-avec-coeur\/"},"modified":"2025-05-23T13:24:08","modified_gmt":"2025-05-23T13:24:08","slug":"terry-carpet-with-heart","status":"publish","type":"product","link":"https:\/\/lighthouselocarno.ch\/fr\/produit\/terry-carpet-with-heart\/","title":{"rendered":"70 x 50 tapis de bain \u00e9ponge avec coeur"},"content":{"rendered":"<p>Entretien du produit :<br \/>\nLavable en machine \u00e0 30-40 degr\u00e9s avec un savon doux.<br \/>\nNe pas ajouter d&rsquo;assouplissant.<br \/>\nNe pas blanchir.<br \/>\nTous les v\u00eatements Arte Pura sont teints \u00e0 la main avec des pigments min\u00e9raux naturels.<br \/>\nIl est possible qu&rsquo;ils perdent un peu de leur couleur au cours des premiers lavages, ce qui leur donne une teinte vintage unique \u00e0 cette marque.<br \/>\nLorsque vous lavez des v\u00eatements avec des couleurs anciennes, je vous recommande vivement d&rsquo;ajouter 1 kg de sel de mer dans la machine \u00e0 laver pendant les 3 ou 4 premiers lavages afin de bien fixer les couleurs.<br \/>\nTissu : 100% coton.<\/p>\n","protected":false},"excerpt":{"rendered":"<p><span data-sheets-value=\"{\"1\":2,\"2\":\"Tappeto rettangolare color bianco naturale 70x50 in spugna con decorazione imbottita a forma di cuore. Etichetta logo in tessuto.\"}\" data-sheets-userformat=\"{\"2\":963,\"3\":{\"1\":0},\"4\":{\"1\":2,\"2\":65280},\"9\":1,\"10\":1,\"11\":4,\"12\":0}\">Tapis \u00e9ponge rectangulaire 70&#215;50 blanc naturel avec d\u00e9coration rembourr\u00e9e en forme de coeur.<br \/>\nEtiquette logo en tissu. <\/span><\/p>\n<p>Moquette fabriqu\u00e9e en Italie \u00e0 partir de coton de haute qualit\u00e9 et rendue douce au toucher par des traitements sp\u00e9ciaux qui renforcent l&rsquo;aspect naturel.<br \/>\nEn outre, l&rsquo;utilisation de teintures naturelles et hypoallerg\u00e9niques conf\u00e8re \u00e0 la fibre naturelle \u00e9clat et vivacit\u00e9.<br \/>\nLa durabilit\u00e9 et la facilit\u00e9 d&rsquo;entretien ajoutent un plus \u00e0 votre choix.<br \/>\nId\u00e9al pour embellir votre salle de bains : seul ou associ\u00e9 \u00e0 des serviettes coordonn\u00e9es, pour cr\u00e9er des combinaisons originales \u00e0 chaque fois.<br \/>\nVeuillez consulter la section \u00abEntretien du produit\u00bb pour conna\u00eetre les instructions de lavage.<\/p>\n","protected":false},"featured_media":109834,"template":"","meta":{"_seopress_robots_primary_cat":"none","_seopress_titles_title":"","_seopress_titles_desc":"","_seopress_robots_index":""},"product_brand":[8562],"product_cat":[6122,3747,3883,6134,6135],"product_tag":[5983,8316,5245,4823,7952,7971,8327,6137,8317,8318,8315,5065,8328],"class_list":{"0":"post-129290","1":"product","2":"type-product","3":"status-publish","4":"has-post-thumbnail","6":"product_brand-arte-pura","7":"product_cat-accessoires","8":"product_cat-decoration-interieure","9":"product_cat-salle-de-bains","10":"product_cat-tapis","11":"product_cat-tapis-de-salle-de-bains","12":"product_tag-chambre-a-coucher","13":"product_tag-duschmatte-fr","14":"product_tag-eponge-fr","15":"product_tag-salle-de-bains","16":"product_tag-tapis-fr","17":"product_tag-tapis-fr-3","18":"product_tag-tapis-fr-4","19":"product_tag-tapis","20":"product_tag-tapis-de-douche-fr-2","21":"product_tag-tapis-de-douche-fr-3","22":"product_tag-tapis-de-douche-fr","23":"product_tag-tapis-de-salle-de-bains","24":"product_tag-teppich-fr","25":"pa_tema-inlove-fr","27":"first","28":"instock","29":"shipping-taxable","30":"purchasable","31":"product-type-simple"},"jetpack_sharing_enabled":true,"_links":{"self":[{"href":"https:\/\/lighthouselocarno.ch\/fr\/wp-json\/wp\/v2\/product\/129290","targetHints":{"allow":["GET"]}}],"collection":[{"href":"https:\/\/lighthouselocarno.ch\/fr\/wp-json\/wp\/v2\/product"}],"about":[{"href":"https:\/\/lighthouselocarno.ch\/fr\/wp-json\/wp\/v2\/types\/product"}],"wp:featuredmedia":[{"embeddable":true,"href":"https:\/\/lighthouselocarno.ch\/fr\/wp-json\/wp\/v2\/media\/109834"}],"wp:attachment":[{"href":"https:\/\/lighthouselocarno.ch\/fr\/wp-json\/wp\/v2\/media?parent=129290"}],"wp:term":[{"taxonomy":"product_brand","embeddable":true,"href":"https:\/\/lighthouselocarno.ch\/fr\/wp-json\/wp\/v2\/product_brand?post=129290"},{"taxonomy":"product_cat","embeddable":true,"href":"https:\/\/lighthouselocarno.ch\/fr\/wp-json\/wp\/v2\/product_cat?post=129290"},{"taxonomy":"product_tag","embeddable":true,"href":"https:\/\/lighthouselocarno.ch\/fr\/wp-json\/wp\/v2\/product_tag?post=129290"}],"curies":[{"name":"wp","href":"https:\/\/api.w.org\/{rel}","templated":true}]}}