{"id":129293,"date":"2022-05-07T18:42:02","date_gmt":"2022-05-07T18:42:02","guid":{"rendered":"https:\/\/lighthouselocarno.ch\/prodotti\/gant-de-cuisine-decore-dun-motif-effet-dentelle\/"},"modified":"2025-05-23T13:24:08","modified_gmt":"2025-05-23T13:24:08","slug":"gants-de-cuisine-decores-avec-motif-de-lace","status":"publish","type":"product","link":"https:\/\/lighthouselocarno.ch\/fr\/produit\/gants-de-cuisine-decores-avec-motif-de-lace\/","title":{"rendered":"Gant de cuisine d\u00e9cor\u00e9 d&rsquo;un motif effet dentelle"},"content":{"rendered":"<p>Entretien du produit :<\/p>\n<p>Lavable en machine \u00e0 30-40 degr\u00e9s avec un savon doux. Ne pas ajouter d&rsquo;adoucisseur. Ne pas blanchir.<br \/>\nTous les v\u00eatements Arte Pura sont teints \u00e0 la main avec des pigments min\u00e9raux naturels.<br \/>\nIl est possible qu&rsquo;ils perdent un peu de leur couleur lors des premiers lavages, ce qui donne une teinte vintage propre \u00e0 cette marque.<br \/>\nLorsque vous lavez des v\u00eatements aux couleurs anciennes, je vous recommande vivement d&rsquo;ajouter 1 kg de sel de mer dans la machine \u00e0 laver pendant les 3 \u00e0 4 premiers lavages afin de bien fixer les couleurs.<\/p>\n<p>Tissu : 100% coton et cristaux Swarovski<\/p>\n","protected":false},"excerpt":{"rendered":"<p><span data-sheets-value=\"{\"1\":2,\"2\":\"Guanto da cucina color bianco naturale in tessuto piquet con vela sul fondo per poterlo appendere, decorato con motivo effetto pizzo di strass color aurora boreale e bianchi. Logo sulla parte posteriore con mezze perle.\"}\" data-sheets-userformat=\"{\"2\":963,\"3\":{\"1\":0},\"4\":{\"1\":2,\"2\":65280},\"9\":1,\"10\":1,\"11\":4,\"12\":0}\">Gant de cuisine blanc naturel en tissu piqu\u00e9 avec une voile au bas pour le suspendre, d\u00e9cor\u00e9 d&rsquo;un motif d&rsquo;aurore bor\u00e9ale \u00e0 effet de dentelle et de strass blancs. Logo au dos avec demi-perles.<\/span><\/p>\n<p>Gant de cuisine fabriqu\u00e9 en Italie \u00e0 l&rsquo;aide de colorants naturels et hypoallerg\u00e9niques.<\/p>\n<p>La longue dur\u00e9e de vie et la facilit\u00e9 d&rsquo;entretien ajoutent \u00e0 votre choix.<\/p>\n<p>Veuillez vous r\u00e9f\u00e9rer \u00e0 la section \u00abEntretien du produit\u00bb pour toutes les instructions de lavage.<\/p>\n","protected":false},"featured_media":109846,"template":"","meta":{"_seopress_robots_primary_cat":"","_seopress_titles_title":"","_seopress_titles_desc":"","_seopress_robots_index":""},"product_brand":[8562],"product_cat":[6122,3958,3747],"product_tag":[6877,6880,6881,6871],"class_list":{"0":"post-129293","1":"product","2":"type-product","3":"status-publish","4":"has-post-thumbnail","6":"product_brand-arte-pura","7":"product_cat-accessoires","8":"product_cat-cuisine","9":"product_cat-decoration-interieure","10":"product_tag-accessoires-de-cuisine-fr","11":"product_tag-cuisine","12":"product_tag-gant","13":"product_tag-inlove-fr","14":"pa_tema-inlove-fr","16":"first","17":"instock","18":"shipping-taxable","19":"purchasable","20":"product-type-simple"},"jetpack_sharing_enabled":true,"_links":{"self":[{"href":"https:\/\/lighthouselocarno.ch\/fr\/wp-json\/wp\/v2\/product\/129293","targetHints":{"allow":["GET"]}}],"collection":[{"href":"https:\/\/lighthouselocarno.ch\/fr\/wp-json\/wp\/v2\/product"}],"about":[{"href":"https:\/\/lighthouselocarno.ch\/fr\/wp-json\/wp\/v2\/types\/product"}],"wp:featuredmedia":[{"embeddable":true,"href":"https:\/\/lighthouselocarno.ch\/fr\/wp-json\/wp\/v2\/media\/109846"}],"wp:attachment":[{"href":"https:\/\/lighthouselocarno.ch\/fr\/wp-json\/wp\/v2\/media?parent=129293"}],"wp:term":[{"taxonomy":"product_brand","embeddable":true,"href":"https:\/\/lighthouselocarno.ch\/fr\/wp-json\/wp\/v2\/product_brand?post=129293"},{"taxonomy":"product_cat","embeddable":true,"href":"https:\/\/lighthouselocarno.ch\/fr\/wp-json\/wp\/v2\/product_cat?post=129293"},{"taxonomy":"product_tag","embeddable":true,"href":"https:\/\/lighthouselocarno.ch\/fr\/wp-json\/wp\/v2\/product_tag?post=129293"}],"curies":[{"name":"wp","href":"https:\/\/api.w.org\/{rel}","templated":true}]}}