{"id":129360,"date":"2024-07-13T18:36:32","date_gmt":"2024-07-13T18:36:32","guid":{"rendered":"https:\/\/lighthouselocarno.ch\/prodotti\/serviette-de-bain-en-lin-epais-avec-dentelle-poema\/"},"modified":"2025-05-23T12:52:24","modified_gmt":"2025-05-23T12:52:24","slug":"serviette-en-lin-epais-avec-dentelle-poetique","status":"publish","type":"product","link":"https:\/\/lighthouselocarno.ch\/fr\/produit\/serviette-en-lin-epais-avec-dentelle-poetique\/","title":{"rendered":"Serviette de bain en lin \u00e9pais avec dentelle Poema - El\u00e9gance et qualit\u00e9 artisanale"},"content":{"rendered":"<p>D\u00e9couvrez le luxe de la <strong>serviette de bain en lin \u00e9pais avec<\/strong> dentelle <strong>Poema<\/strong>, un produit exclusif fabriqu\u00e9 \u00e0 partir de <strong>lin 100 % naturel<\/strong> et enrichi d&rsquo;une fine dentelle. Cette serviette, qui fait partie de la ligne <strong>Arte Pura<\/strong>, se distingue par son caract\u00e8re artisanal et sa qualit\u00e9 in\u00e9gal\u00e9e. <\/p>\n<ul>\n<li><strong>Mat\u00e9riau<\/strong>: Enti\u00e8rement fabriqu\u00e9 en lin naturel, id\u00e9al pour la peau gr\u00e2ce \u00e0 ses propri\u00e9t\u00e9s hypoallerg\u00e9niques et hautement absorbantes.<\/li>\n<li><strong>Finitions soign\u00e9es<\/strong>: la dentelle Poema apporte une touche d&rsquo;\u00e9l\u00e9gance intemporelle.<\/li>\n<li><strong>Teinture unique<\/strong>: teint \u00e0 la main avec des pigments min\u00e9raux naturels, chaque v\u00eatement acquiert une teinte vintage unique.<\/li>\n<\/ul>\n<p><strong>Entretien du produit<\/strong>:<\/p>\n<ul>\n<li>Lavable en machine \u00e0 30-40\u00b0C avec un savon doux.<\/li>\n<li>\u00c9vitez les assouplissants et les agents de blanchiment pour pr\u00e9server la qualit\u00e9 du tissu.<\/li>\n<li>Pour les 3-4 premiers lavages, ajoutez 1 kg de sel de mer pour fixer les couleurs, en particulier pour les teintes \u00abanciennes\u00bb.<\/li>\n<li>Les v\u00eatements Arte Pura sont con\u00e7us pour durer et se transforment en pi\u00e8ces de plus en plus uniques au fil du temps.<\/li>\n<\/ul>\n<p>Apportez un \u00e9l\u00e9ment de <strong>style, d&rsquo;\u00e9l\u00e9gance et de durabilit\u00e9<\/strong> dans votre maison avec la serviette de bain en lin \u00e9pais Poema avec dentelle. C&rsquo;est aussi une id\u00e9e de cadeau parfaite pour ceux qui appr\u00e9cient la qualit\u00e9 de l&rsquo;artisanat et le design sophistiqu\u00e9. <\/p>\n","protected":false},"excerpt":{"rendered":"<p>Serviette de bain en lin \u00e9pais avec <strong>dentelle Poema<\/strong> raffin\u00e9e, id\u00e9ale pour ajouter une touche d&rsquo;\u00e9l\u00e9gance \u00e0 votre salle de bain. Fabriqu\u00e9e en <strong>lin 100% naturel<\/strong>, elle est teint\u00e9e \u00e0 la main avec des pigments min\u00e9raux pour un style unique et vintage. <\/p>\n<h3><\/h3>\n","protected":false},"featured_media":109576,"template":"","meta":{"_seopress_robots_primary_cat":"none","_seopress_titles_title":"Serviette de bain en lin \u00e9pais avec dentelle et broderie","_seopress_titles_desc":"Serviette de bain en lin fin avec broderie et dentelle. Fabriqu\u00e9 en Italie. Mat\u00e9riaux et tissus respectueux de l'environnement.","_seopress_robots_index":""},"product_brand":[8562],"product_cat":[3747,3883,6039],"product_tag":[6040,3972,6174,4823,4934,6118,5846,5847],"class_list":{"0":"post-129360","1":"product","2":"type-product","3":"status-publish","4":"has-post-thumbnail","6":"product_brand-arte-pura","7":"product_cat-decoration-interieure","8":"product_cat-salle-de-bains","9":"product_cat-serviettes-fr","10":"product_tag-linge-de-toilette","11":"product_tag-lino-fr","12":"product_tag-pizzo-poema-fr","13":"product_tag-salle-de-bains","14":"product_tag-serviettes","15":"product_tag-serviettes-de-bain-fr","16":"product_tag-un-choix-naturel","17":"product_tag-vagues","18":"pa_colore-ange-vieux-401","19":"pa_colore-baltique-ancien-428","20":"pa_colore-beurre-ancien-047","21":"pa_colore-blanc-019","22":"pa_colore-bonbon-vieux-429","23":"pa_colore-convivio-438-fr","24":"pa_colore-craie-ancienne-044","25":"pa_colore-douceur-de-lancienne-434","26":"pa_colore-essenza-old-409-fr","27":"pa_colore-evenement-ancien-436","28":"pa_colore-granit-ancien-427","29":"pa_colore-ladorable-vieille-437","30":"pa_colore-lac-old-440","31":"pa_colore-lava-old-037-fr","32":"pa_colore-luxe-vieux-432","33":"pa_colore-malte-ancienne-414","34":"pa_colore-mineral-old-410-fr","35":"pa_colore-noir-021","36":"pa_colore-pierre-vieille-425","37":"pa_colore-pivoine-vieille-417","38":"pa_colore-poudre-ancienne-043","39":"pa_colore-retro-900-fr","40":"pa_colore-roma-old-435-fr","41":"pa_colore-souffle-vieux-415","42":"pa_colore-vieille-argile-048","43":"pa_colore-vieille-pensee-441","44":"pa_colore-vita-old-433-fr","45":"pa_tema-vagues","47":"first","48":"instock","49":"shipping-taxable","50":"purchasable","51":"product-type-variable","52":"has-default-attributes"},"jetpack_sharing_enabled":true,"_links":{"self":[{"href":"https:\/\/lighthouselocarno.ch\/fr\/wp-json\/wp\/v2\/product\/129360","targetHints":{"allow":["GET"]}}],"collection":[{"href":"https:\/\/lighthouselocarno.ch\/fr\/wp-json\/wp\/v2\/product"}],"about":[{"href":"https:\/\/lighthouselocarno.ch\/fr\/wp-json\/wp\/v2\/types\/product"}],"wp:featuredmedia":[{"embeddable":true,"href":"https:\/\/lighthouselocarno.ch\/fr\/wp-json\/wp\/v2\/media\/109576"}],"wp:attachment":[{"href":"https:\/\/lighthouselocarno.ch\/fr\/wp-json\/wp\/v2\/media?parent=129360"}],"wp:term":[{"taxonomy":"product_brand","embeddable":true,"href":"https:\/\/lighthouselocarno.ch\/fr\/wp-json\/wp\/v2\/product_brand?post=129360"},{"taxonomy":"product_cat","embeddable":true,"href":"https:\/\/lighthouselocarno.ch\/fr\/wp-json\/wp\/v2\/product_cat?post=129360"},{"taxonomy":"product_tag","embeddable":true,"href":"https:\/\/lighthouselocarno.ch\/fr\/wp-json\/wp\/v2\/product_tag?post=129360"}],"curies":[{"name":"wp","href":"https:\/\/api.w.org\/{rel}","templated":true}]}}