{"id":129569,"date":"2022-05-07T18:42:48","date_gmt":"2022-05-07T18:42:48","guid":{"rendered":"https:\/\/lighthouselocarno.ch\/prodotti\/doublure-du-coussin-en-micromaize\/"},"modified":"2025-05-23T13:21:29","modified_gmt":"2025-05-23T13:21:29","slug":"interieur-pour-coussin-en-micromais","status":"publish","type":"product","link":"https:\/\/lighthouselocarno.ch\/fr\/produit\/interieur-pour-coussin-en-micromais\/","title":{"rendered":"Doublure du coussin en micromaize"},"content":{"rendered":"<p><span>Oreiller avec garniture en fibres de ma\u00efs 100% naturelles et doublure en coton. La fibre de ma\u00efs poss\u00e8de d&rsquo;excellentes propri\u00e9t\u00e9s d&rsquo;isolation thermique, est tr\u00e8s respirante et est \u00e9galement hypoallerg\u00e9nique. Taille 50&#215;80<\/span><\/p>\n","protected":false},"excerpt":{"rendered":"<p><span>Oreiller avec garniture en fibres de ma\u00efs 100% naturelles et doublure en coton. La fibre de ma\u00efs poss\u00e8de d&rsquo;excellentes propri\u00e9t\u00e9s d&rsquo;isolation thermique, est tr\u00e8s respirante et est \u00e9galement hypoallerg\u00e9nique. Taille 50&#215;80<\/span><\/p>\n","protected":false},"featured_media":109954,"template":"","meta":{"_seopress_robots_primary_cat":"","_seopress_titles_title":"","_seopress_titles_desc":"","_seopress_robots_index":""},"product_brand":[8562],"product_cat":[3747,6889,5969],"product_tag":[6062,5983,6891,6078],"class_list":{"0":"post-129569","1":"product","2":"type-product","3":"status-publish","4":"has-post-thumbnail","6":"product_brand-arte-pura","7":"product_cat-decoration-interieure","8":"product_cat-interieur-des-coussins","9":"product_cat-le-lit","10":"product_tag-accessoires","11":"product_tag-chambre-a-coucher","12":"product_tag-coussins-interieurs","13":"product_tag-salon","15":"first","16":"instock","17":"shipping-taxable","18":"purchasable","19":"product-type-simple"},"jetpack_sharing_enabled":true,"_links":{"self":[{"href":"https:\/\/lighthouselocarno.ch\/fr\/wp-json\/wp\/v2\/product\/129569","targetHints":{"allow":["GET"]}}],"collection":[{"href":"https:\/\/lighthouselocarno.ch\/fr\/wp-json\/wp\/v2\/product"}],"about":[{"href":"https:\/\/lighthouselocarno.ch\/fr\/wp-json\/wp\/v2\/types\/product"}],"wp:featuredmedia":[{"embeddable":true,"href":"https:\/\/lighthouselocarno.ch\/fr\/wp-json\/wp\/v2\/media\/109954"}],"wp:attachment":[{"href":"https:\/\/lighthouselocarno.ch\/fr\/wp-json\/wp\/v2\/media?parent=129569"}],"wp:term":[{"taxonomy":"product_brand","embeddable":true,"href":"https:\/\/lighthouselocarno.ch\/fr\/wp-json\/wp\/v2\/product_brand?post=129569"},{"taxonomy":"product_cat","embeddable":true,"href":"https:\/\/lighthouselocarno.ch\/fr\/wp-json\/wp\/v2\/product_cat?post=129569"},{"taxonomy":"product_tag","embeddable":true,"href":"https:\/\/lighthouselocarno.ch\/fr\/wp-json\/wp\/v2\/product_tag?post=129569"}],"curies":[{"name":"wp","href":"https:\/\/api.w.org\/{rel}","templated":true}]}}