{"id":129584,"date":"2022-05-07T18:50:33","date_gmt":"2022-05-07T18:50:33","guid":{"rendered":"https:\/\/lighthouselocarno.ch\/prodotti\/bougie-cylindrique-avec-dentelle-harmony\/"},"modified":"2025-05-23T13:21:29","modified_gmt":"2025-05-23T13:21:29","slug":"bougie-un-cylindre-avec-harmonie-de-lace","status":"publish","type":"product","link":"https:\/\/lighthouselocarno.ch\/fr\/produit\/bougie-un-cylindre-avec-harmonie-de-lace\/","title":{"rendered":"Bougie cylindrique avec dentelle Harmony"},"content":{"rendered":"","protected":false},"excerpt":{"rendered":"<p>Bougie cylindrique parfum\u00e9e \u00e0 l&rsquo;essence de lin, d\u00e9cor\u00e9e d&rsquo;une dentelle Harmony.<\/p>\n","protected":false},"featured_media":110155,"template":"","meta":{"_seopress_robots_primary_cat":"","_seopress_titles_title":"","_seopress_titles_desc":"","_seopress_robots_index":""},"product_brand":[8562],"product_cat":[4268,7125,4267,3747,7316],"product_tag":[6132,6896,6431,6432,5983,6000,4823,6078,5845],"class_list":{"0":"post-129584","1":"product","2":"type-product","3":"status-publish","4":"has-post-thumbnail","6":"product_brand-arte-pura","7":"product_cat-bougies","8":"product_cat-bougies-fr","9":"product_cat-bougies-et-parfums","10":"product_cat-decoration-interieure","11":"product_cat-parfums-et-savons","12":"product_tag-accessoires-decoratifs","13":"product_tag-bougie-dallumage-cylindrique","14":"product_tag-bougies","15":"product_tag-bougies-fr","16":"product_tag-chambre-a-coucher","17":"product_tag-harmony-lace","18":"product_tag-salle-de-bains","19":"product_tag-salon","20":"product_tag-tableau-fr","21":"pa_colore-blanc-019","23":"first","24":"instock","25":"shipping-taxable","26":"purchasable","27":"product-type-variable","28":"has-default-attributes"},"jetpack_sharing_enabled":true,"_links":{"self":[{"href":"https:\/\/lighthouselocarno.ch\/fr\/wp-json\/wp\/v2\/product\/129584","targetHints":{"allow":["GET"]}}],"collection":[{"href":"https:\/\/lighthouselocarno.ch\/fr\/wp-json\/wp\/v2\/product"}],"about":[{"href":"https:\/\/lighthouselocarno.ch\/fr\/wp-json\/wp\/v2\/types\/product"}],"wp:featuredmedia":[{"embeddable":true,"href":"https:\/\/lighthouselocarno.ch\/fr\/wp-json\/wp\/v2\/media\/110155"}],"wp:attachment":[{"href":"https:\/\/lighthouselocarno.ch\/fr\/wp-json\/wp\/v2\/media?parent=129584"}],"wp:term":[{"taxonomy":"product_brand","embeddable":true,"href":"https:\/\/lighthouselocarno.ch\/fr\/wp-json\/wp\/v2\/product_brand?post=129584"},{"taxonomy":"product_cat","embeddable":true,"href":"https:\/\/lighthouselocarno.ch\/fr\/wp-json\/wp\/v2\/product_cat?post=129584"},{"taxonomy":"product_tag","embeddable":true,"href":"https:\/\/lighthouselocarno.ch\/fr\/wp-json\/wp\/v2\/product_tag?post=129584"}],"curies":[{"name":"wp","href":"https:\/\/api.w.org\/{rel}","templated":true}]}}