{"id":129784,"date":"2022-05-07T18:59:31","date_gmt":"2022-05-07T18:59:31","guid":{"rendered":"https:\/\/lighthouselocarno.ch\/prodotti\/chaussons-en-eponge-avec-synergie-de-dentelle\/"},"modified":"2025-05-23T13:19:06","modified_gmt":"2025-05-23T13:19:06","slug":"pantoufles-en-eponge-avec-lace-synergie","status":"publish","type":"product","link":"https:\/\/lighthouselocarno.ch\/fr\/produit\/pantoufles-en-eponge-avec-lace-synergie\/","title":{"rendered":"Chaussons en \u00e9ponge avec synergie de dentelle"},"content":{"rendered":"<p>Les <strong>pantoufles en \u00e9ponge<\/strong> avec dentelle sont le <strong>compl\u00e9ment id\u00e9al de toute salle de bains<\/strong>. Fabriqu\u00e9es en <strong>tissu \u00e9ponge doux<\/strong> et d\u00e9cor\u00e9es d&rsquo;une \u00e9l\u00e9gante dentelle, ces pantoufles sont parfaites pour vous garder au chaud et au sec apr\u00e8s une douche ou un bain. Disponibles dans une vari\u00e9t\u00e9 de couleurs, les pantoufles en \u00e9ponge avec dentelle sont un <strong>cadeau id\u00e9al pour toutes les occasions<\/strong>.<\/p>\n<p><strong><em>Entretien du produit :<\/em><\/strong><\/p>\n<p>Lavable en machine \u00e0 30-40 degr\u00e9s avec un savon doux. Ne pas ajouter d&rsquo;adoucisseur. <\/p>\n<p>Ne pas blanchir. Tous les v\u00eatements Arte Pura sont teints \u00e0 la main avec des pigments min\u00e9raux naturels. Il est possible qu&rsquo;au cours des premiers lavages ils perdent un peu de leur couleur, donnant une teinte vintage unique \u00e0 cette marque. Lorsque vous lavez des v\u00eatements avec des couleurs anciennes, je recommande fortement d&rsquo;ajouter 1kg de sel de mer dans la machine \u00e0 laver pour les 3-4 premiers lavages afin de bien fixer les couleurs.<\/p>\n<p>Tissu : 100 % coton.<\/p>\n","protected":false},"excerpt":{"rendered":"<p><span data-sheets-value=\"{\"1\":2,\"2\":\"CIABATTA DI SPUGNA UOMO\/DONNA CON PIZZO SINERGIA\"}\" data-sheets-userformat=\"{\"2\":14529,\"3\":{\"1\":1},\"9\":0,\"10\":1,\"14\":{\"1\":2,\"2\":0},\"15\":\"Arial\",\"16\":12}\"><strong>Pantoufles en tissu \u00e9ponge pour hommes\/femmes avec lacet<\/strong> &lsquo;synergy&rsquo;.  <\/span><\/p>\n<p>Taille unique.<\/p>\n<p>Ce produit \u00e9tant fabriqu\u00e9 \u00e0 partir de mat\u00e9riaux naturels, il se caract\u00e9rise par des nuances de couleur et des variations d&rsquo;aspect d&rsquo;un v\u00eatement \u00e0 l&rsquo;autre, voire au fil du temps. Laver s\u00e9par\u00e9ment avec de l&rsquo;eau et du savon doux \u00e0 une temp\u00e9rature maximale de 40\u00b0 C, ne pas blanchir et ne pas faire tremper. Ne pas presser le v\u00eatement \u00e0 la main. Pour un meilleur entretien du produit, nous recommandons de le repasser \u00e0 basse temp\u00e9rature, afin de ne pas aplatir la beaut\u00e9 de la fibre naturelle, et de ne pas l&rsquo;exposer \u00e0 la lumi\u00e8re directe du soleil pour pr\u00e9server la solidit\u00e9 des couleurs.<\/p>\n","protected":false},"featured_media":110617,"template":"","meta":{"_seopress_robots_primary_cat":"none","_seopress_titles_title":"Chaussons en \u00e9ponge avec dentelle \"Sinergia","_seopress_titles_desc":"Les pantoufles en \u00e9ponge avec dentelle sont le compl\u00e9ment id\u00e9al de toute salle de bains. Fabriqu\u00e9es en tissu \u00e9ponge doux et d\u00e9cor\u00e9es d'une \u00e9l\u00e9gante dentelle, ces pantoufles sont parfaites pour vous garder au chaud et au sec apr\u00e8s une douche ou un bain. Disponibles dans une vari\u00e9t\u00e9 de couleurs, les pantoufles en \u00e9ponge avec dentelle sont un cadeau id\u00e9al pour toutes les occasions.","_seopress_robots_index":""},"product_brand":[8562],"product_cat":[7290,3747,3883],"product_tag":[6193,5844,4823,4440],"class_list":{"0":"post-129784","1":"product","2":"type-product","3":"status-publish","4":"has-post-thumbnail","6":"product_brand-arte-pura","7":"product_cat-chaussons","8":"product_cat-decoration-interieure","9":"product_cat-salle-de-bains","10":"product_tag-accessoires-de-salle-de-bains-fr","11":"product_tag-pure-fr","12":"product_tag-salle-de-bains","13":"product_tag-tongs","14":"pa_colore-mineral-old-410-fr","15":"pa_tema-pure-fr","17":"first","18":"instock","19":"shipping-taxable","20":"purchasable","21":"product-type-variable","22":"has-default-attributes"},"jetpack_sharing_enabled":true,"_links":{"self":[{"href":"https:\/\/lighthouselocarno.ch\/fr\/wp-json\/wp\/v2\/product\/129784","targetHints":{"allow":["GET"]}}],"collection":[{"href":"https:\/\/lighthouselocarno.ch\/fr\/wp-json\/wp\/v2\/product"}],"about":[{"href":"https:\/\/lighthouselocarno.ch\/fr\/wp-json\/wp\/v2\/types\/product"}],"wp:featuredmedia":[{"embeddable":true,"href":"https:\/\/lighthouselocarno.ch\/fr\/wp-json\/wp\/v2\/media\/110617"}],"wp:attachment":[{"href":"https:\/\/lighthouselocarno.ch\/fr\/wp-json\/wp\/v2\/media?parent=129784"}],"wp:term":[{"taxonomy":"product_brand","embeddable":true,"href":"https:\/\/lighthouselocarno.ch\/fr\/wp-json\/wp\/v2\/product_brand?post=129784"},{"taxonomy":"product_cat","embeddable":true,"href":"https:\/\/lighthouselocarno.ch\/fr\/wp-json\/wp\/v2\/product_cat?post=129784"},{"taxonomy":"product_tag","embeddable":true,"href":"https:\/\/lighthouselocarno.ch\/fr\/wp-json\/wp\/v2\/product_tag?post=129784"}],"curies":[{"name":"wp","href":"https:\/\/api.w.org\/{rel}","templated":true}]}}