{"id":129810,"date":"2022-05-07T18:42:48","date_gmt":"2022-05-07T18:42:48","guid":{"rendered":"https:\/\/lighthouselocarno.ch\/prodotti\/interieur-pour-coussin-de-60x60\/"},"modified":"2025-05-23T13:21:29","modified_gmt":"2025-05-23T13:21:29","slug":"coussin-interieur-en-rouleau-60x60","status":"publish","type":"product","link":"https:\/\/lighthouselocarno.ch\/fr\/produit\/coussin-interieur-en-rouleau-60x60\/","title":{"rendered":"Int\u00e9rieur pour coussin de 60&#215;60"},"content":{"rendered":"<p><span>Le rembourrage du coussin avec des microsph\u00e8res de polyester, Rollo Fill, \u00e9cologique et hypoallerg\u00e9nique est compos\u00e9 de mat\u00e9riaux techniques : son rembourrage est constitu\u00e9 de boules de fibres de polyester, tandis que la housse est en pur coton. Mesure 60&#215;60<\/span><\/p>\n","protected":false},"excerpt":{"rendered":"<p><span>Le rembourrage du coussin avec des microsph\u00e8res de polyester, Rollo Fill, \u00e9cologique et hypoallerg\u00e9nique est compos\u00e9 de mat\u00e9riaux techniques : son rembourrage est constitu\u00e9 de boules de fibres de polyester, tandis que la housse est en pur coton. Mesure 60&#215;60<\/span><\/p>\n","protected":false},"featured_media":109948,"template":"","meta":{"_seopress_robots_primary_cat":"","_seopress_titles_title":"","_seopress_titles_desc":"","_seopress_robots_index":""},"product_brand":[8562],"product_cat":[3747,6889,5969],"product_tag":[6062,5983,6891,6078],"class_list":{"0":"post-129810","1":"product","2":"type-product","3":"status-publish","4":"has-post-thumbnail","6":"product_brand-arte-pura","7":"product_cat-decoration-interieure","8":"product_cat-interieur-des-coussins","9":"product_cat-le-lit","10":"product_tag-accessoires","11":"product_tag-chambre-a-coucher","12":"product_tag-coussins-interieurs","13":"product_tag-salon","15":"first","16":"onbackorder","17":"shipping-taxable","18":"purchasable","19":"product-type-simple"},"jetpack_sharing_enabled":true,"_links":{"self":[{"href":"https:\/\/lighthouselocarno.ch\/fr\/wp-json\/wp\/v2\/product\/129810","targetHints":{"allow":["GET"]}}],"collection":[{"href":"https:\/\/lighthouselocarno.ch\/fr\/wp-json\/wp\/v2\/product"}],"about":[{"href":"https:\/\/lighthouselocarno.ch\/fr\/wp-json\/wp\/v2\/types\/product"}],"wp:featuredmedia":[{"embeddable":true,"href":"https:\/\/lighthouselocarno.ch\/fr\/wp-json\/wp\/v2\/media\/109948"}],"wp:attachment":[{"href":"https:\/\/lighthouselocarno.ch\/fr\/wp-json\/wp\/v2\/media?parent=129810"}],"wp:term":[{"taxonomy":"product_brand","embeddable":true,"href":"https:\/\/lighthouselocarno.ch\/fr\/wp-json\/wp\/v2\/product_brand?post=129810"},{"taxonomy":"product_cat","embeddable":true,"href":"https:\/\/lighthouselocarno.ch\/fr\/wp-json\/wp\/v2\/product_cat?post=129810"},{"taxonomy":"product_tag","embeddable":true,"href":"https:\/\/lighthouselocarno.ch\/fr\/wp-json\/wp\/v2\/product_tag?post=129810"}],"curies":[{"name":"wp","href":"https:\/\/api.w.org\/{rel}","templated":true}]}}