{"id":129891,"date":"2023-05-16T10:24:08","date_gmt":"2023-05-16T10:24:08","guid":{"rendered":"https:\/\/lighthouselocarno.ch\/prodotti\/robe-longue-de-ceremonie-a-motifs-floraux-verts\/"},"modified":"2024-12-28T16:42:14","modified_gmt":"2024-12-28T16:42:14","slug":"robe-de-mariage-longue-vert-motif-floral","status":"publish","type":"product","link":"https:\/\/lighthouselocarno.ch\/fr\/produit\/robe-de-mariage-longue-vert-motif-floral\/","title":{"rendered":"Robe longue de c\u00e9r\u00e9monie \u00e0 motifs floraux verts"},"content":{"rendered":"<p><em><strong>Les conseils de Michela : Quelle couleur choisir pour votre tenue lors d&rsquo;un mariage ou d&rsquo;une c\u00e9r\u00e9monie ?  <\/strong><\/em><\/p>\n<p><strong>Les tendances<\/strong> actuelles <strong>de la mode<\/strong> parlent d&rsquo;elles-m\u00eames : <strong>la robe de soir\u00e9e verte est la star de la saison printemps-\u00e9t\u00e9 ! <\/strong>La couleur verte se retrouve sur de magnifiques robes et looks qui d\u00e9filent sur les podiums de la mode et les tapis rouges les plus importants, ainsi que sur les tenues les plus \u00e9l\u00e9gantes pour assister \u00e0 de grands \u00e9v\u00e9nements. Cette <strong>longue robe de soir\u00e9e<\/strong> vous donnera un <strong>look super chic<\/strong> et \u00e9th\u00e9r\u00e9 !<\/p>\n","protected":false},"excerpt":{"rendered":"<p><strong> Robe longue d&rsquo;\u00e9t\u00e9 sans manches<\/strong>, l\u00e9g\u00e8re, fra\u00eeche et \u00e9l\u00e9gante, <strong>motif floral<\/strong> sur fond <strong>vert<\/strong>, doubl\u00e9e. La<strong>coupe ample de<\/strong> cette robe convient \u00e0 toutes les femmes.<\/p>\n<p>Tissu : 100 % viscose.<\/p>\n<p>&nbsp;<\/p>\n","protected":false},"featured_media":113908,"template":"","meta":{"_seopress_robots_primary_cat":"none","_seopress_titles_title":"","_seopress_titles_desc":"la robe de soir\u00e9e verte est la star de la saison printemps-\u00e9t\u00e9 ! Robe longue d'\u00e9t\u00e9 sans manches, l\u00e9g\u00e8re, fra\u00eeche et \u00e9l\u00e9gante, motif floral sur fond vert, doubl\u00e9e. La coupe ample de cette robe convient \u00e0 toutes les femmes.  ","_seopress_robots_index":""},"product_brand":[],"product_cat":[3780,3773,3756,3766],"product_tag":[6964,6963,6962,3830,5686],"class_list":{"0":"post-129891","1":"product","2":"type-product","3":"status-publish","4":"has-post-thumbnail","6":"product_cat-mode-femme","7":"product_cat-robes","8":"product_cat-vente","9":"product_cat-vetements","10":"product_tag-langes-formelles-kleid-fr","11":"product_tag-longue-robe-de-soiree-fr","12":"product_tag-robe-de-ceremonie","13":"product_tag-robe-longue","14":"product_tag-tenue-de-ceremonie","15":"pa_taglia-m-fr","16":"pa_taglia-s-fr","17":"pa_taglia-xs-fr","19":"first","20":"instock","21":"sale","22":"shipping-taxable","23":"purchasable","24":"product-type-variable"},"jetpack_sharing_enabled":true,"_links":{"self":[{"href":"https:\/\/lighthouselocarno.ch\/fr\/wp-json\/wp\/v2\/product\/129891","targetHints":{"allow":["GET"]}}],"collection":[{"href":"https:\/\/lighthouselocarno.ch\/fr\/wp-json\/wp\/v2\/product"}],"about":[{"href":"https:\/\/lighthouselocarno.ch\/fr\/wp-json\/wp\/v2\/types\/product"}],"wp:featuredmedia":[{"embeddable":true,"href":"https:\/\/lighthouselocarno.ch\/fr\/wp-json\/wp\/v2\/media\/113908"}],"wp:attachment":[{"href":"https:\/\/lighthouselocarno.ch\/fr\/wp-json\/wp\/v2\/media?parent=129891"}],"wp:term":[{"taxonomy":"product_brand","embeddable":true,"href":"https:\/\/lighthouselocarno.ch\/fr\/wp-json\/wp\/v2\/product_brand?post=129891"},{"taxonomy":"product_cat","embeddable":true,"href":"https:\/\/lighthouselocarno.ch\/fr\/wp-json\/wp\/v2\/product_cat?post=129891"},{"taxonomy":"product_tag","embeddable":true,"href":"https:\/\/lighthouselocarno.ch\/fr\/wp-json\/wp\/v2\/product_tag?post=129891"}],"curies":[{"name":"wp","href":"https:\/\/api.w.org\/{rel}","templated":true}]}}