{"id":130086,"date":"2023-05-06T07:17:58","date_gmt":"2023-05-06T07:17:58","guid":{"rendered":"https:\/\/lighthouselocarno.ch\/prodotti\/collection-de-lits-industrial-line\/"},"modified":"2023-06-30T04:32:18","modified_gmt":"2023-06-30T04:32:18","slug":"collection-lit-ligne-industriel","status":"publish","type":"product","link":"https:\/\/lighthouselocarno.ch\/fr\/produit\/collection-lit-ligne-industriel\/","title":{"rendered":"Collection de lits Industrial Line"},"content":{"rendered":"<p>\u00c9l\u00e9gante et moderne, cette <strong>collection de lits<\/strong> est un <strong>accessoire d&rsquo;ameublement de<\/strong> la plus haute qualit\u00e9, car le souci du d\u00e9tail n&rsquo;est qu&rsquo;une des caract\u00e9ristiques fondamentales \u00e0 prendre en compte lors du processus d&rsquo;ameublement ou de r\u00e9novation d&rsquo;un <strong>h\u00f4tel de luxe<\/strong>.<\/p>\n<p>Facile \u00e0 laver, nous recommandons un lavage \u00e0 40* pour une meilleure durabilit\u00e9 et des <strong>\u00e9conomies d&rsquo;\u00e9nergie<\/strong>.<br \/>\nPour l&rsquo;<strong>h\u00e9bergement<\/strong>, vous pouvez facilement ajouter un d\u00e9sinfectant aux produits de lavage habituels.<br \/>\nPour ceux qui aiment que leur <strong>linge se froisse naturellement<\/strong>, c&rsquo;est une ligne qui ne n\u00e9cessite pas de repassage.<\/p>\n<p>Pour obtenir des informations et des devis, envoyez un e-mail \u00e0 info@lighthouselocarno.ch ou chattez sur whatsapp.<br \/>\nPour prendre rendez-vous avec un architecte d&rsquo;int\u00e9rieur, envoyez un message par whatsapp au +41 79 371 07 59 (le chat est actif directement depuis le site web !) ou passez au magasin situ\u00e9 via Torretta 8 \u00e0 Locarno.<\/p>\n","protected":false},"excerpt":{"rendered":"<p><strong>Collection de lits<\/strong> \u00e9l\u00e9gants et modernes <strong>en 100 % pur lin ou 100 % percale de coton<\/strong>. Id\u00e9ale pour tous les amoureux du style <b>industriel <\/b>.  <\/p>\n<p><b>Disponible en trois couleurs : Natural White, Beaver et Smoke Grey.<\/b><\/p>\n<p>Sur la photo, la <b>housse de couette<\/b> Industrial Beaver est associ\u00e9e au <strong>drap<\/strong> Industrial Fumo.<\/p>\n<p><b>Fabriqu\u00e9 en Italie<\/b><\/p>\n","protected":false},"featured_media":114055,"template":"","meta":{"_seopress_robots_primary_cat":"none","_seopress_titles_title":"Couvre-lit, housse de couette, draps et taies d'oreiller en lin ou en percale de coton. Ligne industrielle.  ","_seopress_titles_desc":"collection de lits en 100 % pur lin ou 100 % percale de coton, couvre-lit, housse de couette, draps et taies d'oreiller en cooridan. Style industriel. Linge de lit.  ","_seopress_robots_index":""},"product_brand":[],"product_cat":[5935,6588,6063,3747,6114,6211,6381,5969],"product_tag":[5307,6993,5309,3990,5302,6991,3858,6992,6994,6989,6116,6996,5972,6995,6998,5986,6182],"class_list":{"0":"post-130086","1":"product","2":"type-product","3":"status-publish","4":"has-post-thumbnail","6":"product_cat-actualites","7":"product_cat-coussins","8":"product_cat-couvre-lits","9":"product_cat-decoration-interieure","10":"product_cat-draps","11":"product_cat-ensembles-de-literie","12":"product_cat-housses-de-duvet","13":"product_cat-le-lit","14":"product_tag-bettdecke-fr","15":"product_tag-blatt-fr","16":"product_tag-couvre-lit-fr-3","17":"product_tag-couvre-lit-fr","18":"product_tag-couvre-lit-fr-2","19":"product_tag-drap-de-coton","20":"product_tag-drap-de-lin","21":"product_tag-draps-fr","22":"product_tag-feuille-fr","23":"product_tag-feuille","24":"product_tag-feuilles","25":"product_tag-haushaltswasche-fr","26":"product_tag-linge-de-lit","27":"product_tag-linge-de-maison-fr","28":"product_tag-linge-de-maison-fr-2","29":"product_tag-taies-doreiller-fr","30":"product_tag-taies-doreiller-decoratives","31":"pa_colore-blanc-naturel","32":"pa_colore-castor","33":"pa_colore-fumee","35":"first","36":"instock","37":"shipping-taxable","38":"purchasable","39":"product-type-variable"},"jetpack_sharing_enabled":true,"_links":{"self":[{"href":"https:\/\/lighthouselocarno.ch\/fr\/wp-json\/wp\/v2\/product\/130086","targetHints":{"allow":["GET"]}}],"collection":[{"href":"https:\/\/lighthouselocarno.ch\/fr\/wp-json\/wp\/v2\/product"}],"about":[{"href":"https:\/\/lighthouselocarno.ch\/fr\/wp-json\/wp\/v2\/types\/product"}],"wp:featuredmedia":[{"embeddable":true,"href":"https:\/\/lighthouselocarno.ch\/fr\/wp-json\/wp\/v2\/media\/114055"}],"wp:attachment":[{"href":"https:\/\/lighthouselocarno.ch\/fr\/wp-json\/wp\/v2\/media?parent=130086"}],"wp:term":[{"taxonomy":"product_brand","embeddable":true,"href":"https:\/\/lighthouselocarno.ch\/fr\/wp-json\/wp\/v2\/product_brand?post=130086"},{"taxonomy":"product_cat","embeddable":true,"href":"https:\/\/lighthouselocarno.ch\/fr\/wp-json\/wp\/v2\/product_cat?post=130086"},{"taxonomy":"product_tag","embeddable":true,"href":"https:\/\/lighthouselocarno.ch\/fr\/wp-json\/wp\/v2\/product_tag?post=130086"}],"curies":[{"name":"wp","href":"https:\/\/api.w.org\/{rel}","templated":true}]}}