{"id":130088,"date":"2023-04-15T12:27:37","date_gmt":"2023-04-15T12:27:37","guid":{"rendered":"https:\/\/lighthouselocarno.ch\/prodotti\/pull-a-col-en-v-en-tricot-rouge\/"},"modified":"2023-08-18T13:26:42","modified_gmt":"2023-08-18T13:26:42","slug":"pull-red-neck-v-tricot","status":"publish","type":"product","link":"https:\/\/lighthouselocarno.ch\/fr\/produit\/pull-red-neck-v-tricot\/","title":{"rendered":"Pull \u00e0 col en V en tricot rouge"},"content":{"rendered":"<p><em><strong>Les conseils de Michela : Comment assortir et porter un pull rouge ?<\/strong><\/em><br \/>\nPour un  pour une <strong>tenue moderne et dynamique<\/strong>, vous pouvez combiner les  <strong>pull-over de printemps rouge uni<\/strong> \u00e0  <a href=\"https:\/\/lighthouselocarno.ch\/fr\/produit\/pantalon-large\/\"><br \/>\n  <strong>pantalon ample en blanc<\/strong><br \/>\n<\/a> style palazzo, avec une belle sandale <a href=\"https:\/\/lighthouselocarno.ch\/fr\/produit\/sandale-etincelante-nude\/\"><br \/>\n  <strong>sandale orn\u00e9e de bijoux<\/strong><br \/>\n<\/a> rendra la <strong>tenue d\u00e9contract\u00e9e et \u00e9l\u00e9gante<\/strong>, ou si vous voulez \u00eatre plus \u00e0 l&rsquo;aise et pour le<strong>bureau ou les loisirs <\/strong>, associez avec une <a href=\"https:\/\/lighthouselocarno.ch\/fr\/produit\/ballerines-pointes-carrees-en-cuir-vrai\/\"><strong>ballerines en cuir v\u00e9ritable<\/strong> <\/a> ou des chaussures de sport blanches.<\/p>\n","protected":false},"excerpt":{"rendered":"<p><strong>Pull rouge \u00e0 large col en V en tricot<\/strong> et dos perfor\u00e9. La fabrication et la <strong>broderie<\/strong> sont spectaculaires, tant au recto qu&rsquo;au verso.<\/p>\n<p>Composition : fil 70% viscose 30% polyester.<\/p>\n<p>Disponible en rouge.<\/p>\n<p><strong>Fashion Style Fabriqu\u00e9 en Italie.  <\/strong><\/p>\n<p>&nbsp;<\/p>\n","protected":false},"featured_media":114040,"template":"","meta":{"_seopress_robots_primary_cat":"","_seopress_titles_title":"","_seopress_titles_desc":"","_seopress_robots_index":""},"product_brand":[],"product_cat":[5935,3780,5104,3766],"product_tag":[4985,6972,6984,5107],"class_list":{"0":"post-130088","1":"product","2":"type-product","3":"status-publish","4":"has-post-thumbnail","6":"product_cat-actualites","7":"product_cat-mode-femme","8":"product_cat-tricots","9":"product_cat-vetements","10":"product_tag-pull-over","11":"product_tag-pull-over-fr","12":"product_tag-pull-over-rouge-fr","13":"product_tag-sauteur","14":"pa_taglia-l-fr","15":"pa_taglia-m-fr","16":"pa_taglia-s-fr","17":"pa_taglia-xs-fr","19":"first","20":"instock","21":"shipping-taxable","22":"purchasable","23":"product-type-variable","24":"has-default-attributes"},"jetpack_sharing_enabled":true,"_links":{"self":[{"href":"https:\/\/lighthouselocarno.ch\/fr\/wp-json\/wp\/v2\/product\/130088","targetHints":{"allow":["GET"]}}],"collection":[{"href":"https:\/\/lighthouselocarno.ch\/fr\/wp-json\/wp\/v2\/product"}],"about":[{"href":"https:\/\/lighthouselocarno.ch\/fr\/wp-json\/wp\/v2\/types\/product"}],"wp:featuredmedia":[{"embeddable":true,"href":"https:\/\/lighthouselocarno.ch\/fr\/wp-json\/wp\/v2\/media\/114040"}],"wp:attachment":[{"href":"https:\/\/lighthouselocarno.ch\/fr\/wp-json\/wp\/v2\/media?parent=130088"}],"wp:term":[{"taxonomy":"product_brand","embeddable":true,"href":"https:\/\/lighthouselocarno.ch\/fr\/wp-json\/wp\/v2\/product_brand?post=130088"},{"taxonomy":"product_cat","embeddable":true,"href":"https:\/\/lighthouselocarno.ch\/fr\/wp-json\/wp\/v2\/product_cat?post=130088"},{"taxonomy":"product_tag","embeddable":true,"href":"https:\/\/lighthouselocarno.ch\/fr\/wp-json\/wp\/v2\/product_tag?post=130088"}],"curies":[{"name":"wp","href":"https:\/\/api.w.org\/{rel}","templated":true}]}}