{"id":130100,"date":"2023-05-16T10:32:40","date_gmt":"2023-05-16T10:32:40","guid":{"rendered":"https:\/\/lighthouselocarno.ch\/prodotti\/chemise-a-fleurs-verte\/"},"modified":"2026-02-17T15:22:51","modified_gmt":"2026-02-17T15:22:51","slug":"chemise-vert-motif-floral","status":"publish","type":"product","link":"https:\/\/lighthouselocarno.ch\/fr\/produit\/chemise-vert-motif-floral\/","title":{"rendered":"Chemise \u00e0 fleurs verte"},"content":{"rendered":"<p><em><strong>Michela&rsquo;s fashion tips : Love Bird la couleur Pantone du printemps \u00e9t\u00e9 2023 la mode conquiert tout !  <\/strong> <\/em><\/p>\n<p>Teint\u00e9 d&rsquo;exotisme, le message qu&rsquo;il transmet est d&rsquo;encourager l&rsquo;expression individuelle, de d\u00e9passer ses limites, d&rsquo;\u00eatre fascin\u00e9 par la nouveaut\u00e9. Le <strong>vert<\/strong> est une couleur que nous avons pris l&rsquo;habitude, ces derni\u00e8res saisons, de voir de plus en plus souvent sur les podiums, mais aussi sur nos amis et coll\u00e8gues. Pratique et \u00e9l\u00e9gante, c&rsquo;<strong>est une couleur aux mille nuances :<\/strong> mieux vaut choisir celle qui convient \u00e0 votre teint.<\/p>\n<p><strong>Vert et armure :<br \/>\n<\/strong><\/p>\n<ul>\n<li>Le <strong>vert acide<\/strong> convient aux personnes au teint oliv\u00e2tre, bronz\u00e9 ou tr\u00e8s fonc\u00e9.<\/li>\n<li>Le <strong>vert for\u00eat<\/strong> convient \u00e9galement aux femmes aux cheveux fonc\u00e9s et \u00e0 la peau dor\u00e9e.<\/li>\n<li>Le <strong>vert menthe<\/strong> convient surtout aux blondes ou aux brunes au teint pas particuli\u00e8rement dor\u00e9.<\/li>\n<li><strong>Vert militaire<\/strong> cette teinte convient heureusement \u00e0 presque tout le monde, c&rsquo;est la plus facile \u00e0 porter.<\/li>\n<\/ul>\n","protected":false},"excerpt":{"rendered":"<p>Superbe <strong>chemise imprim\u00e9e de fleurs<\/strong> noires et blanches sur fond <strong>vert<\/strong>. L\u00e9ger et doux ! Col et poignets en tissu blanc. Les liens qui relient la manche au corps du v\u00eatement le rendent unique et original.<\/p>\n<p>100% viscose.<\/p>\n","protected":false},"featured_media":113695,"template":"","meta":{"_seopress_robots_primary_cat":"none","_seopress_titles_title":"","_seopress_titles_desc":"Love Bird la couleur Pantone du printemps \u00e9t\u00e9 2023 la mode conquiert tout ! Superbe chemise imprim\u00e9e de fleurs noires et blanches sur fond vert. L\u00e9ger et doux ! Col et poignets en tissu blanc. Les liens qui relient la manche au corps du v\u00eatement le rendent unique et original.","_seopress_robots_index":""},"product_brand":[],"product_cat":[5856,3780,3756,3766],"product_tag":[5105,5857,5662,5663],"class_list":{"0":"post-130100","1":"product","2":"type-product","3":"status-publish","4":"has-post-thumbnail","6":"product_cat-chemises","7":"product_cat-mode-femme","8":"product_cat-vente","9":"product_cat-vetements","10":"product_tag-chemise-fr","11":"product_tag-chemise-de-tailleur","12":"product_tag-chemise-femme-fr-2","13":"product_tag-damenhemd-fr","14":"pa_taglia-m-fr","15":"pa_taglia-s-fr","16":"pa_taglia-xs-fr","18":"first","19":"outofstock","20":"sale","21":"shipping-taxable","22":"purchasable","23":"product-type-variable","24":"has-default-attributes"},"jetpack_sharing_enabled":true,"_links":{"self":[{"href":"https:\/\/lighthouselocarno.ch\/fr\/wp-json\/wp\/v2\/product\/130100","targetHints":{"allow":["GET"]}}],"collection":[{"href":"https:\/\/lighthouselocarno.ch\/fr\/wp-json\/wp\/v2\/product"}],"about":[{"href":"https:\/\/lighthouselocarno.ch\/fr\/wp-json\/wp\/v2\/types\/product"}],"wp:featuredmedia":[{"embeddable":true,"href":"https:\/\/lighthouselocarno.ch\/fr\/wp-json\/wp\/v2\/media\/113695"}],"wp:attachment":[{"href":"https:\/\/lighthouselocarno.ch\/fr\/wp-json\/wp\/v2\/media?parent=130100"}],"wp:term":[{"taxonomy":"product_brand","embeddable":true,"href":"https:\/\/lighthouselocarno.ch\/fr\/wp-json\/wp\/v2\/product_brand?post=130100"},{"taxonomy":"product_cat","embeddable":true,"href":"https:\/\/lighthouselocarno.ch\/fr\/wp-json\/wp\/v2\/product_cat?post=130100"},{"taxonomy":"product_tag","embeddable":true,"href":"https:\/\/lighthouselocarno.ch\/fr\/wp-json\/wp\/v2\/product_tag?post=130100"}],"curies":[{"name":"wp","href":"https:\/\/api.w.org\/{rel}","templated":true}]}}