{"id":130152,"date":"2023-04-14T10:02:35","date_gmt":"2023-04-14T10:02:35","guid":{"rendered":"https:\/\/lighthouselocarno.ch\/prodotti\/pull-elegant-avec-une-legere-encolure-bateau-et-des-manches-trois-quarts\/"},"modified":"2023-04-14T10:02:35","modified_gmt":"2023-04-14T10:02:35","slug":"jersey-habille-avec-encolure-legere-et-manches-trois-quarts","status":"publish","type":"product","link":"https:\/\/lighthouselocarno.ch\/fr\/produit\/jersey-habille-avec-encolure-legere-et-manches-trois-quarts\/","title":{"rendered":"Pull \u00e9l\u00e9gant avec une l\u00e9g\u00e8re encolure bateau et des manches trois-quarts"},"content":{"rendered":"<p><em><strong>Les conseils de Michela : Des tenues faciles et d\u00e9contract\u00e9es avec le pull \u00e0 col bateau du printemps  <\/strong><\/em><\/p>\n<p>Envie d&rsquo;un <strong>look d\u00e9contract\u00e9<\/strong> mais <strong>super chic<\/strong>? Essayez de combiner ce <strong>magnifique et \u00e9l\u00e9gant pull<\/strong> avec une l\u00e9g\u00e8re <strong>encolure bateau<\/strong> avec une paire de pantalons cigarette ton sur ton.<a href=\"https:\/\/lighthouselocarno.ch\/prodotti\/pantalone-sigaretta-taglio-capri-con-cintura\/\"> <strong>pantalon cigarette ton sur ton<\/strong><\/a> et une paire de <a href=\"https:\/\/lighthouselocarno.ch\/prodotti\/sandalo-dolce-vita-bi-color\/\"><strong>sandales basses crois\u00e9es<\/strong> \u00e9galement<\/a> en <a href=\"https:\/\/lighthouselocarno.ch\/prodotti\/sandalo-dolce-vita-bi-color\/\"> <strong>deux couleurs<\/strong><\/a>.<\/p>\n<p>&nbsp;<\/p>\n<p>&nbsp;<\/p>\n","protected":false},"excerpt":{"rendered":"<p><strong>Pull \u00e9l\u00e9gant avec une l\u00e9g\u00e8re encolure bateau et des manches trois-quarts<\/strong>. Lait-Tabac bicolore avec une \u00e9l\u00e9gante rayure en fil de lurex dor\u00e9 au milieu pour un <strong>style facile \u00e0 vivre<\/strong>.<\/p>\n<p>Fil 50%VI, 50%PC.<\/p>\n","protected":false},"featured_media":113962,"template":"","meta":{"_seopress_robots_primary_cat":"none","_seopress_titles_title":"","_seopress_titles_desc":"Pull \u00e9l\u00e9gant avec une l\u00e9g\u00e8re encolure bateau et des manches trois-quarts. Lait-Tabac bicolore avec une \u00e9l\u00e9gante rayure en fil de lurex dor\u00e9 au milieu pour un style facile \u00e0 vivre.  ","_seopress_robots_index":""},"product_brand":[],"product_cat":[5935,3780,5104,3766],"product_tag":[5662,5663,4983,6972],"class_list":{"0":"post-130152","1":"product","2":"type-product","3":"status-publish","4":"has-post-thumbnail","6":"product_cat-actualites","7":"product_cat-mode-femme","8":"product_cat-tricots","9":"product_cat-vetements","10":"product_tag-chemise-femme-fr-2","11":"product_tag-damenhemd-fr","12":"product_tag-jersey","13":"product_tag-pull-over-fr","14":"pa_taglia-l-fr","15":"pa_taglia-m-fr","16":"pa_taglia-s-fr","18":"first","19":"onbackorder","20":"shipping-taxable","21":"purchasable","22":"product-type-variable","23":"has-default-attributes"},"jetpack_sharing_enabled":true,"_links":{"self":[{"href":"https:\/\/lighthouselocarno.ch\/fr\/wp-json\/wp\/v2\/product\/130152","targetHints":{"allow":["GET"]}}],"collection":[{"href":"https:\/\/lighthouselocarno.ch\/fr\/wp-json\/wp\/v2\/product"}],"about":[{"href":"https:\/\/lighthouselocarno.ch\/fr\/wp-json\/wp\/v2\/types\/product"}],"wp:featuredmedia":[{"embeddable":true,"href":"https:\/\/lighthouselocarno.ch\/fr\/wp-json\/wp\/v2\/media\/113962"}],"wp:attachment":[{"href":"https:\/\/lighthouselocarno.ch\/fr\/wp-json\/wp\/v2\/media?parent=130152"}],"wp:term":[{"taxonomy":"product_brand","embeddable":true,"href":"https:\/\/lighthouselocarno.ch\/fr\/wp-json\/wp\/v2\/product_brand?post=130152"},{"taxonomy":"product_cat","embeddable":true,"href":"https:\/\/lighthouselocarno.ch\/fr\/wp-json\/wp\/v2\/product_cat?post=130152"},{"taxonomy":"product_tag","embeddable":true,"href":"https:\/\/lighthouselocarno.ch\/fr\/wp-json\/wp\/v2\/product_tag?post=130152"}],"curies":[{"name":"wp","href":"https:\/\/api.w.org\/{rel}","templated":true}]}}