{"id":130204,"date":"2023-05-16T15:41:21","date_gmt":"2023-05-16T15:41:21","guid":{"rendered":"https:\/\/lighthouselocarno.ch\/prodotti\/pull-bleu-a-manches-3-4-et-encolure-bateau\/"},"modified":"2023-06-30T04:40:56","modified_gmt":"2023-06-30T04:40:56","slug":"chemise-bleue-avec-3-4-manches-et-encolure-barrel","status":"publish","type":"product","link":"https:\/\/lighthouselocarno.ch\/fr\/produit\/chemise-bleue-avec-3-4-manches-et-encolure-barrel\/","title":{"rendered":"Pull bleu marine \u00e0 manches 3\/4 et encolure bateau"},"content":{"rendered":"<p><em><strong>Les conseils de Michela sur la mode : le look marine est le must de l&rsquo;\u00e9t\u00e9 !<\/strong> <\/em><\/p>\n<p>Pour ceux qui se sentent d\u00e9j\u00e0 en vacances alors qu&rsquo;ils sont encore en ville, il existe une recette simple issue de la mode : le <strong>look marine<\/strong>. Le <strong>style classique marine<\/strong> met l&rsquo;accent sur les fibres naturelles, les silhouettes d\u00e9contract\u00e9es et les d\u00e9tails inspir\u00e9s de la voile. La palette de couleurs nautiques est domin\u00e9e par le bleu marine, le blanc et le rouge. Les couleurs neutres sont \u00e9galement pr\u00e9sentes, principalement pour les <a href=\"https:\/\/lighthouselocarno.ch\/prodotti\/orecchini-pendenti-con-conchiglie-vere\/\"><br \/>\n  <strong>accessoires<\/strong><br \/>\n<\/a>visant \u00e0 rappeler les cordages maritimes. Le <strong>T-shirt bleu marine \u00e0 col bateau<\/strong> est l&rsquo;\u00e9l\u00e9ment indispensable de votre <strong>garde-robe d&rsquo;\u00e9t\u00e9<\/strong>!<\/p>\n","protected":false},"excerpt":{"rendered":"<p><strong>Pull bleu<\/strong> avec bande horizontale blanche et lurex argent\u00e9 sur les manches 3\/4 et sur le devant et le dos. <strong>Encolure bateau<\/strong>.<\/p>\n<p>Fil : 95% viscose 5% \u00e9lasthanne.<\/p>\n","protected":false},"featured_media":113974,"template":"","meta":{"_seopress_robots_primary_cat":"none","_seopress_titles_title":"Pull bleu marine pour femme avec manches 3\/4 et encolure bateau. V\u00eatements fabriqu\u00e9s en Italie.  ","_seopress_titles_desc":"Maillot bleu avec bande horizontale blanche et lurex argent\u00e9 sur les manches 3\/4 et sur le devant et le dos. Encolure bateau. Le T-shirt bleu marine \u00e0 col bateau est l'\u00e9l\u00e9ment indispensable de votre garde-robe d'\u00e9t\u00e9 !\n\n","_seopress_robots_index":""},"product_brand":[],"product_cat":[3780,5104,3766],"product_tag":[4983,7030,6972,4985],"class_list":{"0":"post-130204","1":"product","2":"type-product","3":"status-publish","4":"has-post-thumbnail","6":"product_cat-mode-femme","7":"product_cat-tricots","8":"product_cat-vetements","9":"product_tag-jersey","10":"product_tag-pull-femme-fr","11":"product_tag-pull-over-fr","12":"product_tag-pull-over","13":"pa_taglia-l-fr","14":"pa_taglia-m-fr","16":"first","17":"outofstock","18":"shipping-taxable","19":"purchasable","20":"product-type-variable"},"jetpack_sharing_enabled":true,"_links":{"self":[{"href":"https:\/\/lighthouselocarno.ch\/fr\/wp-json\/wp\/v2\/product\/130204","targetHints":{"allow":["GET"]}}],"collection":[{"href":"https:\/\/lighthouselocarno.ch\/fr\/wp-json\/wp\/v2\/product"}],"about":[{"href":"https:\/\/lighthouselocarno.ch\/fr\/wp-json\/wp\/v2\/types\/product"}],"wp:featuredmedia":[{"embeddable":true,"href":"https:\/\/lighthouselocarno.ch\/fr\/wp-json\/wp\/v2\/media\/113974"}],"wp:attachment":[{"href":"https:\/\/lighthouselocarno.ch\/fr\/wp-json\/wp\/v2\/media?parent=130204"}],"wp:term":[{"taxonomy":"product_brand","embeddable":true,"href":"https:\/\/lighthouselocarno.ch\/fr\/wp-json\/wp\/v2\/product_brand?post=130204"},{"taxonomy":"product_cat","embeddable":true,"href":"https:\/\/lighthouselocarno.ch\/fr\/wp-json\/wp\/v2\/product_cat?post=130204"},{"taxonomy":"product_tag","embeddable":true,"href":"https:\/\/lighthouselocarno.ch\/fr\/wp-json\/wp\/v2\/product_tag?post=130204"}],"curies":[{"name":"wp","href":"https:\/\/api.w.org\/{rel}","templated":true}]}}