{"id":130295,"date":"2023-04-15T08:03:52","date_gmt":"2023-04-15T08:03:52","guid":{"rendered":"https:\/\/lighthouselocarno.ch\/prodotti\/pantalon-large-elegant\/"},"modified":"2023-09-12T14:54:14","modified_gmt":"2023-09-12T14:54:14","slug":"pantalon-large","status":"publish","type":"product","link":"https:\/\/lighthouselocarno.ch\/fr\/produit\/pantalon-large\/","title":{"rendered":"Pantalon large \u00e9l\u00e9gant"},"content":{"rendered":"<p><em><strong>Les conseils de Michela : Les pantalons amples, comment les porter ?<\/strong><\/em><br \/>\nPour donner une touche plus <strong>f\u00e9minine \u00e0 la tenue<\/strong>, elles peuvent \u00eatre associ\u00e9es \u00e0 un <strong>blazer<\/strong>, une <strong>chemise en lin<\/strong> et une jolie sandale orn\u00e9e de bijoux. <a href=\"https:\/\/lighthouselocarno.ch\/fr\/produit\/sandale-etincelante-nude\/\"><strong>sandale orn\u00e9e d&rsquo;un bijou<\/strong> <\/a>ou si vous voulez \u00eatre plus \u00e0 l&rsquo;aise et pour la<strong>tenue de bureau<\/strong>, associez-les \u00e0 une <a href=\"https:\/\/lighthouselocarno.ch\/fr\/produit\/ballerines-pointes-carrees-en-cuir-vrai\/\"><strong>ballerine en cuir v\u00e9ritable<\/strong><\/a>.<\/p>\n","protected":false},"excerpt":{"rendered":"<p><strong>\u00c9l\u00e9gant pantalon palazzo large<\/strong> avec <strong>fentes lat\u00e9rales<\/strong> finies par des <strong>boutons dor\u00e9s<\/strong> faits \u00e0 la main, les deux pinces rendent ce v\u00eatement raffin\u00e9, la fermeture boutonn\u00e9e \u00e0 la taille est confortable et pratique.<br \/>\nDisponible en blanc laiteux et en beige.<br \/>\n<strong>Fashion Made in Italy<\/strong>.<\/p>\n","protected":false},"featured_media":114031,"template":"","meta":{"_seopress_robots_primary_cat":"none","_seopress_titles_title":"","_seopress_titles_desc":"","_seopress_robots_index":""},"product_brand":[],"product_cat":[5935,3780,4255,3766],"product_tag":[7061,4443,7064,7066,6793,6798],"class_list":{"0":"post-130295","1":"product","2":"type-product","3":"status-publish","4":"has-post-thumbnail","6":"product_cat-actualites","7":"product_cat-mode-femme","8":"product_cat-pantalon","9":"product_cat-vetements","10":"product_tag-damenhosen-fr","11":"product_tag-pantalon","12":"product_tag-pantalon-fr-4","13":"product_tag-pantalon-femme-fr","14":"product_tag-pantalons-blancs-pour-femmes","15":"product_tag-pantalons-blancs-pour-femmes-fr","16":"pa_colore-beige-fr","17":"pa_colore-blanc","18":"pa_taglia-l-fr","19":"pa_taglia-m-fr","20":"pa_taglia-s-fr","21":"pa_taglia-xs-fr","23":"first","24":"instock","25":"shipping-taxable","26":"purchasable","27":"product-type-variable","28":"has-default-attributes"},"jetpack_sharing_enabled":true,"_links":{"self":[{"href":"https:\/\/lighthouselocarno.ch\/fr\/wp-json\/wp\/v2\/product\/130295","targetHints":{"allow":["GET"]}}],"collection":[{"href":"https:\/\/lighthouselocarno.ch\/fr\/wp-json\/wp\/v2\/product"}],"about":[{"href":"https:\/\/lighthouselocarno.ch\/fr\/wp-json\/wp\/v2\/types\/product"}],"wp:featuredmedia":[{"embeddable":true,"href":"https:\/\/lighthouselocarno.ch\/fr\/wp-json\/wp\/v2\/media\/114031"}],"wp:attachment":[{"href":"https:\/\/lighthouselocarno.ch\/fr\/wp-json\/wp\/v2\/media?parent=130295"}],"wp:term":[{"taxonomy":"product_brand","embeddable":true,"href":"https:\/\/lighthouselocarno.ch\/fr\/wp-json\/wp\/v2\/product_brand?post=130295"},{"taxonomy":"product_cat","embeddable":true,"href":"https:\/\/lighthouselocarno.ch\/fr\/wp-json\/wp\/v2\/product_cat?post=130295"},{"taxonomy":"product_tag","embeddable":true,"href":"https:\/\/lighthouselocarno.ch\/fr\/wp-json\/wp\/v2\/product_tag?post=130295"}],"curies":[{"name":"wp","href":"https:\/\/api.w.org\/{rel}","templated":true}]}}