{"id":132166,"date":"2023-07-04T05:42:10","date_gmt":"2023-07-04T05:42:10","guid":{"rendered":"https:\/\/lighthouselocarno.ch\/prodotti\/bougeoir-design-en-verre-long\/"},"modified":"2023-07-04T05:42:10","modified_gmt":"2023-07-04T05:42:10","slug":"bougeoirs-en-verre-design","status":"publish","type":"product","link":"https:\/\/lighthouselocarno.ch\/fr\/produit\/bougeoirs-en-verre-design\/","title":{"rendered":"Bougeoir design en verre long"},"content":{"rendered":"<p><strong>Une bougie n&rsquo;est pas une simple d\u00e9coration ou un cadeau banal pour les grandes occasions. <a href=\"https:\/\/lighthouselocarno.ch\/prodotti\/candelabro-shabby-chic\/\">Chandeliers<\/a><\/strong> et <a href=\"https:\/\/lighthouselocarno.ch\/prodotti\/porta-t-light-argento-porta-candela\/\"><br \/>\n  <strong>chandeliers<\/strong><br \/>\n<\/a> deviennent des co-protagonistes de la mise en sc\u00e8ne et vous pouvez laisser libre cours \u00e0 votre imagination et \u00e0 votre cr\u00e9ativit\u00e9 pour obtenir un r\u00e9sultat \u00e9tonnant et \u00e9motionnel. Le<a href=\"https:\/\/lighthouselocarno.ch\/prodotti\/candele-profumate-elementi\/\"><br \/>\n  <strong> bougies parfum\u00e9es<\/strong><br \/>\n<\/a> parlent de nous, de notre humeur et de la fa\u00e7on dont nous souhaitons accueillir nos invit\u00e9s.<a href=\"https:\/\/lighthouselocarno.ch\/fr\/decoration-avec-des-bougies-decorer-la-maison-avec-style\/\"><br \/>\n  <strong> D\u00e9corer avec des bougies<\/strong><br \/>\n<\/a> c&rsquo;est donner de la personnalit\u00e9 \u00e0 la maison, lui donner un autre visage. Une touche de classe, un peu d&rsquo;astuce et de ruse : il n&rsquo;en faut pas plus pour <strong>d\u00e9corer sa maison avec des bougies<\/strong> avec style et \u00e9l\u00e9gance ! De la salle de s\u00e9jour \u00e0 la chambre \u00e0 coucher, en passant par la salle de bains et la cuisine, la d\u00e9coration \u00e0 l&rsquo;aide de bougies n&rsquo;est jamais mauvaise si vous souhaitez donner \u00e0 votre int\u00e9rieur une touche de charme et de romantisme<strong>.<br \/>\n<\/strong><\/p>\n<p>Curiosit\u00e9 de LightHouse : <strong>Quelles sont les origines de la bougie ?<\/strong> <span class=\"ILfuVd\" lang=\"it\"><span class=\"hgKElc\">Les bougies <b>ont \u00e9t\u00e9 fabriqu\u00e9es par les Romains \u00e0 partir d&rsquo;environ 500 ans avant J\u00e9sus-Christ<\/b>. Il s&rsquo;agissait de v\u00e9ritables bougies tremp\u00e9es dans du suif. La pr\u00e9sence de bougies en graisse de baleine en Chine remonte \u00e0 la dynastie Qin (221-206 av. J.-C.).<\/span><\/span> <span id=\"1383386263\">Fu <a href=\"https:\/\/it.wikipedia.org\/wiki\/Isaac_Newton\"><br \/>\n  <em>Isaac <\/em><br \/>\n  <em id=\"1860415181\">Newton<\/em><br \/>\n<\/a> en 1846, qui a mis au point la premi\u00e8re machine \u00e0 bougie. <strong>La bougie \u00e9tait utilis\u00e9e pour mesurer le temps<\/strong>. Ce n&rsquo;est que dans la premi\u00e8re moiti\u00e9 du XIXe si\u00e8cle que les bougies de st\u00e9arine ont \u00e9t\u00e9 produites. La m\u00e8che tordue rend la bougie plus lumineuse.<\/span><\/p>\n","protected":false},"excerpt":{"rendered":"<p><strong>Long bougeoir en verre<\/strong> au design exclusif. Ces <strong>cand\u00e9labres<\/strong> sont parfaits pour une <strong>mise en place romantique. <\/strong>Utilisez-les pour <strong>d\u00e9corer la table lors d&rsquo;un d\u00eener aux chandelles, <\/strong>la lumi\u00e8re qu&rsquo;ils refl\u00e8tent cr\u00e9era une atmosph\u00e8re \u00e9l\u00e9gante et raffin\u00e9e.<\/p>\n","protected":false},"featured_media":131751,"template":"","meta":{"_seopress_robots_primary_cat":"none","_seopress_titles_title":"","_seopress_titles_desc":"Long bougeoir en verre au design exclusif. Ces cand\u00e9labres sont parfaits pour une mise en place romantique. Utilisez-les pour d\u00e9corer la table lors d'un d\u00eener aux chandelles, la lumi\u00e8re qu'ils refl\u00e8tent cr\u00e9era une atmosph\u00e8re \u00e9l\u00e9gante et raffin\u00e9e.\n","_seopress_robots_index":""},"product_brand":[],"product_cat":[5935,4268,7140,3747],"product_tag":[6632,5344,4762,7162,7164,7163,5255],"class_list":{"0":"post-132166","1":"product","2":"type-product","3":"status-publish","4":"has-post-thumbnail","6":"product_cat-actualites","7":"product_cat-bougies","8":"product_cat-chandelier","9":"product_cat-decoration-interieure","10":"product_tag-bougeoir-fr","11":"product_tag-candelabre","12":"product_tag-chandelier","13":"product_tag-leuchter-fr","14":"product_tag-long-bougeoir","15":"product_tag-lustre","16":"product_tag-porte-bougies","18":"first","19":"instock","20":"shipping-taxable","21":"purchasable","22":"product-type-variable","23":"has-default-attributes"},"jetpack_sharing_enabled":true,"_links":{"self":[{"href":"https:\/\/lighthouselocarno.ch\/fr\/wp-json\/wp\/v2\/product\/132166","targetHints":{"allow":["GET"]}}],"collection":[{"href":"https:\/\/lighthouselocarno.ch\/fr\/wp-json\/wp\/v2\/product"}],"about":[{"href":"https:\/\/lighthouselocarno.ch\/fr\/wp-json\/wp\/v2\/types\/product"}],"wp:featuredmedia":[{"embeddable":true,"href":"https:\/\/lighthouselocarno.ch\/fr\/wp-json\/wp\/v2\/media\/131751"}],"wp:attachment":[{"href":"https:\/\/lighthouselocarno.ch\/fr\/wp-json\/wp\/v2\/media?parent=132166"}],"wp:term":[{"taxonomy":"product_brand","embeddable":true,"href":"https:\/\/lighthouselocarno.ch\/fr\/wp-json\/wp\/v2\/product_brand?post=132166"},{"taxonomy":"product_cat","embeddable":true,"href":"https:\/\/lighthouselocarno.ch\/fr\/wp-json\/wp\/v2\/product_cat?post=132166"},{"taxonomy":"product_tag","embeddable":true,"href":"https:\/\/lighthouselocarno.ch\/fr\/wp-json\/wp\/v2\/product_tag?post=132166"}],"curies":[{"name":"wp","href":"https:\/\/api.w.org\/{rel}","templated":true}]}}