{"id":132182,"date":"2023-07-03T05:02:40","date_gmt":"2023-07-03T05:02:40","guid":{"rendered":"https:\/\/lighthouselocarno.ch\/prodotti\/bougeoir-abat-jour-t-light\/"},"modified":"2025-08-18T11:55:30","modified_gmt":"2025-08-18T11:55:30","slug":"abat-jour-porte-bougies-t-light","status":"publish","type":"product","link":"https:\/\/lighthouselocarno.ch\/fr\/produit\/abat-jour-porte-bougies-t-light\/","title":{"rendered":"Bougeoir Abat-jour t-light"},"content":{"rendered":"<p><a href=\"https:\/\/lighthouselocarno.ch\/fr\/decoration-avec-des-bougies-decorer-la-maison-avec-style\/\"><br \/>\n  <strong>D\u00e9corer avec des bougies<\/strong><br \/>\n<\/a> c&rsquo;est donner de la personnalit\u00e9 \u00e0 la maison, lui donner un visage diff\u00e9rent. Une touche de classe, un peu d&rsquo;astuce et de ruse : il n&rsquo;en faut pas plus pour <strong>d\u00e9corer sa maison avec des <a href=\"https:\/\/lighthouselocarno.ch\/prodotti\/candela-artigianale-cubo-e-perle-arte-pura\/\">bougies<\/a><\/strong> avec style et \u00e9l\u00e9gance ! De la salle de s\u00e9jour \u00e0 la chambre \u00e0 coucher, en passant par la salle de bain et la cuisine, la d\u00e9coration avec des bougies est toujours d&rsquo;actualit\u00e9 si vous souhaitez donner \u00e0 votre int\u00e9rieur une touche de charme et de romantisme.<strong>. Chandeliers et bougeoirs<\/strong>  deviennent les co-protagonistes de la mise en sc\u00e8ne et vous pouvez laisser libre cours \u00e0 votre imagination et \u00e0 votre cr\u00e9ativit\u00e9 pour parvenir \u00e0 un r\u00e9sultat \u00e9tonnant et \u00e9motionnellement \u00e9mouvant.<\/p>\n<p>Curiosit\u00e9 de LightHouse :<a href=\"https:\/\/it.wikipedia.org\/wiki\/Storia_della_fabbricazione_delle_candele\"> <span class=\"mw-page-title-main\">Histoire de la fabrication des bougies. <\/span><\/a>En 1834, Joseph Morgan, un fabricant d&rsquo;\u00e9tain de Manchester, en Angleterre, a brevet\u00e9 une machine qui a r\u00e9volutionn\u00e9 la fabrication des bougies. Il permettait la production continue de bougies dans des moules \u00e0 l&rsquo;aide d&rsquo;un cylindre muni d&rsquo;un piston mobile qui \u00e9jectait les bougies au fur et \u00e0 mesure qu&rsquo;elles se solidifiaient. Cette production m\u00e9canis\u00e9e plus efficace produisait environ 1 500 bougies par heure (selon son brevet, \u00ab&#8230; avec trois hommes et cinq gar\u00e7ons, [la machine] produira deux tonnes de bougies en douze\u00bb). Les bougies sont ainsi devenues un produit facilement accessible au plus grand nombre.<\/p>\n","protected":false},"excerpt":{"rendered":"<p><strong>Lampe portative Abat-jour<\/strong> en verre transparent. Ces <strong>bougeoirs en verre au design minimaliste<\/strong> sont parfaits pour la table ou pour cr\u00e9er des points lumineux dans votre maison. Disponible en deux tailles.<\/p>\n","protected":false},"featured_media":131895,"template":"","meta":{"_seopress_robots_primary_cat":"none","_seopress_titles_title":"","_seopress_titles_desc":"","_seopress_robots_index":""},"product_brand":[],"product_cat":[5935,4268,7140,3747],"product_tag":[6632,6642,5073,5344,4762,6638,7162,5347],"class_list":{"0":"post-132182","1":"product","2":"type-product","3":"status-publish","4":"has-post-thumbnail","6":"product_cat-actualites","7":"product_cat-bougies","8":"product_cat-chandelier","9":"product_cat-decoration-interieure","10":"product_tag-bougeoir-fr","11":"product_tag-bougeoir-fr-2","12":"product_tag-bougeoir-en-verre","13":"product_tag-candelabre","14":"product_tag-chandelier","15":"product_tag-kerzenhalter-fr","16":"product_tag-leuchter-fr","17":"product_tag-verre-de-candelabre","19":"first","20":"outofstock","21":"shipping-taxable","22":"purchasable","23":"product-type-variable"},"jetpack_sharing_enabled":true,"_links":{"self":[{"href":"https:\/\/lighthouselocarno.ch\/fr\/wp-json\/wp\/v2\/product\/132182","targetHints":{"allow":["GET"]}}],"collection":[{"href":"https:\/\/lighthouselocarno.ch\/fr\/wp-json\/wp\/v2\/product"}],"about":[{"href":"https:\/\/lighthouselocarno.ch\/fr\/wp-json\/wp\/v2\/types\/product"}],"wp:featuredmedia":[{"embeddable":true,"href":"https:\/\/lighthouselocarno.ch\/fr\/wp-json\/wp\/v2\/media\/131895"}],"wp:attachment":[{"href":"https:\/\/lighthouselocarno.ch\/fr\/wp-json\/wp\/v2\/media?parent=132182"}],"wp:term":[{"taxonomy":"product_brand","embeddable":true,"href":"https:\/\/lighthouselocarno.ch\/fr\/wp-json\/wp\/v2\/product_brand?post=132182"},{"taxonomy":"product_cat","embeddable":true,"href":"https:\/\/lighthouselocarno.ch\/fr\/wp-json\/wp\/v2\/product_cat?post=132182"},{"taxonomy":"product_tag","embeddable":true,"href":"https:\/\/lighthouselocarno.ch\/fr\/wp-json\/wp\/v2\/product_tag?post=132182"}],"curies":[{"name":"wp","href":"https:\/\/api.w.org\/{rel}","templated":true}]}}