{"id":132299,"date":"2023-07-06T08:15:17","date_gmt":"2023-07-06T08:15:17","guid":{"rendered":"https:\/\/lighthouselocarno.ch\/prodotti\/lanterne-lena-en-jacinthe-deau-et-verre\/"},"modified":"2023-07-06T08:15:17","modified_gmt":"2023-07-06T08:15:17","slug":"lanterne-lena-en-giac-a-leau-et-verre","status":"publish","type":"product","link":"https:\/\/lighthouselocarno.ch\/fr\/produit\/lanterne-lena-en-giac-a-leau-et-verre\/","title":{"rendered":"Lanterne Lena en jacinthe d&rsquo;eau et verre"},"content":{"rendered":"<div class=\"adn ads\" data-message-id=\"#msg-a:r-3711091756027593948\" data-legacy-message-id=\"1892a3869e33d1a1\">\n<div class=\"gs\">\n<div class=\"\">\n<div id=\":n0\" class=\"ii gt\">\n<div id=\":mz\" class=\"a3s aiL \">\n<div dir=\"auto\">La beaut\u00e9 et l&rsquo;\u00e9l\u00e9gance de la <strong>lanterne de sol en fibre de jacinthe d&rsquo;eau naturelle<\/strong> est l&rsquo;<strong>accessoire de d\u00e9coration<\/strong> parfait pour<strong> d\u00e9corer votre maison et votre jardin<\/strong>. Fabriqu\u00e9e \u00e0 la main \u00e0 partir de mat\u00e9riaux de haute qualit\u00e9, cette lanterne ajoutera une touche de style et de chaleur \u00e0 votre espace.<\/div>\n<div dir=\"auto\"><\/div>\n<div dir=\"auto\">La fibre naturelle de jacinthe d&rsquo;eau conf\u00e8re \u00e0 la lanterne une texture unique et un aspect naturel, cr\u00e9ant ainsi une atmosph\u00e8re chaleureuse et relaxante. Sa forme \u00e9l\u00e9gante s&rsquo;int\u00e8gre parfaitement \u00e0 tous les <strong>d\u00e9cors<\/strong>, qu&rsquo;ils soient <strong>classiques<\/strong> ou <strong>modernes<\/strong>.<\/div>\n<div dir=\"auto\"><\/div>\n<div dir=\"auto\">La lanterne \u00e0 bougie de sol est id\u00e9ale pour<strong> cr\u00e9er un \u00e9clairage doux et romantique<\/strong> lors des soir\u00e9es d&rsquo;\u00e9t\u00e9 ou pour ajouter une touche de magie \u00e0 vos espaces int\u00e9rieurs. Vous pouvez le placer dans le jardin, \u00e0 c\u00f4t\u00e9 d&rsquo;une all\u00e9e ou sur une terrasse, ou l&rsquo;utiliser comme <strong>\u00e9l\u00e9ment d\u00e9coratif<\/strong> dans le salon ou la chambre \u00e0 coucher.<\/div>\n<div dir=\"auto\"><\/div>\n<div dir=\"auto\">La <strong>qualit\u00e9 des mat\u00e9riaux<\/strong> utilis\u00e9s garantit une longue dur\u00e9e de vie, ce qui vous permettra de profiter longtemps de cette belle lanterne. Que vous souhaitiez <strong>cr\u00e9er une atmosph\u00e8re intime lors d&rsquo;un d\u00eener romantique<\/strong> ou rendre votre jardin plus chaleureux pour une r\u00e9union entre amis, cette lanterne sera <strong>l&rsquo;accessoire parfait pour illuminer<\/strong> vos moments privil\u00e9gi\u00e9s.<\/div>\n<div dir=\"auto\"><\/div>\n<div dir=\"auto\">Transformez votre maison et votre jardin en un lieu enchanteur et plein d&rsquo;ambiance. Choisissez la qualit\u00e9 et l&rsquo;\u00e9l\u00e9gance que seuls les produits Light House peuvent offrir.<\/div>\n<\/div>\n<\/div>\n<\/div>\n<\/div>\n<\/div>\n<div class=\"gA gt acV\">\n<div class=\"gB xu\">\n<div class=\"ip iq\">\n<div id=\":n1\">\n<table class=\"cf wS\" role=\"presentation\">\n<tbody>\n<tr>\n<td class=\"amq\"><\/td>\n<td class=\"amr\"><\/td>\n<\/tr>\n<\/tbody>\n<\/table>\n<\/div>\n<\/div>\n<\/div>\n<\/div>\n","protected":false},"excerpt":{"rendered":"<p>Magnifiques<strong> lanternes \u00e0 bougies en fibre naturelle de jacinthe d&rsquo;eau<\/strong> en forme de nasse de p\u00eacheur.<\/p>\n<p>Chaque taille est livr\u00e9e avec un <strong>coupe-vent en verre<\/strong>.<\/p>\n<p>Trois dimensions pour un cadre \u00e0 couper le souffle :<\/p>\n<p>Petit : 31,5 x 31,5 x 39 cm<\/p>\n<p>Grand : 47 x 47 x 57 cm<\/p>\n<p>Hauteur : 28 x 28 x 79 cm<\/p>\n","protected":false},"featured_media":131795,"template":"","meta":{"_seopress_robots_primary_cat":"none","_seopress_titles_title":"","_seopress_titles_desc":"Magnifiques lanternes \u00e0 bougies en fibre naturelle de jacinthe d'eau, \u00e0 l'image d'une nasse de p\u00eacheur. Chaque taille est livr\u00e9e avec un coupe-vent en verre. Disponible en trois dimensions pour une mise en sc\u00e8ne \u00e0 couper le souffle","_seopress_robots_index":""},"product_brand":[],"product_cat":[5935,4268,3747,4625],"product_tag":[4627,4626,5432,5433],"class_list":{"0":"post-132299","1":"product","2":"type-product","3":"status-publish","4":"has-post-thumbnail","6":"product_cat-actualites","7":"product_cat-bougies","8":"product_cat-decoration-interieure","9":"product_cat-lanternes","10":"product_tag-lanterne-fr-2","11":"product_tag-lanterne-fr","12":"product_tag-lanterne-artisanale","13":"product_tag-lanternes","15":"first","16":"instock","17":"featured","18":"shipping-taxable","19":"purchasable","20":"product-type-variable","21":"has-default-attributes"},"jetpack_sharing_enabled":true,"_links":{"self":[{"href":"https:\/\/lighthouselocarno.ch\/fr\/wp-json\/wp\/v2\/product\/132299","targetHints":{"allow":["GET"]}}],"collection":[{"href":"https:\/\/lighthouselocarno.ch\/fr\/wp-json\/wp\/v2\/product"}],"about":[{"href":"https:\/\/lighthouselocarno.ch\/fr\/wp-json\/wp\/v2\/types\/product"}],"wp:featuredmedia":[{"embeddable":true,"href":"https:\/\/lighthouselocarno.ch\/fr\/wp-json\/wp\/v2\/media\/131795"}],"wp:attachment":[{"href":"https:\/\/lighthouselocarno.ch\/fr\/wp-json\/wp\/v2\/media?parent=132299"}],"wp:term":[{"taxonomy":"product_brand","embeddable":true,"href":"https:\/\/lighthouselocarno.ch\/fr\/wp-json\/wp\/v2\/product_brand?post=132299"},{"taxonomy":"product_cat","embeddable":true,"href":"https:\/\/lighthouselocarno.ch\/fr\/wp-json\/wp\/v2\/product_cat?post=132299"},{"taxonomy":"product_tag","embeddable":true,"href":"https:\/\/lighthouselocarno.ch\/fr\/wp-json\/wp\/v2\/product_tag?post=132299"}],"curies":[{"name":"wp","href":"https:\/\/api.w.org\/{rel}","templated":true}]}}