{"id":132313,"date":"2024-07-06T08:30:27","date_gmt":"2024-07-06T08:30:27","guid":{"rendered":"https:\/\/lighthouselocarno.ch\/prodotti\/lanterne-en-bambou-naturel\/"},"modified":"2024-07-16T10:15:56","modified_gmt":"2024-07-16T10:15:56","slug":"lanterne-en-bambou-naturel","status":"publish","type":"product","link":"https:\/\/lighthouselocarno.ch\/fr\/produit\/lanterne-en-bambou-naturel\/","title":{"rendered":"Lanterne en bambou naturel"},"content":{"rendered":"<div dir=\"auto\">Illuminez votre espace avec la beaut\u00e9 naturelle de la lanterne en bambou. Fabriqu\u00e9e avec des mat\u00e9riaux de haute qualit\u00e9 et un savoir-faire m\u00e9ticuleux, cette lanterne ajoutera une touche de chaleur et de style \u00e0 votre maison et \u00e0 votre jardin.<\/div>\n<div dir=\"auto\"><\/div>\n<div dir=\"auto\">La lanterne en bambou naturel est parfaite pour <strong>cr\u00e9er une atmosph\u00e8re chaleureuse et relaxante<\/strong> lors de vos soir\u00e9es en plein air. La texture unique du bambou donne un aspect authentique et naturel, qui s&rsquo;int\u00e8gre parfaitement \u00e0 tout <strong>d\u00e9cor<\/strong>.<\/div>\n<div dir=\"auto\"><\/div>\n<div dir=\"auto\">Placez la lanterne en bambou sur votre patio, votre balcon ou dans votre jardin pour ajouter une touche d&rsquo;exotisme et un<strong>\u00e9clairage doux<\/strong>. Sa forme \u00e9l\u00e9gante et son design intemporel s&rsquo;int\u00e8grent facilement au style de votre maison, cr\u00e9ant une ambiance enchanteresse.<\/div>\n<div dir=\"auto\"><\/div>\n<div dir=\"auto\">Le bambou naturel offre \u00e9galement une r\u00e9sistance et une durabilit\u00e9 exceptionnelles, ce qui vous permettra de profiter longtemps de cette magnifique lanterne. Que vous organisiez un d\u00eener romantique ou une f\u00eate entre amis, cette lanterne sera<strong> l&rsquo;accessoire de d\u00e9coration id\u00e9al pour cr\u00e9er une atmosph\u00e8re parfaite<\/strong>.<\/div>\n<div dir=\"auto\"><\/div>\n<div dir=\"auto\">Avec la lanterne en bambou naturel, d\u00e9couvrez comment transformer votre espace en une oasis de s\u00e9r\u00e9nit\u00e9 et de style. Choisissez la qualit\u00e9 et l&rsquo;\u00e9l\u00e9gance que seuls les produits Light House peuvent offrir et pr\u00e9parez-vous \u00e0 illuminer vos soir\u00e9es avec une touche de nature.<\/div>\n","protected":false},"excerpt":{"rendered":"<p><strong>Lanterne<\/strong> d\u00e9corative en <strong>bambou<\/strong> naturel dans le style d&rsquo;une nasse de p\u00eacheur. La texture unique du bambou donne un aspect authentique et naturel, qui s&rsquo;int\u00e8gre parfaitement \u00e0 tout <strong>d\u00e9cor<\/strong>.<\/p>\n<p>Dimensions :<\/p>\n<p>grand 30 x 30 x 60 cm<\/p>\n<p>petit : 33 x 33 x 49 cm<\/p>\n","protected":false},"featured_media":131811,"template":"","meta":{"_seopress_robots_primary_cat":"none","_seopress_titles_title":"lanterne en bambou naturel","_seopress_titles_desc":"Lanterne d\u00e9corative en bambou naturel dans le style d'une nasse de p\u00eacheur. La texture unique du bambou donne un aspect authentique et naturel, qui s'int\u00e8gre parfaitement \u00e0 tout d\u00e9cor.","_seopress_robots_index":""},"product_brand":[],"product_cat":[5935,4268,3747,4625],"product_tag":[4627,4626,5432,5433],"class_list":{"0":"post-132313","1":"product","2":"type-product","3":"status-publish","4":"has-post-thumbnail","6":"product_cat-actualites","7":"product_cat-bougies","8":"product_cat-decoration-interieure","9":"product_cat-lanternes","10":"product_tag-lanterne-fr-2","11":"product_tag-lanterne-fr","12":"product_tag-lanterne-artisanale","13":"product_tag-lanternes","15":"first","16":"instock","17":"shipping-taxable","18":"purchasable","19":"product-type-variable"},"jetpack_sharing_enabled":true,"_links":{"self":[{"href":"https:\/\/lighthouselocarno.ch\/fr\/wp-json\/wp\/v2\/product\/132313","targetHints":{"allow":["GET"]}}],"collection":[{"href":"https:\/\/lighthouselocarno.ch\/fr\/wp-json\/wp\/v2\/product"}],"about":[{"href":"https:\/\/lighthouselocarno.ch\/fr\/wp-json\/wp\/v2\/types\/product"}],"wp:featuredmedia":[{"embeddable":true,"href":"https:\/\/lighthouselocarno.ch\/fr\/wp-json\/wp\/v2\/media\/131811"}],"wp:attachment":[{"href":"https:\/\/lighthouselocarno.ch\/fr\/wp-json\/wp\/v2\/media?parent=132313"}],"wp:term":[{"taxonomy":"product_brand","embeddable":true,"href":"https:\/\/lighthouselocarno.ch\/fr\/wp-json\/wp\/v2\/product_brand?post=132313"},{"taxonomy":"product_cat","embeddable":true,"href":"https:\/\/lighthouselocarno.ch\/fr\/wp-json\/wp\/v2\/product_cat?post=132313"},{"taxonomy":"product_tag","embeddable":true,"href":"https:\/\/lighthouselocarno.ch\/fr\/wp-json\/wp\/v2\/product_tag?post=132313"}],"curies":[{"name":"wp","href":"https:\/\/api.w.org\/{rel}","templated":true}]}}