{"id":132328,"date":"2023-07-05T15:13:54","date_gmt":"2023-07-05T15:13:54","guid":{"rendered":"https:\/\/lighthouselocarno.ch\/prodotti\/tasse-a-cafe\/"},"modified":"2024-08-01T02:08:45","modified_gmt":"2024-08-01T02:08:45","slug":"tasse-a-cafe","status":"publish","type":"product","link":"https:\/\/lighthouselocarno.ch\/fr\/produit\/tasse-a-cafe\/","title":{"rendered":"Tasse \u00e0 caf\u00e9"},"content":{"rendered":"<p><em>Mugs en porcelaine blanche avec d\u00e9coration dor\u00e9e : une touche d&rsquo;\u00e9l\u00e9gance pour vos pauses caf\u00e9 et plus encore !<\/em><\/p>\n<p dir=\"auto\">Ajoutez une touche de <strong>luxe<\/strong> \u00e0 vos <strong>pauses caf\u00e9<\/strong> avec ces <strong>tasses uniques<\/strong> et cr\u00e9ez une exp\u00e9rience en sirotant votre boisson pr\u00e9f\u00e9r\u00e9e d&rsquo;une mani\u00e8re \u00e9l\u00e9gante et sophistiqu\u00e9e.<\/p>\n<p>  Les mugs en porcelaine blanche avec d\u00e9coration dor\u00e9e sont un classique intemporel. La combinaison du blanc pur de la porcelaine et des d\u00e9licats d\u00e9tails dor\u00e9s cr\u00e9e un effet visuel raffin\u00e9 et sophistiqu\u00e9. Ces tasses s&rsquo;int\u00e8grent parfaitement \u00e0 tous les styles de d\u00e9coration, des cuisines modernes aux plus traditionnelles. Si vous \u00eates d&rsquo;humeur romantique, compl\u00e9tez votre <strong>mise en place<\/strong> avec un <a href=\"https:\/\/lighthouselocarno.ch\/prodotti\/tovaglietta-con-pizzo-poema\/\"><strong>napperon en dentelle<\/strong><\/a> ou en <strong><a href=\"https:\/\/lighthouselocarno.ch\/prodotti\/sottopiatto-cuore\/\">forme de c\u0153ur<\/a>,<\/strong> ou encore <strong><a href=\"https:\/\/lighthouselocarno.ch\/prodotti\/tovaglietta-tempestata-di-cristalli\/\">serti de cristaux<\/a><\/strong> pour une<strong> table encore plus luxueuse<\/strong>. Choisissez soigneusement la <a href=\"https:\/\/lighthouselocarno.ch\/prodotti\/cofanetto-6-tovaglioli-con-cristalli\/\"><strong>serviette<\/strong> <\/a>et le <a href=\"https:\/\/lighthouselocarno.ch\/prodotti\/cofanetto-6-legatovaglioli-semplici-tempestato-di-cristalli\/\"><strong>attache-serviette <\/strong><\/a>qui correspondent le mieux \u00e0 votre style et ajoutez une touche d&rsquo;\u00e9l\u00e9gance avec un <strong><a href=\"https:\/\/lighthouselocarno.ch\/prodotti\/porta-candele-in-vetro-di-design\/\">bougeoir en verre<\/a><\/strong>, cr\u00e9ant ainsi une atmosph\u00e8re chaleureuse et unique !  <\/p>\n<div dir=\"auto\">Si vous cherchez un <strong>cadeau de qualit\u00e9 pour un amateur de caf\u00e9 ou de th\u00e9,<\/strong> les tasses Mug en porcelaine blanche et d\u00e9corations dor\u00e9es sont un choix id\u00e9al. Ces tasses sont appr\u00e9ci\u00e9es pour leur beaut\u00e9 et leur toucher luxueux. Vous pouvez envisager de les associer \u00e0 une s\u00e9lection de<strong> th\u00e9s fins ou de caf\u00e9s gourmands<\/strong> pour cr\u00e9er un<strong> cadeau sophistiqu\u00e9<\/strong>.<a href=\"https:\/\/lighthouselocarno.ch\/prodotti\/mini-alzatina-in-vetro\/\"> <strong>un \u00e9l\u00e9gant moule \u00e0 cupcakes en verre pour les petits g\u00e2teaux et les mini-p\u00e2tisseries.<\/strong><\/a><\/div>\n<p dir=\"auto\">\n<p dir=\"auto\"><em>Curiosit\u00e9 de LightHouse<\/em><\/p>\n<p>  L&rsquo;un des  <a href=\"https:\/\/www.schwarzenbach.ch\/en\/shop\/china-oolong-da-hong-pao-big-red-robe-2\/\"><strong>Le th\u00e9 le plus fin du monde est le Da Hong Pao<\/strong><\/a><\/p>\n<div dir=\"auto\">Originaire de la province de Fujian en Chine, le Da Hong Pao est un th\u00e9 oolong extr\u00eamement fin. Il est r\u00e9put\u00e9 pour son go\u00fbt complexe et riche, avec des notes de fruits et de torr\u00e9faction.  <strong>Les feuilles de Da Hong Pao sont tr\u00e8s rares et tr\u00e8s ch\u00e8res.<\/strong><\/div>\n<div dir=\"auto\"><\/div>\n<div dir=\"auto\"><strong>Pris\u00e9 et c\u00e9l\u00e8bre, le th\u00e9 Matcha <\/strong>est certainement le plus connu en Occident<\/div>\n<div dir=\"auto\">Le th\u00e9 Matcha est un th\u00e9 vert en poudre produit au Japon. Il est connu pour sa saveur riche et sucr\u00e9e et sa texture velout\u00e9e. Le Matcha est souvent utilis\u00e9 dans la c\u00e9r\u00e9monie<strong> japonaise<\/strong> du<strong> th\u00e9<\/strong> et est tr\u00e8s appr\u00e9ci\u00e9 pour ses <strong>effets b\u00e9n\u00e9fiques sur la sant\u00e9<\/strong>.<\/div>\n<p dir=\"auto\">\n<p dir=\"auto\">Ce ne sont l\u00e0 que quelques <strong>exemples de th\u00e9s fins<\/strong>, mais il existe de nombreux autres th\u00e9s de grande qualit\u00e9 provenant de diff\u00e9rentes r\u00e9gions du monde, chacun ayant ses propres caract\u00e9ristiques et traditions.<\/p>\n<p dir=\"auto\">Passons maintenant aux <strong>meilleurs caf\u00e9s du monde<\/strong>!<\/p>\n<p dir=\"auto\">\n<p dir=\"auto\"><strong>Caf\u00e9<\/strong> Geisha <strong>: Originaire d&rsquo;\u00c9thiopie<\/strong>, le caf\u00e9 Geisha est connu pour sa complexit\u00e9 aromatique et sa saveur florale distinctive. Il est devenu particuli\u00e8rement populaire au Panama, o\u00f9 des conditions de culture id\u00e9ales ont permis de <strong>produire un caf\u00e9 Geisha de grande qualit\u00e9<\/strong> qui a remport\u00e9 de nombreux prix lors de concours de caf\u00e9 sp\u00e9ciaux.<\/p>\n<p dir=\"auto\">\n<p dir=\"auto\"> <strong> Caf\u00e9<\/strong> \u00e9thiopien <strong> Yirgacheffe<\/strong>: cultiv\u00e9 dans la r\u00e9gion de Yirgacheffe en \u00c9thiopie, ce caf\u00e9 est appr\u00e9ci\u00e9 pour son ar\u00f4me floral et sa saveur vive. Il poss\u00e8de une douceur naturelle avec des notes de fruits et de chocolat. L&rsquo;\u00c9thiopie est<strong> consid\u00e9r\u00e9e comme le berceau du caf\u00e9<\/strong> et les caf\u00e9s \u00e9thiopiens sont appr\u00e9ci\u00e9s dans le monde entier pour leur qualit\u00e9 exceptionnelle.<\/p>\n<p dir=\"auto\">\n<p dir=\"auto\">\n<p dir=\"auto\">\n<div dir=\"auto\"><\/div>\n<div dir=\"auto\"><\/div>\n<div dir=\"auto\">\n<div dir=\"auto\"><\/div>\n<\/div>\n<div dir=\"auto\"><\/div>\n","protected":false},"excerpt":{"rendered":"<p><strong>Tasse \u00e0 caf\u00e9 en porcelaine blanche avec l&rsquo;inscription <\/strong><em>\u00abdo all things with love\u00bb<\/em> et des \u00e9l\u00e9ments d\u00e9coratifs dor\u00e9s. Comprend une<strong> soucoupe en forme de c\u0153ur<\/strong> et une cuill\u00e8re dor\u00e9e. Les mugs sont des objets indispensables pour tous ceux qui aiment d\u00e9guster une boisson chaude, comme le caf\u00e9 ou le th\u00e9, dans une atmosph\u00e8re d\u00e9tendue. Si vous cherchez une option qui allie \u00e9l\u00e9gance et style, les mugs en <strong>porcelaine blanche avec d\u00e9coration dor\u00e9e<\/strong> sont le choix id\u00e9al !<\/p>\n","protected":false},"featured_media":112879,"template":"","meta":{"_seopress_robots_primary_cat":"none","_seopress_titles_title":"","_seopress_titles_desc":"Tasse \u00e0 caf\u00e9 en porcelaine blanche avec l'inscription \"do all things with love\" et des \u00e9l\u00e9ments d\u00e9coratifs dor\u00e9s. Comprend une soucoupe en forme de c\u0153ur et une cuill\u00e8re dor\u00e9e.  ","_seopress_robots_index":""},"product_brand":[],"product_cat":[3747,3757,7229],"product_tag":[6727,5130,6720,5877,5879,5881],"class_list":{"0":"post-132328","1":"product","2":"type-product","3":"status-publish","4":"has-post-thumbnail","6":"product_cat-decoration-interieure","7":"product_cat-table-fr","8":"product_cat-plats-et-tasses","9":"product_tag-honoraires","10":"product_tag-mise-en-place-fr","11":"product_tag-tasse-fr-4","12":"product_tag-tasse-fr","13":"product_tag-tasse-fr-2","14":"product_tag-tasse-fr-3","16":"first","17":"instock","18":"shipping-taxable","19":"purchasable","20":"product-type-simple"},"jetpack_sharing_enabled":true,"_links":{"self":[{"href":"https:\/\/lighthouselocarno.ch\/fr\/wp-json\/wp\/v2\/product\/132328","targetHints":{"allow":["GET"]}}],"collection":[{"href":"https:\/\/lighthouselocarno.ch\/fr\/wp-json\/wp\/v2\/product"}],"about":[{"href":"https:\/\/lighthouselocarno.ch\/fr\/wp-json\/wp\/v2\/types\/product"}],"wp:featuredmedia":[{"embeddable":true,"href":"https:\/\/lighthouselocarno.ch\/fr\/wp-json\/wp\/v2\/media\/112879"}],"wp:attachment":[{"href":"https:\/\/lighthouselocarno.ch\/fr\/wp-json\/wp\/v2\/media?parent=132328"}],"wp:term":[{"taxonomy":"product_brand","embeddable":true,"href":"https:\/\/lighthouselocarno.ch\/fr\/wp-json\/wp\/v2\/product_brand?post=132328"},{"taxonomy":"product_cat","embeddable":true,"href":"https:\/\/lighthouselocarno.ch\/fr\/wp-json\/wp\/v2\/product_cat?post=132328"},{"taxonomy":"product_tag","embeddable":true,"href":"https:\/\/lighthouselocarno.ch\/fr\/wp-json\/wp\/v2\/product_tag?post=132328"}],"curies":[{"name":"wp","href":"https:\/\/api.w.org\/{rel}","templated":true}]}}