{"id":132406,"date":"2023-07-20T08:24:32","date_gmt":"2023-07-20T08:24:32","guid":{"rendered":"https:\/\/lighthouselocarno.ch\/prodotti\/plaid-en-coton\/"},"modified":"2024-08-21T04:47:24","modified_gmt":"2024-08-21T04:47:24","slug":"ecossais-coton","status":"publish","type":"product","link":"https:\/\/lighthouselocarno.ch\/fr\/produit\/ecossais-coton\/","title":{"rendered":"Plaid en coton"},"content":{"rendered":"<p>Ce <strong>plaid en coton \u00e9l\u00e9gant et l\u00e9ger<\/strong> est la solution parfaite pour les jours d&rsquo;\u00e9t\u00e9, offrant une touche suppl\u00e9mentaire de style et de confort \u00e0 votre maison. Le choix du <strong>marron, couleur polyvalente et raffin\u00e9e,<\/strong> apportera une touche d&rsquo;\u00e9l\u00e9gance \u00e0 votre d\u00e9coration. Vous pouvez combiner ce plaid avec n&rsquo;importe quel d\u00e9cor, cr\u00e9ant ainsi une ambiance chaleureuse et cosy pour vos espaces pr\u00e9f\u00e9r\u00e9s. Avec sa taille g\u00e9n\u00e9reuse, le <strong>plaid d&rsquo;\u00e9t\u00e9 en coton brun<\/strong> est parfait pour s&rsquo;envelopper confortablement seul ou partager des moments de d\u00e9tente avec ses proches. Ajoutez-le \u00e0 votre panier d&rsquo;achat et rendez votre chambre encore plus confortable et chic pendant la saison chaude !<\/p>\n","protected":false},"excerpt":{"rendered":"<p>Plaid d&rsquo;\u00e9t\u00e9 en coton marron <strong>fabriqu\u00e9<\/strong> \u00e0 partir de mat\u00e9riaux de haute qualit\u00e9, le <strong>plaid d&rsquo;\u00e9t\u00e9 en coton<\/strong> est con\u00e7u pour vous apporter une agr\u00e9able \u00e9treinte de fra\u00eecheur. Sa composition en coton naturel le rend id\u00e9al pour les soir\u00e9es d&rsquo;\u00e9t\u00e9 plus fra\u00eeches ou pour cr\u00e9er une atmosph\u00e8re douillette lors des journ\u00e9es de d\u00e9tente sur le canap\u00e9. Dimensions : 179 x 50 x 1 cm<\/p>\n","protected":false},"featured_media":131859,"template":"","meta":{"_seopress_robots_primary_cat":"none","_seopress_titles_title":"","_seopress_titles_desc":"Plaid d'\u00e9t\u00e9 en coton marron fabriqu\u00e9 \u00e0 partir de mat\u00e9riaux de haute qualit\u00e9, le plaid d'\u00e9t\u00e9 en coton est con\u00e7u pour vous apporter une agr\u00e9able \u00e9treinte de fra\u00eecheur. Sa composition en coton naturel le rend id\u00e9al pour les soir\u00e9es d'\u00e9t\u00e9 plus fra\u00eeches ou pour cr\u00e9er une atmosph\u00e8re douillette lors des journ\u00e9es de d\u00e9tente sur le canap\u00e9. Dimensions : 179 x 50 x 1 cm","_seopress_robots_index":""},"product_brand":[],"product_cat":[5935,6026,3747,5969],"product_tag":[6062,6044,4629,6029],"class_list":{"0":"post-132406","1":"product","2":"type-product","3":"status-publish","4":"has-post-thumbnail","6":"product_cat-actualites","7":"product_cat-couvertures","8":"product_cat-decoration-interieure","9":"product_cat-le-lit","10":"product_tag-accessoires","11":"product_tag-coton","12":"product_tag-decoration-interieure","13":"product_tag-ecossais","15":"first","16":"instock","17":"shipping-taxable","18":"purchasable","19":"product-type-simple"},"jetpack_sharing_enabled":true,"_links":{"self":[{"href":"https:\/\/lighthouselocarno.ch\/fr\/wp-json\/wp\/v2\/product\/132406","targetHints":{"allow":["GET"]}}],"collection":[{"href":"https:\/\/lighthouselocarno.ch\/fr\/wp-json\/wp\/v2\/product"}],"about":[{"href":"https:\/\/lighthouselocarno.ch\/fr\/wp-json\/wp\/v2\/types\/product"}],"wp:featuredmedia":[{"embeddable":true,"href":"https:\/\/lighthouselocarno.ch\/fr\/wp-json\/wp\/v2\/media\/131859"}],"wp:attachment":[{"href":"https:\/\/lighthouselocarno.ch\/fr\/wp-json\/wp\/v2\/media?parent=132406"}],"wp:term":[{"taxonomy":"product_brand","embeddable":true,"href":"https:\/\/lighthouselocarno.ch\/fr\/wp-json\/wp\/v2\/product_brand?post=132406"},{"taxonomy":"product_cat","embeddable":true,"href":"https:\/\/lighthouselocarno.ch\/fr\/wp-json\/wp\/v2\/product_cat?post=132406"},{"taxonomy":"product_tag","embeddable":true,"href":"https:\/\/lighthouselocarno.ch\/fr\/wp-json\/wp\/v2\/product_tag?post=132406"}],"curies":[{"name":"wp","href":"https:\/\/api.w.org\/{rel}","templated":true}]}}