{"id":132414,"date":"2023-07-03T05:11:30","date_gmt":"2023-07-03T05:11:30","guid":{"rendered":"https:\/\/lighthouselocarno.ch\/prodotti\/mug-en-porcelaine\/"},"modified":"2024-12-06T15:24:28","modified_gmt":"2024-12-06T15:24:28","slug":"mug-porcelaine","status":"publish","type":"product","link":"https:\/\/lighthouselocarno.ch\/fr\/produit\/mug-porcelaine\/","title":{"rendered":"Mug en porcelaine"},"content":{"rendered":"<p>Si vous cherchez un <strong>cadeau de qualit\u00e9 pour un amateur de caf\u00e9 ou de th\u00e9<\/strong>, le set de deux mugs en porcelaine blanche et d\u00e9cor\u00e9s d&rsquo;or est un choix id\u00e9al. Ces tasses sont appr\u00e9ci\u00e9es pour leur beaut\u00e9 et leur toucher luxueux. Vous pouvez envisager de les associer \u00e0 une s\u00e9lection de th\u00e9s fins ou de caf\u00e9s gourmands pour cr\u00e9er un cadeau complet.<\/p>\n","protected":false},"excerpt":{"rendered":"<p><strong>Mug en porcelaine blanc\/or avec couvercle<\/strong> et cuill\u00e8re dor\u00e9e 12 x 8,5 x 8,5 cm.<\/p>\n<p>Les <strong>d\u00e9corations dor\u00e9es des<\/strong> mugs ajoutent une touche de <strong>luxe et de sophistication<\/strong>. Les lignes dor\u00e9es ou les motifs d\u00e9licats rendent ces mugs uniques et accrocheurs. Vous pouvez choisir parmi plusieurs options de design, comme les pois ou les motifs g\u00e9om\u00e9triques. Choisissez le motif qui correspond le mieux \u00e0 vos go\u00fbts personnels et qui s&rsquo;harmonise avec le reste de votre collection de <strong>vaisselle<\/strong>.<\/p>\n","protected":false},"featured_media":131855,"template":"","meta":{"_seopress_robots_primary_cat":"none","_seopress_titles_title":"","_seopress_titles_desc":"Mug en porcelaine blanc\/or avec couvercle et cuill\u00e8re dor\u00e9e 12 x 8,5 x 8,5 cm.\n\nLes d\u00e9corations dor\u00e9es sur les mugs ajoutent une touche de luxe et de sophistication. Des lignes dor\u00e9es ou des motifs d\u00e9licats rendent ces tasses uniques et attrayantes. Vous pouvez choisir parmi plusieurs options de design, comme les pois ou les motifs g\u00e9om\u00e9triques. Choisissez le motif qui correspond le mieux \u00e0 vos go\u00fbts personnels et qui s'harmonise avec le reste de votre collection de vaisselle. Id\u00e9e de cadeau.  \n\n","_seopress_robots_index":"","_seopress_analysis_target_kw":""},"product_brand":[],"product_cat":[5935,3747,3757,7229],"product_tag":[5323,4629,6727,5212,6836,6720,5877,6837,6832,7246,7247],"class_list":{"0":"post-132414","1":"product","2":"type-product","3":"status-publish","4":"has-post-thumbnail","6":"product_cat-actualites","7":"product_cat-decoration-interieure","8":"product_cat-table-fr","9":"product_cat-plats-et-tasses","10":"product_tag-accessoires-de-table","11":"product_tag-decoration-interieure","12":"product_tag-honoraires","13":"product_tag-idee-de-cadeau","14":"product_tag-kaffeetasse-fr","15":"product_tag-tasse-fr-4","16":"product_tag-tasse-fr","17":"product_tag-tasse-a-cafe-fr-2","18":"product_tag-tasse-a-cafe-fr","19":"product_tag-tasse-a-the-fr","20":"product_tag-tasses","22":"first","23":"instock","24":"shipping-taxable","25":"purchasable","26":"product-type-simple"},"jetpack_sharing_enabled":true,"_links":{"self":[{"href":"https:\/\/lighthouselocarno.ch\/fr\/wp-json\/wp\/v2\/product\/132414","targetHints":{"allow":["GET"]}}],"collection":[{"href":"https:\/\/lighthouselocarno.ch\/fr\/wp-json\/wp\/v2\/product"}],"about":[{"href":"https:\/\/lighthouselocarno.ch\/fr\/wp-json\/wp\/v2\/types\/product"}],"wp:featuredmedia":[{"embeddable":true,"href":"https:\/\/lighthouselocarno.ch\/fr\/wp-json\/wp\/v2\/media\/131855"}],"wp:attachment":[{"href":"https:\/\/lighthouselocarno.ch\/fr\/wp-json\/wp\/v2\/media?parent=132414"}],"wp:term":[{"taxonomy":"product_brand","embeddable":true,"href":"https:\/\/lighthouselocarno.ch\/fr\/wp-json\/wp\/v2\/product_brand?post=132414"},{"taxonomy":"product_cat","embeddable":true,"href":"https:\/\/lighthouselocarno.ch\/fr\/wp-json\/wp\/v2\/product_cat?post=132414"},{"taxonomy":"product_tag","embeddable":true,"href":"https:\/\/lighthouselocarno.ch\/fr\/wp-json\/wp\/v2\/product_tag?post=132414"}],"curies":[{"name":"wp","href":"https:\/\/api.w.org\/{rel}","templated":true}]}}