{"id":132505,"date":"2023-07-24T14:19:32","date_gmt":"2023-07-24T14:19:32","guid":{"rendered":"https:\/\/lighthouselocarno.ch\/prodotti\/bougie-parfumee-livia\/"},"modified":"2024-04-19T13:50:59","modified_gmt":"2024-04-19T13:50:59","slug":"bougie-scented-livia","status":"publish","type":"product","link":"https:\/\/lighthouselocarno.ch\/fr\/produit\/bougie-scented-livia\/","title":{"rendered":"Bougie parfum\u00e9e Livia"},"content":{"rendered":"<p><strong>Bougie parfum\u00e9e aux fleurs d&rsquo;agrumes<\/strong><\/p>\n<p>Cette <strong>bougie parfum\u00e9e <\/strong>au d\u00e9licat parfum de fleurs d&rsquo;agrumes est <strong>l&rsquo;objet de d\u00e9coration parfait<\/strong> pour ajouter une touche d&rsquo;\u00e9l\u00e9gance et de sophistication \u00e0 votre int\u00e9rieur. Coul\u00e9e dans un <strong>\u00e9l\u00e9gant bol en m\u00e9tal argent\u00e9 martel\u00e9,<\/strong> cette bougie est id\u00e9ale pour <strong>d\u00e9corer <\/strong>tout type d&rsquo;int\u00e9rieur, du plus rustique au plus moderne.<\/p>\n<p>Le parfum des fleurs d&rsquo;agrumes est frais et vif, parfait pour cr\u00e9er une atmosph\u00e8re de d\u00e9tente et de bien-\u00eatre. La bougie est fabriqu\u00e9e \u00e0 partir d&rsquo;ingr\u00e9dients de haute qualit\u00e9 et dure longtemps, de sorte que vous pouvez profiter de son parfum pendant des heures.<\/p>\n<p>Avantages :<\/p>\n<ul>\n<li>Cr\u00e9e une atmosph\u00e8re de d\u00e9tente et de bien-\u00eatre<\/li>\n<li>Rend votre maison plus \u00e9l\u00e9gante et plus raffin\u00e9e<\/li>\n<li>Longue dur\u00e9e<\/li>\n<\/ul>\n","protected":false},"excerpt":{"rendered":"[contact-form][contact-field label=\"Nom\" type=\"name\" required=\"true\" \/][contact-field label=\"Courriel :\" type=\"email\" required=\"true\" \/][contact-field label=\"Site web\" type=\"url\" \/][contact-field label=\"Message\" type=\"textarea\" \/][\/contact-form]\n<p>Bougie parfum\u00e9e aux agrumes.<\/p>\n<p>Disponible en trois tailles :<\/p>\n<p>grand 40H de lumi\u00e8re : 31 x 31 x 10 cm<\/p>\n<p>lumi\u00e8re moyenne 19H : 19,5 x 19,5 x 4,5 cm<\/p>\n<p>petit 15H de lumi\u00e8re : 12 x12 x 3,5 cm<\/p>\n","protected":false},"featured_media":113236,"template":"","meta":{"_seopress_robots_primary_cat":"none","_seopress_titles_title":"","_seopress_titles_desc":"Bougie parfum\u00e9e au d\u00e9licat parfum de fleurs d'agrumes. Coul\u00e9e dans un \u00e9l\u00e9gant bol en m\u00e9tal argent\u00e9 martel\u00e9. Id\u00e9al comme d\u00e9coration d'int\u00e9rieur dans tous les environnements, du plus rustique au plus moderne.","_seopress_robots_index":""},"product_brand":[],"product_cat":[5935,4268,7125,3747],"product_tag":[4794,7272,4289,7273,8361,4274,6432,8362,7269],"class_list":{"0":"post-132505","1":"product","2":"type-product","3":"status-publish","4":"has-post-thumbnail","6":"product_cat-actualites","7":"product_cat-bougies","8":"product_cat-bougies-fr","9":"product_cat-decoration-interieure","10":"product_tag-bougie-fr","11":"product_tag-bougie-fr-3","12":"product_tag-bougie-naturelle","13":"product_tag-bougie-parfumee-fr","14":"product_tag-bougie-parfumee-fr-2","15":"product_tag-bougie-parfumee","16":"product_tag-bougies-fr","17":"product_tag-duftkerze-fr","18":"product_tag-kerze-fr","20":"first","21":"instock","22":"shipping-taxable","23":"purchasable","24":"product-type-variable","25":"has-default-attributes"},"jetpack_sharing_enabled":true,"_links":{"self":[{"href":"https:\/\/lighthouselocarno.ch\/fr\/wp-json\/wp\/v2\/product\/132505","targetHints":{"allow":["GET"]}}],"collection":[{"href":"https:\/\/lighthouselocarno.ch\/fr\/wp-json\/wp\/v2\/product"}],"about":[{"href":"https:\/\/lighthouselocarno.ch\/fr\/wp-json\/wp\/v2\/types\/product"}],"wp:featuredmedia":[{"embeddable":true,"href":"https:\/\/lighthouselocarno.ch\/fr\/wp-json\/wp\/v2\/media\/113236"}],"wp:attachment":[{"href":"https:\/\/lighthouselocarno.ch\/fr\/wp-json\/wp\/v2\/media?parent=132505"}],"wp:term":[{"taxonomy":"product_brand","embeddable":true,"href":"https:\/\/lighthouselocarno.ch\/fr\/wp-json\/wp\/v2\/product_brand?post=132505"},{"taxonomy":"product_cat","embeddable":true,"href":"https:\/\/lighthouselocarno.ch\/fr\/wp-json\/wp\/v2\/product_cat?post=132505"},{"taxonomy":"product_tag","embeddable":true,"href":"https:\/\/lighthouselocarno.ch\/fr\/wp-json\/wp\/v2\/product_tag?post=132505"}],"curies":[{"name":"wp","href":"https:\/\/api.w.org\/{rel}","templated":true}]}}