{"id":132517,"date":"2023-07-24T14:28:34","date_gmt":"2023-07-24T14:28:34","guid":{"rendered":"https:\/\/lighthouselocarno.ch\/prodotti\/bougie-parfumee-de-luxe\/"},"modified":"2023-12-20T20:26:57","modified_gmt":"2023-12-20T20:26:57","slug":"bougie-de-luxe-parfumee","status":"publish","type":"product","link":"https:\/\/lighthouselocarno.ch\/fr\/produit\/bougie-de-luxe-parfumee\/","title":{"rendered":"Bougie parfum\u00e9e de luxe"},"content":{"rendered":"<p style=\"text-align: left\">Cette <strong>bougie parfum\u00e9e<\/strong> est <strong>l&rsquo;accessoire de d\u00e9coration le plus polyvalent pour cr\u00e9er l&rsquo;atmosph\u00e8re ad\u00e9quate dans votre maison<\/strong>. C&rsquo;est aussi le <strong>cadeau id\u00e9al pour ceux qui aiment les belles choses de qualit\u00e9<\/strong>. L&rsquo;\u00e9l\u00e9gant emballage argent\u00e9 le rend parfait pour toute occasion, tandis que la d\u00e9licate essence de fleurs d&rsquo;agrumes cr\u00e9e une atmosph\u00e8re relaxante et agr\u00e9able. La bougie est fabriqu\u00e9e \u00e0 partir d&rsquo;ingr\u00e9dients de haute qualit\u00e9 et dure jusqu&rsquo;\u00e0 48 heures, ce qui vous permet de profiter de son parfum aussi longtemps que vous le souhaitez.<\/p>\n","protected":false},"excerpt":{"rendered":"<p><strong>Bougie parfum\u00e9e<\/strong> dans un \u00e9l\u00e9gant emballage argent\u00e9 de luxe, avec une d\u00e9licate <strong>essence de fleurs d&rsquo;agrumes<\/strong>.<\/p>\n<p>Dur\u00e9e d&rsquo;\u00e9clairage 48H, dimensions 10 x 10 x 11,5 cm<\/p>\n","protected":false},"featured_media":113272,"template":"","meta":{"_seopress_robots_primary_cat":"none","_seopress_titles_title":"","_seopress_titles_desc":"Cette bougie parfum\u00e9e est l'accessoire de d\u00e9coration le plus polyvalent pour cr\u00e9er l'atmosph\u00e8re ad\u00e9quate dans votre maison. De plus, c'est le cadeau id\u00e9al pour ceux qui aiment les belles choses de qualit\u00e9.","_seopress_robots_index":""},"product_brand":[],"product_cat":[5935,7125,4268,3747,4040,4137,7209],"product_tag":[4794,7272,4274,7269],"class_list":{"0":"post-132517","1":"product","2":"type-product","3":"status-publish","4":"has-post-thumbnail","6":"product_cat-actualites","7":"product_cat-bougies-fr","8":"product_cat-bougies","9":"product_cat-decoration-interieure","10":"product_cat-decorations-fr","11":"product_cat-decorations-de-noel","12":"product_cat-mode-la-plage","13":"product_tag-bougie-fr","14":"product_tag-bougie-fr-3","15":"product_tag-bougie-parfumee","16":"product_tag-kerze-fr","18":"first","19":"onbackorder","20":"shipping-taxable","21":"purchasable","22":"product-type-simple"},"jetpack_sharing_enabled":true,"_links":{"self":[{"href":"https:\/\/lighthouselocarno.ch\/fr\/wp-json\/wp\/v2\/product\/132517","targetHints":{"allow":["GET"]}}],"collection":[{"href":"https:\/\/lighthouselocarno.ch\/fr\/wp-json\/wp\/v2\/product"}],"about":[{"href":"https:\/\/lighthouselocarno.ch\/fr\/wp-json\/wp\/v2\/types\/product"}],"wp:featuredmedia":[{"embeddable":true,"href":"https:\/\/lighthouselocarno.ch\/fr\/wp-json\/wp\/v2\/media\/113272"}],"wp:attachment":[{"href":"https:\/\/lighthouselocarno.ch\/fr\/wp-json\/wp\/v2\/media?parent=132517"}],"wp:term":[{"taxonomy":"product_brand","embeddable":true,"href":"https:\/\/lighthouselocarno.ch\/fr\/wp-json\/wp\/v2\/product_brand?post=132517"},{"taxonomy":"product_cat","embeddable":true,"href":"https:\/\/lighthouselocarno.ch\/fr\/wp-json\/wp\/v2\/product_cat?post=132517"},{"taxonomy":"product_tag","embeddable":true,"href":"https:\/\/lighthouselocarno.ch\/fr\/wp-json\/wp\/v2\/product_tag?post=132517"}],"curies":[{"name":"wp","href":"https:\/\/api.w.org\/{rel}","templated":true}]}}