{"id":133338,"date":"2024-07-05T12:05:27","date_gmt":"2024-07-05T12:05:27","guid":{"rendered":"https:\/\/lighthouselocarno.ch\/prodotto\/coeur-moyennement-decore-avec-motif-effet-dentelle\/"},"modified":"2025-05-23T12:52:24","modified_gmt":"2025-05-23T12:52:24","slug":"coeur-decor-medium-avec-effet-lace","status":"publish","type":"product","link":"https:\/\/lighthouselocarno.ch\/fr\/produit\/coeur-decor-medium-avec-effet-lace\/","title":{"rendered":"Coeur moyennement d\u00e9cor\u00e9 avec motif effet dentelle"},"content":{"rendered":"<p><span data-sheets-value=\"{\"1\":2,\"2\":\"Cuore bianco naturale con vela argento con strass per appenderlo, decorato con motivo effetto pizzo di strass color aurora boreale e mezze perle. Parte posteriore con tessuto effetto piquet e logo con mezze perle.\"}\" data-sheets-userformat=\"{\"2\":963,\"3\":{\"1\":0},\"4\":{\"1\":2,\"2\":65280},\"9\":1,\"10\":1,\"11\":4,\"12\":0}\">Coeur blanc naturel avec voile argent\u00e9 avec strass \u00e0 suspendre, d\u00e9cor\u00e9 d&rsquo;un motif effet dentelle de strass de couleur aurore bor\u00e9ale et de demi-perles. Dos avec tissu effet piqu\u00e9 et logo avec demi-perles.<\/span><\/p>\n<p>D\u00e9coration en forme de c\u0153ur fabriqu\u00e9e en Italie avec un tissu doux au toucher.<br \/>\nD\u00e9corez vos pi\u00e8ces en ajoutant une touche d&rsquo;originalit\u00e9 \u00e0 votre d\u00e9cor.<br \/>\nLa longue dur\u00e9e de vie et la facilit\u00e9 d&rsquo;entretien ajoutent \u00e0 votre choix.<br \/>\nVeuillez vous r\u00e9f\u00e9rer \u00e0 la section \u00abEntretien du produit\u00bb pour toutes les instructions de lavage.<\/p>\n<p>Vous pouvez utiliser ce c\u0153ur en tissu pour cr\u00e9er des compositions d\u00e9coratives originales ou comme porte-cl\u00e9s.<\/p>\n","protected":false},"excerpt":{"rendered":"<p><span data-sheets-value=\"{\"1\":2,\"2\":\"Cuore bianco naturale con vela argento con strass per appenderlo, decorato con motivo effetto pizzo di strass color aurora boreale e mezze perle. Parte posteriore con tessuto effetto piquet e logo con mezze perle.\"}\" data-sheets-userformat=\"{\"2\":963,\"3\":{\"1\":0},\"4\":{\"1\":2,\"2\":65280},\"9\":1,\"10\":1,\"11\":4,\"12\":0}\">Coeur blanc naturel avec voile argent\u00e9 avec strass \u00e0 suspendre, d\u00e9cor\u00e9 d&rsquo;un motif effet dentelle de strass de couleur aurore bor\u00e9ale et de demi-perles. Dos avec tissu effet piqu\u00e9 et logo avec demi-perles.<\/span><\/p>\n<p>D\u00e9coration en forme de c\u0153ur fabriqu\u00e9e en Italie avec un tissu doux au toucher.<br \/>\nD\u00e9corez vos pi\u00e8ces en ajoutant une touche d&rsquo;originalit\u00e9 \u00e0 votre d\u00e9cor.<br \/>\nLa longue dur\u00e9e de vie et la facilit\u00e9 d&rsquo;entretien ajoutent \u00e0 votre choix.<br \/>\nVeuillez vous r\u00e9f\u00e9rer \u00e0 la section \u00abEntretien du produit\u00bb pour toutes les instructions de lavage.<\/p>\n<p>Vous pouvez utiliser ce c\u0153ur en tissu pour cr\u00e9er des compositions d\u00e9coratives originales ou comme porte-cl\u00e9s.<\/p>\n","protected":false},"featured_media":133239,"template":"","meta":{"_seopress_robots_primary_cat":"none","_seopress_titles_title":"coussin en broderie dentelle en forme de c\u0153ur","_seopress_titles_desc":"Coussin en forme de c\u0153ur brod\u00e9 de dentelle. D\u00e9corations originales, \u00e9l\u00e9gantes et raffin\u00e9es pour la maison. D\u00e9corations romantiques pour la maison. Des id\u00e9es de cadeaux exclusives.","_seopress_robots_index":""},"product_brand":[8562],"product_cat":[6122,7198,3747],"product_tag":[6132,7427,6865,7426,7425,6871,6874],"class_list":{"0":"post-133338","1":"product","2":"type-product","3":"status-publish","4":"has-post-thumbnail","6":"product_brand-arte-pura","7":"product_cat-accessoires","8":"product_cat-deco","9":"product_cat-decoration-interieure","10":"product_tag-accessoires-decoratifs","11":"product_tag-choisissez-votre-faveur","12":"product_tag-creations","13":"product_tag-des-idees-de-cadeaux-originales-voici-la-solution-pour-vous","14":"product_tag-deux-styles-au-choix","15":"product_tag-inlove-fr","16":"product_tag-le-coeur","17":"pa_tema-inlove-fr","19":"first","20":"instock","21":"shipping-taxable","22":"purchasable","23":"product-type-simple"},"jetpack_sharing_enabled":true,"_links":{"self":[{"href":"https:\/\/lighthouselocarno.ch\/fr\/wp-json\/wp\/v2\/product\/133338","targetHints":{"allow":["GET"]}}],"collection":[{"href":"https:\/\/lighthouselocarno.ch\/fr\/wp-json\/wp\/v2\/product"}],"about":[{"href":"https:\/\/lighthouselocarno.ch\/fr\/wp-json\/wp\/v2\/types\/product"}],"wp:featuredmedia":[{"embeddable":true,"href":"https:\/\/lighthouselocarno.ch\/fr\/wp-json\/wp\/v2\/media\/133239"}],"wp:attachment":[{"href":"https:\/\/lighthouselocarno.ch\/fr\/wp-json\/wp\/v2\/media?parent=133338"}],"wp:term":[{"taxonomy":"product_brand","embeddable":true,"href":"https:\/\/lighthouselocarno.ch\/fr\/wp-json\/wp\/v2\/product_brand?post=133338"},{"taxonomy":"product_cat","embeddable":true,"href":"https:\/\/lighthouselocarno.ch\/fr\/wp-json\/wp\/v2\/product_cat?post=133338"},{"taxonomy":"product_tag","embeddable":true,"href":"https:\/\/lighthouselocarno.ch\/fr\/wp-json\/wp\/v2\/product_tag?post=133338"}],"curies":[{"name":"wp","href":"https:\/\/api.w.org\/{rel}","templated":true}]}}