{"id":133793,"date":"2023-09-05T12:06:46","date_gmt":"2023-09-05T12:06:46","guid":{"rendered":"https:\/\/lighthouselocarno.ch\/prodotto\/petite-bougie-blanche-a-cylindre-bas-avec-dentelle-au-crochet\/"},"modified":"2025-05-23T12:58:56","modified_gmt":"2025-05-23T12:58:56","slug":"bougie-cylindre-blanc-petit-et-bas-avec-lace-incirculee","status":"publish","type":"product","link":"https:\/\/lighthouselocarno.ch\/fr\/produit\/bougie-cylindre-blanc-petit-et-bas-avec-lace-incirculee\/","title":{"rendered":"Petite bougie blanche \u00e0 cylindre bas avec dentelle au crochet"},"content":{"rendered":"<p>Petite bougie cylindrique basse en essence de lin, d\u00e9cor\u00e9e d&rsquo;une dentelle au crochet.<\/p>\n","protected":false},"excerpt":{"rendered":"<p>Petite bougie cylindrique basse en essence de lin, d\u00e9cor\u00e9e d&rsquo;une dentelle au crochet.<\/p>\n","protected":false},"featured_media":133426,"template":"","meta":{"_seopress_robots_primary_cat":"none","_seopress_titles_title":"","_seopress_titles_desc":"","_seopress_robots_index":""},"product_brand":[8562],"product_cat":[7125,4268,3747],"product_tag":[6132,6431,5983,7427,6244,7425,4823,6078,5845],"class_list":{"0":"post-133793","1":"product","2":"type-product","3":"status-publish","4":"has-post-thumbnail","6":"product_brand-arte-pura","7":"product_cat-bougies-fr","8":"product_cat-bougies","9":"product_cat-decoration-interieure","10":"product_tag-accessoires-decoratifs","11":"product_tag-bougies","12":"product_tag-chambre-a-coucher","13":"product_tag-choisissez-votre-faveur","14":"product_tag-dentelle-au-crochet","15":"product_tag-deux-styles-au-choix","16":"product_tag-salle-de-bains","17":"product_tag-salon","18":"product_tag-tableau-fr","19":"pa_colore-blanc-019","20":"pa_tema-blanc","22":"first","23":"instock","24":"shipping-taxable","25":"purchasable","26":"product-type-variable","27":"has-default-attributes"},"jetpack_sharing_enabled":true,"_links":{"self":[{"href":"https:\/\/lighthouselocarno.ch\/fr\/wp-json\/wp\/v2\/product\/133793","targetHints":{"allow":["GET"]}}],"collection":[{"href":"https:\/\/lighthouselocarno.ch\/fr\/wp-json\/wp\/v2\/product"}],"about":[{"href":"https:\/\/lighthouselocarno.ch\/fr\/wp-json\/wp\/v2\/types\/product"}],"wp:featuredmedia":[{"embeddable":true,"href":"https:\/\/lighthouselocarno.ch\/fr\/wp-json\/wp\/v2\/media\/133426"}],"wp:attachment":[{"href":"https:\/\/lighthouselocarno.ch\/fr\/wp-json\/wp\/v2\/media?parent=133793"}],"wp:term":[{"taxonomy":"product_brand","embeddable":true,"href":"https:\/\/lighthouselocarno.ch\/fr\/wp-json\/wp\/v2\/product_brand?post=133793"},{"taxonomy":"product_cat","embeddable":true,"href":"https:\/\/lighthouselocarno.ch\/fr\/wp-json\/wp\/v2\/product_cat?post=133793"},{"taxonomy":"product_tag","embeddable":true,"href":"https:\/\/lighthouselocarno.ch\/fr\/wp-json\/wp\/v2\/product_tag?post=133793"}],"curies":[{"name":"wp","href":"https:\/\/api.w.org\/{rel}","templated":true}]}}