{"id":133804,"date":"2023-09-05T12:06:45","date_gmt":"2023-09-05T12:06:45","guid":{"rendered":"https:\/\/lighthouselocarno.ch\/prodotto\/petite-bougie-blanche-a-cylindre-bas-avec-dentelle-harmony\/"},"modified":"2025-05-23T12:58:56","modified_gmt":"2025-05-23T12:58:56","slug":"petit-et-bas-cylindres-bougie-blanche-harmonie-avec-le-lacet","status":"publish","type":"product","link":"https:\/\/lighthouselocarno.ch\/fr\/produit\/petit-et-bas-cylindres-bougie-blanche-harmonie-avec-le-lacet\/","title":{"rendered":"Petite bougie blanche \u00e0 cylindre bas avec dentelle Harmony"},"content":{"rendered":"<p>Petite bougie cylindrique basse \u00e0 l&rsquo;essence de lin, d\u00e9cor\u00e9e d&rsquo;une dentelle Harmony.<\/p>\n","protected":false},"excerpt":{"rendered":"<p>Petite bougie cylindrique basse \u00e0 l&rsquo;essence de lin, d\u00e9cor\u00e9e d&rsquo;une dentelle Harmony.<\/p>\n","protected":false},"featured_media":133383,"template":"","meta":{"_seopress_robots_primary_cat":"none","_seopress_titles_title":"","_seopress_titles_desc":"","_seopress_robots_index":""},"product_brand":[8562],"product_cat":[7125,4268,3747],"product_tag":[6132,6431,5983,7427,6000,4823,6078,5845],"class_list":{"0":"post-133804","1":"product","2":"type-product","3":"status-publish","4":"has-post-thumbnail","6":"product_brand-arte-pura","7":"product_cat-bougies-fr","8":"product_cat-bougies","9":"product_cat-decoration-interieure","10":"product_tag-accessoires-decoratifs","11":"product_tag-bougies","12":"product_tag-chambre-a-coucher","13":"product_tag-choisissez-votre-faveur","14":"product_tag-harmony-lace","15":"product_tag-salle-de-bains","16":"product_tag-salon","17":"product_tag-tableau-fr","18":"pa_colore-blanc-019","20":"first","21":"instock","22":"shipping-taxable","23":"purchasable","24":"product-type-variable","25":"has-default-attributes"},"jetpack_sharing_enabled":true,"_links":{"self":[{"href":"https:\/\/lighthouselocarno.ch\/fr\/wp-json\/wp\/v2\/product\/133804","targetHints":{"allow":["GET"]}}],"collection":[{"href":"https:\/\/lighthouselocarno.ch\/fr\/wp-json\/wp\/v2\/product"}],"about":[{"href":"https:\/\/lighthouselocarno.ch\/fr\/wp-json\/wp\/v2\/types\/product"}],"wp:featuredmedia":[{"embeddable":true,"href":"https:\/\/lighthouselocarno.ch\/fr\/wp-json\/wp\/v2\/media\/133383"}],"wp:attachment":[{"href":"https:\/\/lighthouselocarno.ch\/fr\/wp-json\/wp\/v2\/media?parent=133804"}],"wp:term":[{"taxonomy":"product_brand","embeddable":true,"href":"https:\/\/lighthouselocarno.ch\/fr\/wp-json\/wp\/v2\/product_brand?post=133804"},{"taxonomy":"product_cat","embeddable":true,"href":"https:\/\/lighthouselocarno.ch\/fr\/wp-json\/wp\/v2\/product_cat?post=133804"},{"taxonomy":"product_tag","embeddable":true,"href":"https:\/\/lighthouselocarno.ch\/fr\/wp-json\/wp\/v2\/product_tag?post=133804"}],"curies":[{"name":"wp","href":"https:\/\/api.w.org\/{rel}","templated":true}]}}