{"id":134411,"date":"2023-09-05T13:13:10","date_gmt":"2023-09-05T13:13:10","guid":{"rendered":"https:\/\/lighthouselocarno.ch\/prodotto\/nappe-en-lin-180x270cm-avec-dentelle-crochet\/"},"modified":"2025-05-23T12:58:56","modified_gmt":"2025-05-23T12:58:56","slug":"nappe-180x270cm-en-linen-avec-lacee-piquee","status":"publish","type":"product","link":"https:\/\/lighthouselocarno.ch\/fr\/produit\/nappe-180x270cm-en-linen-avec-lacee-piquee\/","title":{"rendered":"Nappe en lin 180x270cm avec dentelle \u00abCrochet"},"content":{"rendered":"<p><span data-sheets-value=\"{\"1\":2,\"2\":\"Tovaglia beige chiaro rettangolare in lino pesante con cornice, pizzo \"Farnese\" cucito sulla cornice su tutti i lati e inserto rettangolare logo Arte Pura. Bordo con piega. Misure 180x270 cm. \"}\" data-sheets-userformat=\"{\"2\":963,\"3\":{\"1\":0},\"4\":[null,2,16043212],\"9\":1,\"10\":1,\"11\":4,\"12\":0}\">Nappe rectangulaire en lin \u00e9pais avec cadre, dentelle \u00abUncinetto\u00bb cousue sur le cadre sur tous les c\u00f4t\u00e9s et insertion du logo Arte Pura. Bord avec pli. Dimensions 180\u00d7270 cm.<\/span><\/p>\n<p>Nappe fabriqu\u00e9e en Italie, compos\u00e9e \u00e0 100 % de lin de haute qualit\u00e9 et rendue douce au toucher par des traitements sp\u00e9ciaux qui renforcent l&rsquo;aspect naturel.<br \/>\nUn tissu id\u00e9al pour la table car il est hypoallerg\u00e9nique et antibact\u00e9rien, en plus de l&rsquo;utilisation de colorants naturels et hypoallerg\u00e9niques qui donnent de l&rsquo;\u00e9clat et de la verve \u00e0 la fibre naturelle.<br \/>\nLa longue dur\u00e9e de vie et la facilit\u00e9 d&rsquo;entretien ajoutent \u00e0 votre choix.<br \/>\nId\u00e9al pour embellir votre mise en place : seul ou associ\u00e9 \u00e0 des chemins de table et des serviettes, pour cr\u00e9er des combinaisons originales \u00e0 chaque fois.<br \/>\nVeuillez vous r\u00e9f\u00e9rer \u00e0 la section \u00abEntretien du produit\u00bb pour toutes les instructions de lavage.<\/p>\n","protected":false},"excerpt":{"rendered":"<p><span data-sheets-value=\"{\"1\":2,\"2\":\"Tovaglia beige chiaro rettangolare in lino pesante con cornice, pizzo \"Farnese\" cucito sulla cornice su tutti i lati e inserto rettangolare logo Arte Pura. Bordo con piega. Misure 180x270 cm. \"}\" data-sheets-userformat=\"{\"2\":963,\"3\":{\"1\":0},\"4\":[null,2,16043212],\"9\":1,\"10\":1,\"11\":4,\"12\":0}\">Nappe rectangulaire en lin \u00e9pais avec cadre, dentelle \u00abUncinetto\u00bb cousue sur le cadre sur tous les c\u00f4t\u00e9s et insertion du logo Arte Pura. Bord avec pli. Dimensions 180\u00d7270 cm.<\/span><\/p>\n<p>Nappe fabriqu\u00e9e en Italie, compos\u00e9e \u00e0 100 % de lin de haute qualit\u00e9 et rendue douce au toucher par des traitements sp\u00e9ciaux qui renforcent l&rsquo;aspect naturel.<br \/>\nUn tissu id\u00e9al pour la table car il est hypoallerg\u00e9nique et antibact\u00e9rien, en plus de l&rsquo;utilisation de colorants naturels et hypoallerg\u00e9niques qui donnent de l&rsquo;\u00e9clat et de la verve \u00e0 la fibre naturelle.<br \/>\nLa longue dur\u00e9e de vie et la facilit\u00e9 d&rsquo;entretien ajoutent \u00e0 votre choix.<br \/>\nId\u00e9al pour embellir votre mise en place : seul ou associ\u00e9 \u00e0 des chemins de table et des serviettes, pour cr\u00e9er des combinaisons originales \u00e0 chaque fois.<br \/>\nVeuillez vous r\u00e9f\u00e9rer \u00e0 la section \u00abEntretien du produit\u00bb pour toutes les instructions de lavage.<\/p>\n","protected":false},"featured_media":134042,"template":"","meta":{"_seopress_robots_primary_cat":"","_seopress_titles_title":"","_seopress_titles_desc":"","_seopress_robots_index":""},"product_brand":[8562],"product_cat":[3747,3757,5978],"product_tag":[7425,6104,3972,6001,6192,5845],"class_list":{"0":"post-134411","1":"product","2":"type-product","3":"status-publish","4":"has-post-thumbnail","6":"product_brand-arte-pura","7":"product_cat-decoration-interieure","8":"product_cat-table-fr","9":"product_cat-nappes","10":"product_tag-deux-styles-au-choix","11":"product_tag-industriel","12":"product_tag-lino-fr","13":"product_tag-nappes","14":"product_tag-synergy-lace","15":"product_tag-tableau-fr","16":"pa_colore-blanc-019","17":"pa_taglia-180x270-cm-fr","18":"pa_tema-blanc","20":"first","21":"instock","22":"shipping-taxable","23":"purchasable","24":"product-type-variable","25":"has-default-attributes"},"jetpack_sharing_enabled":true,"_links":{"self":[{"href":"https:\/\/lighthouselocarno.ch\/fr\/wp-json\/wp\/v2\/product\/134411","targetHints":{"allow":["GET"]}}],"collection":[{"href":"https:\/\/lighthouselocarno.ch\/fr\/wp-json\/wp\/v2\/product"}],"about":[{"href":"https:\/\/lighthouselocarno.ch\/fr\/wp-json\/wp\/v2\/types\/product"}],"wp:featuredmedia":[{"embeddable":true,"href":"https:\/\/lighthouselocarno.ch\/fr\/wp-json\/wp\/v2\/media\/134042"}],"wp:attachment":[{"href":"https:\/\/lighthouselocarno.ch\/fr\/wp-json\/wp\/v2\/media?parent=134411"}],"wp:term":[{"taxonomy":"product_brand","embeddable":true,"href":"https:\/\/lighthouselocarno.ch\/fr\/wp-json\/wp\/v2\/product_brand?post=134411"},{"taxonomy":"product_cat","embeddable":true,"href":"https:\/\/lighthouselocarno.ch\/fr\/wp-json\/wp\/v2\/product_cat?post=134411"},{"taxonomy":"product_tag","embeddable":true,"href":"https:\/\/lighthouselocarno.ch\/fr\/wp-json\/wp\/v2\/product_tag?post=134411"}],"curies":[{"name":"wp","href":"https:\/\/api.w.org\/{rel}","templated":true}]}}