{"id":134452,"date":"2023-09-05T13:15:08","date_gmt":"2023-09-05T13:15:08","guid":{"rendered":"https:\/\/lighthouselocarno.ch\/prodotto\/drap-double-en-lin-leger-avec-dentelle-sinergia\/"},"modified":"2025-05-23T12:58:56","modified_gmt":"2025-05-23T12:58:56","slug":"drap-de-mariage-en-lin-leger-avec-synergie-lacis","status":"publish","type":"product","link":"https:\/\/lighthouselocarno.ch\/fr\/produit\/drap-de-mariage-en-lin-leger-avec-synergie-lacis\/","title":{"rendered":"Drap double en lin l\u00e9ger avec dentelle Sinergia"},"content":{"rendered":"<p>Drap double en lin l\u00e9ger avec dentelle Sinergia cousue sur un c\u00f4t\u00e9. Insertion du logo carr\u00e9 Arte Pura. Bord avec pli. Dimensions 270&#215;290 cm.<\/p>\n<p>Drap fabriqu\u00e9 en Italie \u00e0 partir de 100% de lin de haute qualit\u00e9 et rendu doux au toucher par des traitements sp\u00e9ciaux qui renforcent l&rsquo;aspect naturel.<br \/>\nCe tissu est id\u00e9al pour le lit car il est hypoallerg\u00e9nique et antibact\u00e9rien. De plus, l&rsquo;utilisation de teintures naturelles et non allerg\u00e8nes conf\u00e8re \u00e0 la fibre naturelle de l&rsquo;\u00e9clat et de la vivacit\u00e9.<br \/>\nLa longue dur\u00e9e de vie et la facilit\u00e9 d&rsquo;entretien ajoutent \u00e0 votre choix.<br \/>\nId\u00e9al pour embellir votre literie : seul ou combin\u00e9 avec des couvre-lits et des taies d&rsquo;oreiller, pour cr\u00e9er des combinaisons originales \u00e0 chaque fois.<br \/>\nVeuillez vous r\u00e9f\u00e9rer \u00e0 la section \u00abEntretien du produit\u00bb pour toutes les instructions de lavage.<\/p>\n","protected":false},"excerpt":{"rendered":"<p>Drap double en lin l\u00e9ger avec dentelle Sinergia cousue sur un c\u00f4t\u00e9. Insertion du logo carr\u00e9 Arte Pura. Bord avec pli. Dimensions 270&#215;290 cm.<\/p>\n<p>Drap fabriqu\u00e9 en Italie \u00e0 partir de 100% de lin de haute qualit\u00e9 et rendu doux au toucher par des traitements sp\u00e9ciaux qui renforcent l&rsquo;aspect naturel.<br \/>\nCe tissu est id\u00e9al pour le lit car il est hypoallerg\u00e9nique et antibact\u00e9rien. De plus, l&rsquo;utilisation de teintures naturelles et non allerg\u00e8nes conf\u00e8re \u00e0 la fibre naturelle de l&rsquo;\u00e9clat et de la vivacit\u00e9.<br \/>\nLa longue dur\u00e9e de vie et la facilit\u00e9 d&rsquo;entretien ajoutent \u00e0 votre choix.<br \/>\nId\u00e9al pour embellir votre literie : seul ou combin\u00e9 avec des couvre-lits et des taies d&rsquo;oreiller, pour cr\u00e9er des combinaisons originales \u00e0 chaque fois.<br \/>\nVeuillez vous r\u00e9f\u00e9rer \u00e0 la section \u00abEntretien du produit\u00bb pour toutes les instructions de lavage.<\/p>\n","protected":false},"featured_media":134089,"template":"","meta":{"_seopress_robots_primary_cat":"","_seopress_titles_title":"","_seopress_titles_desc":"","_seopress_robots_index":""},"product_brand":[8562],"product_cat":[3747,6114,5969],"product_tag":[5848,5983,6116,7508,5972,3972,5993,6192],"class_list":{"0":"post-134452","1":"product","2":"type-product","3":"status-publish","4":"has-post-thumbnail","6":"product_brand-arte-pura","7":"product_cat-decoration-interieure","8":"product_cat-draps","9":"product_cat-le-lit","10":"product_tag-blanc","11":"product_tag-chambre-a-coucher","12":"product_tag-feuilles","13":"product_tag-la-chambre-dhiver","14":"product_tag-linge-de-lit","15":"product_tag-lino-fr","16":"product_tag-lit-fr","17":"product_tag-synergy-lace","18":"pa_colore-blanc-019","19":"pa_taglia-270x290-cm-fr","20":"pa_tema-blanc","22":"first","23":"instock","24":"shipping-taxable","25":"purchasable","26":"product-type-variable","27":"has-default-attributes"},"jetpack_sharing_enabled":true,"_links":{"self":[{"href":"https:\/\/lighthouselocarno.ch\/fr\/wp-json\/wp\/v2\/product\/134452","targetHints":{"allow":["GET"]}}],"collection":[{"href":"https:\/\/lighthouselocarno.ch\/fr\/wp-json\/wp\/v2\/product"}],"about":[{"href":"https:\/\/lighthouselocarno.ch\/fr\/wp-json\/wp\/v2\/types\/product"}],"wp:featuredmedia":[{"embeddable":true,"href":"https:\/\/lighthouselocarno.ch\/fr\/wp-json\/wp\/v2\/media\/134089"}],"wp:attachment":[{"href":"https:\/\/lighthouselocarno.ch\/fr\/wp-json\/wp\/v2\/media?parent=134452"}],"wp:term":[{"taxonomy":"product_brand","embeddable":true,"href":"https:\/\/lighthouselocarno.ch\/fr\/wp-json\/wp\/v2\/product_brand?post=134452"},{"taxonomy":"product_cat","embeddable":true,"href":"https:\/\/lighthouselocarno.ch\/fr\/wp-json\/wp\/v2\/product_cat?post=134452"},{"taxonomy":"product_tag","embeddable":true,"href":"https:\/\/lighthouselocarno.ch\/fr\/wp-json\/wp\/v2\/product_tag?post=134452"}],"curies":[{"name":"wp","href":"https:\/\/api.w.org\/{rel}","templated":true}]}}