{"id":134463,"date":"2023-09-05T13:44:46","date_gmt":"2023-09-05T13:44:46","guid":{"rendered":"https:\/\/lighthouselocarno.ch\/prodotto\/set-de-table-40x40cm-avec-dentelle-crochet\/"},"modified":"2025-05-23T12:54:45","modified_gmt":"2025-05-23T12:54:45","slug":"set-de-table-40x40cm-avec-lace-uncorner","status":"publish","type":"product","link":"https:\/\/lighthouselocarno.ch\/fr\/produit\/set-de-table-40x40cm-avec-lace-uncorner\/","title":{"rendered":"Set de table 40x40cm avec dentelle \u00abCrochet"},"content":{"rendered":"<p>Set de table en lin avec dentelle &lsquo;Crochet&rsquo; cousue sur tous les c\u00f4t\u00e9s. Taille 40\u00d740cm <span>(sans la dentelle)<\/span>.<\/p>\n<p>Set de table fabriqu\u00e9 en Italie, compos\u00e9 \u00e0 100 % de lin de haute qualit\u00e9 et rendu doux au toucher gr\u00e2ce \u00e0 des traitements sp\u00e9ciaux qui renforcent l&rsquo;aspect naturel.<br \/>\nUn tissu id\u00e9al pour la table car il est hypoallerg\u00e9nique et antibact\u00e9rien, en plus de l&rsquo;utilisation de colorants naturels et hypoallerg\u00e9niques qui donnent de l&rsquo;\u00e9clat et de la verve \u00e0 la fibre naturelle.<br \/>\nLa longue dur\u00e9e de vie et la facilit\u00e9 d&rsquo;entretien ajoutent \u00e0 votre choix.<br \/>\nId\u00e9al pour embellir votre mise en place : seul ou associ\u00e9 \u00e0 des chemins de table et des serviettes, pour cr\u00e9er des combinaisons originales \u00e0 chaque fois.<br \/>\nVeuillez vous r\u00e9f\u00e9rer \u00e0 la section \u00abEntretien du produit\u00bb pour toutes les instructions de lavage.<\/p>\n","protected":false},"excerpt":{"rendered":"<p>Set de table en lin avec dentelle &lsquo;Crochet&rsquo; cousue sur tous les c\u00f4t\u00e9s. Taille 40\u00d740cm <span>(sans la dentelle)<\/span>.<\/p>\n<p>Set de table fabriqu\u00e9 en Italie, compos\u00e9 \u00e0 100 % de lin de haute qualit\u00e9 et rendu doux au toucher gr\u00e2ce \u00e0 des traitements sp\u00e9ciaux qui renforcent l&rsquo;aspect naturel.<br \/>\nUn tissu id\u00e9al pour la table car il est hypoallerg\u00e9nique et antibact\u00e9rien, en plus de l&rsquo;utilisation de colorants naturels et hypoallerg\u00e9niques qui donnent de l&rsquo;\u00e9clat et de la verve \u00e0 la fibre naturelle.<br \/>\nLa longue dur\u00e9e de vie et la facilit\u00e9 d&rsquo;entretien ajoutent \u00e0 votre choix.<br \/>\nId\u00e9al pour embellir votre mise en place : seul ou associ\u00e9 \u00e0 des chemins de table et des serviettes, pour cr\u00e9er des combinaisons originales \u00e0 chaque fois.<br \/>\nVeuillez vous r\u00e9f\u00e9rer \u00e0 la section \u00abEntretien du produit\u00bb pour toutes les instructions de lavage.<\/p>\n","protected":false},"featured_media":134198,"template":"","meta":{"_seopress_robots_primary_cat":"","_seopress_titles_title":"","_seopress_titles_desc":"","_seopress_robots_index":""},"product_brand":[8562],"product_cat":[3747,3757,6061],"product_tag":[6062,6070,7427,6244,7425,6003,6076,5845],"class_list":{"0":"post-134463","1":"product","2":"type-product","3":"status-publish","4":"has-post-thumbnail","6":"product_brand-arte-pura","7":"product_cat-decoration-interieure","8":"product_cat-table-fr","9":"product_cat-set-de-table","10":"product_tag-accessoires","11":"product_tag-accessoires-de-table-fr","12":"product_tag-choisissez-votre-faveur","13":"product_tag-dentelle-au-crochet","14":"product_tag-deux-styles-au-choix","15":"product_tag-romantique","16":"product_tag-sets-de-table","17":"product_tag-tableau-fr","18":"pa_colore-retro-900-fr","19":"pa_colore-vieille-argile-048","20":"pa_taglia-40x40-cm-fr","21":"pa_tema-romantique","23":"first","24":"instock","25":"shipping-taxable","26":"purchasable","27":"product-type-variable"},"jetpack_sharing_enabled":true,"_links":{"self":[{"href":"https:\/\/lighthouselocarno.ch\/fr\/wp-json\/wp\/v2\/product\/134463","targetHints":{"allow":["GET"]}}],"collection":[{"href":"https:\/\/lighthouselocarno.ch\/fr\/wp-json\/wp\/v2\/product"}],"about":[{"href":"https:\/\/lighthouselocarno.ch\/fr\/wp-json\/wp\/v2\/types\/product"}],"wp:featuredmedia":[{"embeddable":true,"href":"https:\/\/lighthouselocarno.ch\/fr\/wp-json\/wp\/v2\/media\/134198"}],"wp:attachment":[{"href":"https:\/\/lighthouselocarno.ch\/fr\/wp-json\/wp\/v2\/media?parent=134463"}],"wp:term":[{"taxonomy":"product_brand","embeddable":true,"href":"https:\/\/lighthouselocarno.ch\/fr\/wp-json\/wp\/v2\/product_brand?post=134463"},{"taxonomy":"product_cat","embeddable":true,"href":"https:\/\/lighthouselocarno.ch\/fr\/wp-json\/wp\/v2\/product_cat?post=134463"},{"taxonomy":"product_tag","embeddable":true,"href":"https:\/\/lighthouselocarno.ch\/fr\/wp-json\/wp\/v2\/product_tag?post=134463"}],"curies":[{"name":"wp","href":"https:\/\/api.w.org\/{rel}","templated":true}]}}