{"id":134722,"date":"2023-09-05T13:48:22","date_gmt":"2023-09-05T13:48:22","guid":{"rendered":"https:\/\/lighthouselocarno.ch\/prodotto\/nappe-carree-en-dentelle-au-crochet\/"},"modified":"2025-05-23T12:54:45","modified_gmt":"2025-05-23T12:54:45","slug":"nappe-decor-carre-en-lace-uncinet","status":"publish","type":"product","link":"https:\/\/lighthouselocarno.ch\/fr\/produit\/nappe-decor-carre-en-lace-uncinet\/","title":{"rendered":"D\u00e9coration nappe 115&#215;115 en dentelle \u00abCrochet\u00bb."},"content":{"rendered":"<p>Nappe carr\u00e9e en dentelle \u00abau crochet\u00bb. Dimensions 115x115cm.<\/p>\n<p>Nappe fabriqu\u00e9e en Italie, compos\u00e9e \u00e0 100 % de lin de haute qualit\u00e9 et rendue douce au toucher par des traitements sp\u00e9ciaux qui renforcent l&rsquo;aspect naturel.<br \/>\nUn tissu id\u00e9al pour la table car il est hypoallerg\u00e9nique et antibact\u00e9rien, en plus de l&rsquo;utilisation de colorants naturels et hypoallerg\u00e9niques qui donnent de l&rsquo;\u00e9clat et de la verve \u00e0 la fibre naturelle.<br \/>\nLa longue dur\u00e9e de vie et la facilit\u00e9 d&rsquo;entretien ajoutent \u00e0 votre choix.<br \/>\nId\u00e9al pour embellir votre mise en place : seul ou associ\u00e9 \u00e0 une nappe, pour cr\u00e9er des combinaisons originales \u00e0 chaque fois.<br \/>\nVeuillez vous r\u00e9f\u00e9rer \u00e0 la section \u00abEntretien du produit\u00bb pour toutes les instructions de lavage.<\/p>\n","protected":false},"excerpt":{"rendered":"<p>Nappe carr\u00e9e en dentelle \u00abau crochet\u00bb. Dimensions 115x115cm.<\/p>\n<p>Nappe fabriqu\u00e9e en Italie, compos\u00e9e \u00e0 100 % de lin de haute qualit\u00e9 et rendue douce au toucher par des traitements sp\u00e9ciaux qui renforcent l&rsquo;aspect naturel.<br \/>\nUn tissu id\u00e9al pour la table car il est hypoallerg\u00e9nique et antibact\u00e9rien, en plus de l&rsquo;utilisation de colorants naturels et hypoallerg\u00e9niques qui donnent de l&rsquo;\u00e9clat et de la verve \u00e0 la fibre naturelle.<br \/>\nLa longue dur\u00e9e de vie et la facilit\u00e9 d&rsquo;entretien ajoutent \u00e0 votre choix.<br \/>\nId\u00e9al pour embellir votre mise en place : seul ou associ\u00e9 \u00e0 une nappe, pour cr\u00e9er des combinaisons originales \u00e0 chaque fois.<br \/>\nVeuillez vous r\u00e9f\u00e9rer \u00e0 la section \u00abEntretien du produit\u00bb pour toutes les instructions de lavage.<\/p>\n","protected":false},"featured_media":134572,"template":"","meta":{"_seopress_robots_primary_cat":"none","_seopress_titles_title":"","_seopress_titles_desc":"","_seopress_robots_index":""},"product_brand":[8562],"product_cat":[3747,3757,5978],"product_tag":[6244,3972,6001,6003,5845],"class_list":{"0":"post-134722","1":"product","2":"type-product","3":"status-publish","4":"has-post-thumbnail","6":"product_brand-arte-pura","7":"product_cat-decoration-interieure","8":"product_cat-table-fr","9":"product_cat-nappes","10":"product_tag-dentelle-au-crochet","11":"product_tag-lino-fr","12":"product_tag-nappes","13":"product_tag-romantique","14":"product_tag-tableau-fr","15":"pa_colore-blanc-019","16":"pa_colore-retro-900-fr","17":"pa_colore-vieille-pensee-441","18":"pa_taglia-115x115cm-fr","19":"pa_tema-romantique","21":"first","22":"instock","23":"shipping-taxable","24":"purchasable","25":"product-type-variable","26":"has-default-attributes"},"jetpack_sharing_enabled":true,"_links":{"self":[{"href":"https:\/\/lighthouselocarno.ch\/fr\/wp-json\/wp\/v2\/product\/134722","targetHints":{"allow":["GET"]}}],"collection":[{"href":"https:\/\/lighthouselocarno.ch\/fr\/wp-json\/wp\/v2\/product"}],"about":[{"href":"https:\/\/lighthouselocarno.ch\/fr\/wp-json\/wp\/v2\/types\/product"}],"wp:featuredmedia":[{"embeddable":true,"href":"https:\/\/lighthouselocarno.ch\/fr\/wp-json\/wp\/v2\/media\/134572"}],"wp:attachment":[{"href":"https:\/\/lighthouselocarno.ch\/fr\/wp-json\/wp\/v2\/media?parent=134722"}],"wp:term":[{"taxonomy":"product_brand","embeddable":true,"href":"https:\/\/lighthouselocarno.ch\/fr\/wp-json\/wp\/v2\/product_brand?post=134722"},{"taxonomy":"product_cat","embeddable":true,"href":"https:\/\/lighthouselocarno.ch\/fr\/wp-json\/wp\/v2\/product_cat?post=134722"},{"taxonomy":"product_tag","embeddable":true,"href":"https:\/\/lighthouselocarno.ch\/fr\/wp-json\/wp\/v2\/product_tag?post=134722"}],"curies":[{"name":"wp","href":"https:\/\/api.w.org\/{rel}","templated":true}]}}