{"id":134728,"date":"2023-09-05T13:50:50","date_gmt":"2023-09-05T13:50:50","guid":{"rendered":"https:\/\/lighthouselocarno.ch\/prodotto\/enveloppe-de-couette-240x220cm-avec-boutons-agoya\/"},"modified":"2025-05-23T12:54:45","modified_gmt":"2025-05-23T12:54:45","slug":"housse-de-couette-240x220cm-avec-bouton-agoya","status":"publish","type":"product","link":"https:\/\/lighthouselocarno.ch\/fr\/produit\/housse-de-couette-240x220cm-avec-bouton-agoya\/","title":{"rendered":"Enveloppe de couette 240x220cm avec boutons Agoya"},"content":{"rendered":"<p>Sac de rangement en lin \u00e9pais. Fermeture par boutons en nacre d&rsquo;agoya. Dimensions 240 x 220 cm.<\/p>\n<p>Enveloppe de couette fabriqu\u00e9e en Italie \u00e0 partir de 100 % de lin de haute qualit\u00e9 et rendue douce au toucher par des traitements sp\u00e9ciaux qui renforcent l&rsquo;aspect naturel.<br \/>\nCe tissu est id\u00e9al pour le lit car il est hypoallerg\u00e9nique et antibact\u00e9rien. De plus, l&rsquo;utilisation de teintures naturelles et non allerg\u00e8nes conf\u00e8re \u00e0 la fibre naturelle de l&rsquo;\u00e9clat et de la vivacit\u00e9.<br \/>\nLa longue dur\u00e9e de vie et la facilit\u00e9 d&rsquo;entretien ajoutent \u00e0 votre choix.<br \/>\nId\u00e9al pour embellir votre literie : seul ou associ\u00e9 \u00e0 des taies d&rsquo;oreiller et des draps color\u00e9s, pour cr\u00e9er des combinaisons originales \u00e0 chaque fois.<br \/>\nVeuillez vous r\u00e9f\u00e9rer \u00e0 la section \u00abEntretien du produit\u00bb pour toutes les instructions de lavage.<\/p>\n","protected":false},"excerpt":{"rendered":"<p>Sac de rangement en lin \u00e9pais. Fermeture par boutons en nacre d&rsquo;agoya. Dimensions 240 x 220 cm.<\/p>\n<p>Enveloppe de couette fabriqu\u00e9e en Italie \u00e0 partir de 100 % de lin de haute qualit\u00e9 et rendue douce au toucher par des traitements sp\u00e9ciaux qui renforcent l&rsquo;aspect naturel.<br \/>\nCe tissu est id\u00e9al pour le lit car il est hypoallerg\u00e9nique et antibact\u00e9rien. De plus, l&rsquo;utilisation de teintures naturelles et non allerg\u00e8nes conf\u00e8re \u00e0 la fibre naturelle de l&rsquo;\u00e9clat et de la vivacit\u00e9.<br \/>\nLa longue dur\u00e9e de vie et la facilit\u00e9 d&rsquo;entretien ajoutent \u00e0 votre choix.<br \/>\nId\u00e9al pour embellir votre literie : seul ou associ\u00e9 \u00e0 des taies d&rsquo;oreiller et des draps color\u00e9s, pour cr\u00e9er des combinaisons originales \u00e0 chaque fois.<br \/>\nVeuillez vous r\u00e9f\u00e9rer \u00e0 la section \u00abEntretien du produit\u00bb pour toutes les instructions de lavage.<\/p>\n","protected":false},"featured_media":134656,"template":"","meta":{"_seopress_robots_primary_cat":"none","_seopress_titles_title":"","_seopress_titles_desc":"","_seopress_robots_index":""},"product_brand":[8562],"product_cat":[3747,6381,5969],"product_tag":[5983,6064,6382,6104,5972,5993,7510],"class_list":{"0":"post-134728","1":"product","2":"type-product","3":"status-publish","4":"has-post-thumbnail","6":"product_brand-arte-pura","7":"product_cat-decoration-interieure","8":"product_cat-housses-de-duvet","9":"product_cat-le-lit","10":"product_tag-chambre-a-coucher","11":"product_tag-dormir-sur-un-nuage","12":"product_tag-enveloppe-de-couette","13":"product_tag-industriel","14":"product_tag-linge-de-lit","15":"product_tag-lit-fr","16":"product_tag-maison-green-total-look","17":"pa_colore-lac-440","18":"pa_taglia-240x220-cm-fr","19":"pa_tema-industriel","21":"first","22":"instock","23":"shipping-taxable","24":"purchasable","25":"product-type-variable","26":"has-default-attributes"},"jetpack_sharing_enabled":true,"_links":{"self":[{"href":"https:\/\/lighthouselocarno.ch\/fr\/wp-json\/wp\/v2\/product\/134728","targetHints":{"allow":["GET"]}}],"collection":[{"href":"https:\/\/lighthouselocarno.ch\/fr\/wp-json\/wp\/v2\/product"}],"about":[{"href":"https:\/\/lighthouselocarno.ch\/fr\/wp-json\/wp\/v2\/types\/product"}],"wp:featuredmedia":[{"embeddable":true,"href":"https:\/\/lighthouselocarno.ch\/fr\/wp-json\/wp\/v2\/media\/134656"}],"wp:attachment":[{"href":"https:\/\/lighthouselocarno.ch\/fr\/wp-json\/wp\/v2\/media?parent=134728"}],"wp:term":[{"taxonomy":"product_brand","embeddable":true,"href":"https:\/\/lighthouselocarno.ch\/fr\/wp-json\/wp\/v2\/product_brand?post=134728"},{"taxonomy":"product_cat","embeddable":true,"href":"https:\/\/lighthouselocarno.ch\/fr\/wp-json\/wp\/v2\/product_cat?post=134728"},{"taxonomy":"product_tag","embeddable":true,"href":"https:\/\/lighthouselocarno.ch\/fr\/wp-json\/wp\/v2\/product_tag?post=134728"}],"curies":[{"name":"wp","href":"https:\/\/api.w.org\/{rel}","templated":true}]}}