{"id":134738,"date":"2023-09-05T13:49:36","date_gmt":"2023-09-05T13:49:36","guid":{"rendered":"https:\/\/lighthouselocarno.ch\/prodotto\/we-are-essence-eau-de-parfum-42\/"},"modified":"2023-09-05T22:43:38","modified_gmt":"2023-09-05T22:43:38","slug":"nous-sommes-essence-eau-de-parfum-42","status":"publish","type":"product","link":"https:\/\/lighthouselocarno.ch\/fr\/produit\/nous-sommes-essence-eau-de-parfum-42\/","title":{"rendered":"Nous sommes Essence Eau de Parfum #42"},"content":{"rendered":"<p class=\"p1\"><b>Produit<\/b><\/p>\n<p class=\"p1\">WE ARE ESSENCE est l&rsquo;eau de parfum unisexe exclusive (100 ml) inspir\u00e9e par la nature, cr\u00e9\u00e9e par Daniela Dallavalle pour offrir aux sens un voyage entre l&rsquo;ar\u00f4me et la mati\u00e8re.<\/p>\n<p class=\"p1\"><b>Famille olfactive<\/b><\/p>\n<p class=\"p1\">Il appartient \u00e0 la famille olfactive des parfums marins, rappelant l&rsquo;essence de mer, frais, aquatique.<\/p>\n<p class=\"p1\">Notes olfactives de t\u00eate aromatiques et aquatiques ; notes olfactives de c\u0153ur bois\u00e9es et florales ; notes olfactives de fond musqu\u00e9es et poudr\u00e9es.<\/p>\n<p class=\"p1\"><b>Inspiration<\/b><\/p>\n<p class=\"p1\">Le parfum a \u00e9t\u00e9 cr\u00e9\u00e9 comme une essence qui repr\u00e9sente pleinement la personnalit\u00e9 de sa cr\u00e9atrice Daniela Dallavalle. Il commence par le concept de l&rsquo;eau (puret\u00e9), puis aborde les th\u00e8mes de la nature, des r\u00eaves et de l&rsquo;\u00e9nergie vitale.<\/p>\n<p class=\"p1\"><b>Conception et emballage<\/b><\/p>\n<p class=\"p1\">Sa burette en verre est enti\u00e8rement fabriqu\u00e9e \u00e0 la main avec des d\u00e9corations textur\u00e9es inspir\u00e9es de la collection D.Doll, \u00e0 collectionner et \u00e0 garder pr\u00e9cieusement.<\/p>\n<p class=\"p1\">Chaque ampoule est associ\u00e9e au num\u00e9ro du D.Doll dont elle s&rsquo;inspire.<\/p>\n<p class=\"p1\">Le capuchon, qui recr\u00e9e un effet marbr\u00e9, est en p\u00e2te pour un choix respectueux de l&rsquo;environnement ; un choix qui a \u00e9galement guid\u00e9 la cr\u00e9ation des D.Dolls.<\/p>\n<p class=\"p1\">L&#8217;emballage est enti\u00e8rement recyclable ou r\u00e9utilisable.<\/p>\n","protected":false},"excerpt":{"rendered":"<p class=\"p1\"><b>Produit<\/b><\/p>\n<p class=\"p1\">WE ARE ESSENCE est l&rsquo;eau de parfum unisexe exclusive (100 ml) inspir\u00e9e par la nature, cr\u00e9\u00e9e par Daniela Dallavalle pour offrir aux sens un voyage entre l&rsquo;ar\u00f4me et la mati\u00e8re.<\/p>\n<p class=\"p1\"><b>Famille olfactive<\/b><\/p>\n<p class=\"p1\">Il appartient \u00e0 la famille olfactive des parfums marins, rappelant l&rsquo;essence de mer, frais, aquatique.<\/p>\n<p class=\"p1\">Notes olfactives de t\u00eate aromatiques et aquatiques ; notes olfactives de c\u0153ur bois\u00e9es et florales ; notes olfactives de fond musqu\u00e9es et poudr\u00e9es.<\/p>\n<p class=\"p1\"><b>Inspiration<\/b><\/p>\n<p class=\"p1\">Le parfum a \u00e9t\u00e9 cr\u00e9\u00e9 comme une essence qui repr\u00e9sente pleinement la personnalit\u00e9 de sa cr\u00e9atrice Daniela Dallavalle. Il commence par le concept de l&rsquo;eau (puret\u00e9), puis aborde les th\u00e8mes de la nature, des r\u00eaves et de l&rsquo;\u00e9nergie vitale.<\/p>\n<p class=\"p1\"><b>Conception et emballage<\/b><\/p>\n<p class=\"p1\">Sa burette en verre est enti\u00e8rement fabriqu\u00e9e \u00e0 la main avec des d\u00e9corations textur\u00e9es inspir\u00e9es de la collection D.Doll, \u00e0 collectionner et \u00e0 garder pr\u00e9cieusement.<\/p>\n<p class=\"p1\">Chaque ampoule est associ\u00e9e au num\u00e9ro du D.Doll dont elle s&rsquo;inspire.<\/p>\n<p class=\"p1\">Le capuchon, qui recr\u00e9e un effet marbr\u00e9, est en p\u00e2te pour un choix respectueux de l&rsquo;environnement ; un choix qui a \u00e9galement guid\u00e9 la cr\u00e9ation des D.Dolls.<\/p>\n<p class=\"p1\">L&#8217;emballage est enti\u00e8rement recyclable ou r\u00e9utilisable.<\/p>\n","protected":false},"featured_media":134628,"template":"","meta":{"_seopress_robots_primary_cat":"","_seopress_titles_title":"","_seopress_titles_desc":"","_seopress_robots_index":""},"product_brand":[],"product_cat":[7373,3780,7316],"product_tag":[7457,7461,5771,7693],"class_list":{"0":"post-134738","1":"product","2":"type-product","3":"status-publish","4":"has-post-thumbnail","6":"product_cat-eau-de-parfum-fr","7":"product_cat-mode-femme","8":"product_cat-parfums-et-savons","9":"product_tag-ddoll-fr-2","10":"product_tag-eau-de-parfum-fr-2","11":"product_tag-parfum-fr-3","12":"product_tag-we-are-essence-fr","14":"first","15":"instock","16":"shipping-taxable","17":"purchasable","18":"product-type-simple"},"jetpack_sharing_enabled":true,"_links":{"self":[{"href":"https:\/\/lighthouselocarno.ch\/fr\/wp-json\/wp\/v2\/product\/134738","targetHints":{"allow":["GET"]}}],"collection":[{"href":"https:\/\/lighthouselocarno.ch\/fr\/wp-json\/wp\/v2\/product"}],"about":[{"href":"https:\/\/lighthouselocarno.ch\/fr\/wp-json\/wp\/v2\/types\/product"}],"wp:featuredmedia":[{"embeddable":true,"href":"https:\/\/lighthouselocarno.ch\/fr\/wp-json\/wp\/v2\/media\/134628"}],"wp:attachment":[{"href":"https:\/\/lighthouselocarno.ch\/fr\/wp-json\/wp\/v2\/media?parent=134738"}],"wp:term":[{"taxonomy":"product_brand","embeddable":true,"href":"https:\/\/lighthouselocarno.ch\/fr\/wp-json\/wp\/v2\/product_brand?post=134738"},{"taxonomy":"product_cat","embeddable":true,"href":"https:\/\/lighthouselocarno.ch\/fr\/wp-json\/wp\/v2\/product_cat?post=134738"},{"taxonomy":"product_tag","embeddable":true,"href":"https:\/\/lighthouselocarno.ch\/fr\/wp-json\/wp\/v2\/product_tag?post=134738"}],"curies":[{"name":"wp","href":"https:\/\/api.w.org\/{rel}","templated":true}]}}