{"id":135778,"date":"2023-09-05T15:27:03","date_gmt":"2023-09-05T15:27:03","guid":{"rendered":"https:\/\/lighthouselocarno.ch\/prodotto\/nappe-en-lin-180x180cm-avec-dentelle-crochet\/"},"modified":"2025-05-23T12:54:46","modified_gmt":"2025-05-23T12:54:46","slug":"nappe-180x180cm-en-linen-avec-lacee-non-piquee","status":"publish","type":"product","link":"https:\/\/lighthouselocarno.ch\/fr\/produit\/nappe-180x180cm-en-linen-avec-lacee-non-piquee\/","title":{"rendered":"Nappe en lin 180x180cm avec dentelle \u00abCrochet"},"content":{"rendered":"<p>Nappe carr\u00e9e en lin \u00e9pais avec bordure en dentelle au crochet. Dimensions 180x180cm.<\/p>\n<p>Nappe fabriqu\u00e9e en Italie, compos\u00e9e \u00e0 100 % de lin de haute qualit\u00e9 et rendue douce au toucher par des traitements sp\u00e9ciaux qui renforcent l&rsquo;aspect naturel. Un tissu id\u00e9al pour la table car il est hypoallerg\u00e9nique et antibact\u00e9rien, en plus de l&rsquo;utilisation de colorants naturels et hypoallerg\u00e9niques qui donnent de l&rsquo;\u00e9clat et de la verve \u00e0 la fibre naturelle. La longue dur\u00e9e de vie et la facilit\u00e9 d&rsquo;entretien ajoutent \u00e0 votre choix. Id\u00e9al pour embellir votre mise en place : seul ou associ\u00e9 \u00e0 des chemins de table et des serviettes, pour cr\u00e9er des combinaisons originales \u00e0 chaque fois. Veuillez vous r\u00e9f\u00e9rer \u00e0 la section \u00abEntretien du produit\u00bb pour toutes les instructions de lavage.<\/p>\n","protected":false},"excerpt":{"rendered":"<p>Nappe carr\u00e9e en lin \u00e9pais avec bordure en dentelle au crochet. Dimensions 180x180cm.<\/p>\n<p>Nappe fabriqu\u00e9e en Italie, compos\u00e9e \u00e0 100 % de lin de haute qualit\u00e9 et rendue douce au toucher par des traitements sp\u00e9ciaux qui renforcent l&rsquo;aspect naturel. Un tissu id\u00e9al pour la table car il est hypoallerg\u00e9nique et antibact\u00e9rien, en plus de l&rsquo;utilisation de colorants naturels et hypoallerg\u00e9niques qui donnent de l&rsquo;\u00e9clat et de la verve \u00e0 la fibre naturelle. La longue dur\u00e9e de vie et la facilit\u00e9 d&rsquo;entretien ajoutent \u00e0 votre choix. Id\u00e9al pour embellir votre mise en place : seul ou associ\u00e9 \u00e0 des chemins de table et des serviettes, pour cr\u00e9er des combinaisons originales \u00e0 chaque fois. Veuillez vous r\u00e9f\u00e9rer \u00e0 la section \u00abEntretien du produit\u00bb pour toutes les instructions de lavage.<\/p>\n","protected":false},"featured_media":134814,"template":"","meta":{"_seopress_robots_primary_cat":"none","_seopress_titles_title":"","_seopress_titles_desc":"","_seopress_robots_index":""},"product_brand":[8562],"product_cat":[3747,3757,5978],"product_tag":[5848,6244,3972,6001,5845],"class_list":{"0":"post-135778","1":"product","2":"type-product","3":"status-publish","4":"has-post-thumbnail","6":"product_brand-arte-pura","7":"product_cat-decoration-interieure","8":"product_cat-table-fr","9":"product_cat-nappes","10":"product_tag-blanc","11":"product_tag-dentelle-au-crochet","12":"product_tag-lino-fr","13":"product_tag-nappes","14":"product_tag-tableau-fr","15":"pa_colore-retro-900-fr","16":"pa_tema-romantique","18":"first","19":"instock","20":"shipping-taxable","21":"purchasable","22":"product-type-variable"},"jetpack_sharing_enabled":true,"_links":{"self":[{"href":"https:\/\/lighthouselocarno.ch\/fr\/wp-json\/wp\/v2\/product\/135778","targetHints":{"allow":["GET"]}}],"collection":[{"href":"https:\/\/lighthouselocarno.ch\/fr\/wp-json\/wp\/v2\/product"}],"about":[{"href":"https:\/\/lighthouselocarno.ch\/fr\/wp-json\/wp\/v2\/types\/product"}],"wp:featuredmedia":[{"embeddable":true,"href":"https:\/\/lighthouselocarno.ch\/fr\/wp-json\/wp\/v2\/media\/134814"}],"wp:attachment":[{"href":"https:\/\/lighthouselocarno.ch\/fr\/wp-json\/wp\/v2\/media?parent=135778"}],"wp:term":[{"taxonomy":"product_brand","embeddable":true,"href":"https:\/\/lighthouselocarno.ch\/fr\/wp-json\/wp\/v2\/product_brand?post=135778"},{"taxonomy":"product_cat","embeddable":true,"href":"https:\/\/lighthouselocarno.ch\/fr\/wp-json\/wp\/v2\/product_cat?post=135778"},{"taxonomy":"product_tag","embeddable":true,"href":"https:\/\/lighthouselocarno.ch\/fr\/wp-json\/wp\/v2\/product_tag?post=135778"}],"curies":[{"name":"wp","href":"https:\/\/api.w.org\/{rel}","templated":true}]}}