{"id":135798,"date":"2023-09-05T15:28:33","date_gmt":"2023-09-05T15:28:33","guid":{"rendered":"https:\/\/lighthouselocarno.ch\/prodotto\/enveloppe-de-couette-138x200cm-avec-dentelle-harmony\/"},"modified":"2025-05-23T12:54:46","modified_gmt":"2025-05-23T12:54:46","slug":"housse-de-couette-138x200cm-avec-lace-harmonie","status":"publish","type":"product","link":"https:\/\/lighthouselocarno.ch\/fr\/produit\/housse-de-couette-138x200cm-avec-lace-harmonie\/","title":{"rendered":"Enveloppe de couette 138x200cm avec dentelle &lsquo;Harmony"},"content":{"rendered":"<p><span>Housse de couette simple en lin \u00e9pais avec dentelle &lsquo;Harmony&rsquo;. Dimensions 138x200cm.<\/span><\/p>\n<p>Enveloppe de couette fabriqu\u00e9e en Italie \u00e0 partir de 100 % de lin de haute qualit\u00e9 et rendue douce au toucher par des traitements sp\u00e9ciaux qui renforcent l&rsquo;aspect naturel.<br \/>\nCe tissu est id\u00e9al pour le lit car il est hypoallerg\u00e9nique et antibact\u00e9rien. De plus, l&rsquo;utilisation de teintures naturelles et non allerg\u00e8nes conf\u00e8re \u00e0 la fibre naturelle de l&rsquo;\u00e9clat et de la vivacit\u00e9.<br \/>\nLa longue dur\u00e9e de vie et la facilit\u00e9 d&rsquo;entretien ajoutent \u00e0 votre choix.<br \/>\nId\u00e9al pour embellir votre literie : seul ou associ\u00e9 \u00e0 des taies d&rsquo;oreiller et des draps color\u00e9s, pour cr\u00e9er des combinaisons originales \u00e0 chaque fois.<br \/>\nVeuillez vous r\u00e9f\u00e9rer \u00e0 la section \u00abEntretien du produit\u00bb pour toutes les instructions de lavage.<\/p>\n","protected":false},"excerpt":{"rendered":"<p><span>Housse de couette simple en lin \u00e9pais avec dentelle &lsquo;Harmony&rsquo;. Dimensions 138x200cm.<\/span><\/p>\n<p>Enveloppe de couette fabriqu\u00e9e en Italie \u00e0 partir de 100 % de lin de haute qualit\u00e9 et rendue douce au toucher par des traitements sp\u00e9ciaux qui renforcent l&rsquo;aspect naturel.<br \/>\nCe tissu est id\u00e9al pour le lit car il est hypoallerg\u00e9nique et antibact\u00e9rien. De plus, l&rsquo;utilisation de teintures naturelles et non allerg\u00e8nes conf\u00e8re \u00e0 la fibre naturelle de l&rsquo;\u00e9clat et de la vivacit\u00e9.<br \/>\nLa longue dur\u00e9e de vie et la facilit\u00e9 d&rsquo;entretien ajoutent \u00e0 votre choix.<br \/>\nId\u00e9al pour embellir votre literie : seul ou associ\u00e9 \u00e0 des taies d&rsquo;oreiller et des draps color\u00e9s, pour cr\u00e9er des combinaisons originales \u00e0 chaque fois.<br \/>\nVeuillez vous r\u00e9f\u00e9rer \u00e0 la section \u00abEntretien du produit\u00bb pour toutes les instructions de lavage.<\/p>\n","protected":false},"featured_media":135004,"template":"","meta":{"_seopress_robots_primary_cat":"none","_seopress_titles_title":"","_seopress_titles_desc":"","_seopress_robots_index":""},"product_brand":[8562],"product_cat":[3747,6381,5969],"product_tag":[5983,7517,6064,6382,6000,7508,5972,5993,6003],"class_list":{"0":"post-135798","1":"product","2":"type-product","3":"status-publish","4":"has-post-thumbnail","6":"product_brand-arte-pura","7":"product_cat-decoration-interieure","8":"product_cat-housses-de-duvet","9":"product_cat-le-lit","10":"product_tag-chambre-a-coucher","11":"product_tag-comment-amenager-la-chambre-denfant","12":"product_tag-dormir-sur-un-nuage","13":"product_tag-enveloppe-de-couette","14":"product_tag-harmony-lace","15":"product_tag-la-chambre-dhiver","16":"product_tag-linge-de-lit","17":"product_tag-lit-fr","18":"product_tag-romantique","19":"pa_colore-poudre-ancienne-043","20":"pa_taglia-138x200cm-fr","21":"pa_tema-romantique","23":"first","24":"instock","25":"shipping-taxable","26":"purchasable","27":"product-type-variable"},"jetpack_sharing_enabled":true,"_links":{"self":[{"href":"https:\/\/lighthouselocarno.ch\/fr\/wp-json\/wp\/v2\/product\/135798","targetHints":{"allow":["GET"]}}],"collection":[{"href":"https:\/\/lighthouselocarno.ch\/fr\/wp-json\/wp\/v2\/product"}],"about":[{"href":"https:\/\/lighthouselocarno.ch\/fr\/wp-json\/wp\/v2\/types\/product"}],"wp:featuredmedia":[{"embeddable":true,"href":"https:\/\/lighthouselocarno.ch\/fr\/wp-json\/wp\/v2\/media\/135004"}],"wp:attachment":[{"href":"https:\/\/lighthouselocarno.ch\/fr\/wp-json\/wp\/v2\/media?parent=135798"}],"wp:term":[{"taxonomy":"product_brand","embeddable":true,"href":"https:\/\/lighthouselocarno.ch\/fr\/wp-json\/wp\/v2\/product_brand?post=135798"},{"taxonomy":"product_cat","embeddable":true,"href":"https:\/\/lighthouselocarno.ch\/fr\/wp-json\/wp\/v2\/product_cat?post=135798"},{"taxonomy":"product_tag","embeddable":true,"href":"https:\/\/lighthouselocarno.ch\/fr\/wp-json\/wp\/v2\/product_tag?post=135798"}],"curies":[{"name":"wp","href":"https:\/\/api.w.org\/{rel}","templated":true}]}}