{"id":135829,"date":"2023-09-05T15:27:05","date_gmt":"2023-09-05T15:27:05","guid":{"rendered":"https:\/\/lighthouselocarno.ch\/prodotto\/serviette-de-toilette-et-dinvite-en-tissu-eponge-avec-decoration-geometrique\/"},"modified":"2025-05-23T12:54:46","modified_gmt":"2025-05-23T12:54:46","slug":"face-and-host-serviette-en-eponge-avec-decor-geometrique","status":"publish","type":"product","link":"https:\/\/lighthouselocarno.ch\/fr\/produit\/face-and-host-serviette-en-eponge-avec-decor-geometrique\/","title":{"rendered":"Serviette de toilette et d&rsquo;invit\u00e9 en tissu \u00e9ponge avec d\u00e9coration \u00abg\u00e9om\u00e9trique\u00bb."},"content":{"rendered":"<p><span>Paire de serviettes de toilette et d&rsquo;invit\u00e9s en tissu \u00e9ponge avec d\u00e9coration \u00abg\u00e9om\u00e9trique\u00bb sur un c\u00f4t\u00e9. Bordure en lin. Insertion circulaire du logo Arte Pura. Taille : serviette de toilette 60&#215;100 cm, serviette d&rsquo;invit\u00e9 40&#215;60 cm.<\/span><\/p>\n<p>Serviette fabriqu\u00e9e en Italie \u00e0 partir de coton de haute qualit\u00e9 et rendue douce au toucher par des traitements sp\u00e9ciaux qui renforcent l&rsquo;aspect naturel.<br \/>\nUn tissu id\u00e9al pour la salle de bains car il est hypoallerg\u00e9nique, antibact\u00e9rien et surtout hygroscopique. Dans le respect de votre peau.<br \/>\nEn outre, l&rsquo;utilisation de colorants naturels et hypoallerg\u00e9niques conf\u00e8re \u00e0 la fibre naturelle brillance et \u00e9clat.<br \/>\nLa longue dur\u00e9e de vie et la facilit\u00e9 d&rsquo;entretien ajoutent \u00e0 votre choix.<br \/>\nId\u00e9al pour agr\u00e9menter l&rsquo;ensemble de la salle de bains : seul ou associ\u00e9 \u00e0 une serviette et un peignoir, pour cr\u00e9er \u00e0 chaque fois des combinaisons originales.<br \/>\nVeuillez vous r\u00e9f\u00e9rer \u00e0 la section \u00abEntretien du produit\u00bb pour toutes les instructions de lavage.<\/p>\n","protected":false},"excerpt":{"rendered":"<p><span>Paire de serviettes de toilette et d&rsquo;invit\u00e9s en tissu \u00e9ponge avec d\u00e9coration \u00abg\u00e9om\u00e9trique\u00bb sur un c\u00f4t\u00e9. Bordure en lin. Insertion circulaire du logo Arte Pura. Taille : serviette de toilette 60&#215;100 cm, serviette d&rsquo;invit\u00e9 40&#215;60 cm.<\/span><\/p>\n<p>Serviette fabriqu\u00e9e en Italie \u00e0 partir de coton de haute qualit\u00e9 et rendue douce au toucher par des traitements sp\u00e9ciaux qui renforcent l&rsquo;aspect naturel.<br \/>\nUn tissu id\u00e9al pour la salle de bains car il est hypoallerg\u00e9nique, antibact\u00e9rien et surtout hygroscopique. Dans le respect de votre peau.<br \/>\nEn outre, l&rsquo;utilisation de colorants naturels et hypoallerg\u00e9niques conf\u00e8re \u00e0 la fibre naturelle brillance et \u00e9clat.<br \/>\nLa longue dur\u00e9e de vie et la facilit\u00e9 d&rsquo;entretien ajoutent \u00e0 votre choix.<br \/>\nId\u00e9al pour agr\u00e9menter l&rsquo;ensemble de la salle de bains : seul ou associ\u00e9 \u00e0 une serviette et un peignoir, pour cr\u00e9er \u00e0 chaque fois des combinaisons originales.<br \/>\nVeuillez vous r\u00e9f\u00e9rer \u00e0 la section \u00abEntretien du produit\u00bb pour toutes les instructions de lavage.<\/p>\n","protected":false},"featured_media":134904,"template":"","meta":{"_seopress_robots_primary_cat":"none","_seopress_titles_title":"","_seopress_titles_desc":"","_seopress_robots_index":"","_seopress_analysis_target_kw":""},"product_brand":[8562],"product_cat":[3747,3883,6039],"product_tag":[7596,5245,7597,6104,6040,7510,4823,6115,4934],"class_list":{"0":"post-135829","1":"product","2":"type-product","3":"status-publish","4":"has-post-thumbnail","6":"product_brand-arte-pura","7":"product_cat-decoration-interieure","8":"product_cat-salle-de-bains","9":"product_cat-serviettes-fr","10":"product_tag-caresses-douces-et-gracieuses","11":"product_tag-eponge-fr","12":"product_tag-geometrique","13":"product_tag-industriel","14":"product_tag-linge-de-toilette","15":"product_tag-maison-green-total-look","16":"product_tag-salle-de-bains","17":"product_tag-serviette-pour-le-visage-et-les-invites","18":"product_tag-serviettes","19":"pa_colore-lac-440","20":"pa_taglia-40x60-cm-fr","21":"pa_taglia-60x100-cm-fr","22":"pa_tema-industriel","24":"first","25":"instock","26":"shipping-taxable","27":"purchasable","28":"product-type-variable"},"jetpack_sharing_enabled":true,"_links":{"self":[{"href":"https:\/\/lighthouselocarno.ch\/fr\/wp-json\/wp\/v2\/product\/135829","targetHints":{"allow":["GET"]}}],"collection":[{"href":"https:\/\/lighthouselocarno.ch\/fr\/wp-json\/wp\/v2\/product"}],"about":[{"href":"https:\/\/lighthouselocarno.ch\/fr\/wp-json\/wp\/v2\/types\/product"}],"wp:featuredmedia":[{"embeddable":true,"href":"https:\/\/lighthouselocarno.ch\/fr\/wp-json\/wp\/v2\/media\/134904"}],"wp:attachment":[{"href":"https:\/\/lighthouselocarno.ch\/fr\/wp-json\/wp\/v2\/media?parent=135829"}],"wp:term":[{"taxonomy":"product_brand","embeddable":true,"href":"https:\/\/lighthouselocarno.ch\/fr\/wp-json\/wp\/v2\/product_brand?post=135829"},{"taxonomy":"product_cat","embeddable":true,"href":"https:\/\/lighthouselocarno.ch\/fr\/wp-json\/wp\/v2\/product_cat?post=135829"},{"taxonomy":"product_tag","embeddable":true,"href":"https:\/\/lighthouselocarno.ch\/fr\/wp-json\/wp\/v2\/product_tag?post=135829"}],"curies":[{"name":"wp","href":"https:\/\/api.w.org\/{rel}","templated":true}]}}