{"id":135841,"date":"2023-09-05T15:27:58","date_gmt":"2023-09-05T15:27:58","guid":{"rendered":"https:\/\/lighthouselocarno.ch\/prodotto\/taie-doreiller-decorative-en-lin-lourd-avec-dentelle-crochet\/"},"modified":"2025-05-23T12:54:46","modified_gmt":"2025-05-23T12:54:46","slug":"taie-doreiller-decoration-en-lin-lourd-avec-lace-uncircule","status":"publish","type":"product","link":"https:\/\/lighthouselocarno.ch\/fr\/produit\/taie-doreiller-decoration-en-lin-lourd-avec-lace-uncircule\/","title":{"rendered":"Taie d&rsquo;oreiller d\u00e9corative en lin lourd avec dentelle \u00abCrochet"},"content":{"rendered":"<p>Taie d&rsquo;oreiller d\u00e9corative en lin \u00e9pais avec dentelle &lsquo;Crochet&rsquo;, fermeture \u00e0 rabat et boutons Agoya en nacre. Insertion du logo Arte Pura rectangulaire sur le rabat. Taille 40&#215;40 cm.<\/p>\n<p>Taie d&rsquo;oreiller fabriqu\u00e9e en Italie, compos\u00e9e \u00e0 100 % de lin de haute qualit\u00e9 et rendue douce au toucher par des traitements sp\u00e9ciaux qui renforcent l&rsquo;aspect naturel.<br \/>\nCe tissu est id\u00e9al pour le lit car il est hypoallerg\u00e9nique et antibact\u00e9rien. De plus, l&rsquo;utilisation de teintures naturelles et non allerg\u00e8nes conf\u00e8re \u00e0 la fibre naturelle de l&rsquo;\u00e9clat et de la vivacit\u00e9.<br \/>\nLa longue dur\u00e9e de vie et la facilit\u00e9 d&rsquo;entretien ajoutent \u00e0 votre choix.<br \/>\nId\u00e9al pour embellir votre literie : seul ou associ\u00e9 \u00e0 un couvre-lit et un drap, pour cr\u00e9er \u00e0 chaque fois des combinaisons originales.<br \/>\nVeuillez vous r\u00e9f\u00e9rer \u00e0 la section \u00abEntretien du produit\u00bb pour toutes les instructions de lavage.<\/p>\n","protected":false},"excerpt":{"rendered":"<p>Taie d&rsquo;oreiller d\u00e9corative en lin \u00e9pais avec dentelle &lsquo;Crochet&rsquo;, fermeture \u00e0 rabat et boutons Agoya en nacre. Insertion du logo Arte Pura rectangulaire sur le rabat. Taille 40&#215;40 cm.<\/p>\n<p>Taie d&rsquo;oreiller fabriqu\u00e9e en Italie, compos\u00e9e \u00e0 100 % de lin de haute qualit\u00e9 et rendue douce au toucher par des traitements sp\u00e9ciaux qui renforcent l&rsquo;aspect naturel.<br \/>\nCe tissu est id\u00e9al pour le lit car il est hypoallerg\u00e9nique et antibact\u00e9rien. De plus, l&rsquo;utilisation de teintures naturelles et non allerg\u00e8nes conf\u00e8re \u00e0 la fibre naturelle de l&rsquo;\u00e9clat et de la vivacit\u00e9.<br \/>\nLa longue dur\u00e9e de vie et la facilit\u00e9 d&rsquo;entretien ajoutent \u00e0 votre choix.<br \/>\nId\u00e9al pour embellir votre literie : seul ou associ\u00e9 \u00e0 un couvre-lit et un drap, pour cr\u00e9er \u00e0 chaque fois des combinaisons originales.<br \/>\nVeuillez vous r\u00e9f\u00e9rer \u00e0 la section \u00abEntretien du produit\u00bb pour toutes les instructions de lavage.<\/p>\n","protected":false},"featured_media":134975,"template":"","meta":{"_seopress_robots_primary_cat":"none","_seopress_titles_title":"","_seopress_titles_desc":"","_seopress_robots_index":""},"product_brand":[8562],"product_cat":[7129,3747,4040,5970,5969],"product_tag":[5983,6244,7508,5972,5993,6003,6258,5986,7598],"class_list":{"0":"post-135841","1":"product","2":"type-product","3":"status-publish","4":"has-post-thumbnail","6":"product_brand-arte-pura","7":"product_cat-coussins-deco","8":"product_cat-decoration-interieure","9":"product_cat-decorations-fr","10":"product_cat-housses-de-coussin","11":"product_cat-le-lit","12":"product_tag-chambre-a-coucher","13":"product_tag-dentelle-au-crochet","14":"product_tag-la-chambre-dhiver","15":"product_tag-linge-de-lit","16":"product_tag-lit-fr","17":"product_tag-romantique","18":"product_tag-taie-doreiller-fr","19":"product_tag-taies-doreiller-fr","20":"product_tag-votre-lieu-de-travail-pour-paques","21":"pa_colore-retro-900-fr","22":"pa_taglia-40x40-cm-fr","23":"pa_tema-romantique","25":"first","26":"instock","27":"shipping-taxable","28":"purchasable","29":"product-type-variable"},"jetpack_sharing_enabled":true,"_links":{"self":[{"href":"https:\/\/lighthouselocarno.ch\/fr\/wp-json\/wp\/v2\/product\/135841","targetHints":{"allow":["GET"]}}],"collection":[{"href":"https:\/\/lighthouselocarno.ch\/fr\/wp-json\/wp\/v2\/product"}],"about":[{"href":"https:\/\/lighthouselocarno.ch\/fr\/wp-json\/wp\/v2\/types\/product"}],"wp:featuredmedia":[{"embeddable":true,"href":"https:\/\/lighthouselocarno.ch\/fr\/wp-json\/wp\/v2\/media\/134975"}],"wp:attachment":[{"href":"https:\/\/lighthouselocarno.ch\/fr\/wp-json\/wp\/v2\/media?parent=135841"}],"wp:term":[{"taxonomy":"product_brand","embeddable":true,"href":"https:\/\/lighthouselocarno.ch\/fr\/wp-json\/wp\/v2\/product_brand?post=135841"},{"taxonomy":"product_cat","embeddable":true,"href":"https:\/\/lighthouselocarno.ch\/fr\/wp-json\/wp\/v2\/product_cat?post=135841"},{"taxonomy":"product_tag","embeddable":true,"href":"https:\/\/lighthouselocarno.ch\/fr\/wp-json\/wp\/v2\/product_tag?post=135841"}],"curies":[{"name":"wp","href":"https:\/\/api.w.org\/{rel}","templated":true}]}}