{"id":135913,"date":"2023-09-05T15:35:31","date_gmt":"2023-09-05T15:35:31","guid":{"rendered":"https:\/\/lighthouselocarno.ch\/prodotto\/petit-tapis-avec-broderie-petal\/"},"modified":"2025-05-23T12:54:46","modified_gmt":"2025-05-23T12:54:46","slug":"tapis-petit-avec-petalo-petalo","status":"publish","type":"product","link":"https:\/\/lighthouselocarno.ch\/fr\/produit\/tapis-petit-avec-petalo-petalo\/","title":{"rendered":"Tapis de douche 45 x 60 avec broderie &lsquo;Petalo"},"content":{"rendered":"<p>Tapis rectangulaire en \u00e9ponge avec bordure en lin m\u00e9lang\u00e9. Broderie \u00abp\u00e9tale\u00bb sur les quatre c\u00f4t\u00e9s. Dimensions 45&#215;60 cm.<\/p>\n<p>Moquette fabriqu\u00e9e en Italie \u00e0 partir de coton de haute qualit\u00e9 et rendue douce au toucher par des traitements sp\u00e9ciaux qui renforcent l&rsquo;aspect naturel.<br \/>\nEn outre, l&rsquo;utilisation de teintures naturelles et hypoallerg\u00e9niques ajoute de l&rsquo;\u00e9clat et de la verve \u00e0 la fibre naturelle.<br \/>\nLa durabilit\u00e9 et la facilit\u00e9 d&rsquo;entretien ajoutent un plus \u00e0 votre choix.<br \/>\nId\u00e9al pour embellir votre salle de bains : seul ou associ\u00e9 \u00e0 des serviettes coordonn\u00e9es, pour cr\u00e9er des combinaisons originales \u00e0 chaque fois.<br \/>\nVeuillez consulter la section \u00abEntretien du produit\u00bb pour conna\u00eetre les instructions de lavage.<\/p>\n","protected":false},"excerpt":{"rendered":"<p>Tapis rectangulaire en \u00e9ponge avec bordure en lin m\u00e9lang\u00e9. Broderie \u00abp\u00e9tale\u00bb sur les quatre c\u00f4t\u00e9s. Dimensions 45&#215;60 cm.<\/p>\n<p>Moquette fabriqu\u00e9e en Italie \u00e0 partir de coton de haute qualit\u00e9 et rendue douce au toucher par des traitements sp\u00e9ciaux qui renforcent l&rsquo;aspect naturel.<br \/>\nEn outre, l&rsquo;utilisation de teintures naturelles et hypoallerg\u00e9niques ajoute de l&rsquo;\u00e9clat et de la verve \u00e0 la fibre naturelle.<br \/>\nLa durabilit\u00e9 et la facilit\u00e9 d&rsquo;entretien ajoutent un plus \u00e0 votre choix.<br \/>\nId\u00e9al pour embellir votre salle de bains : seul ou associ\u00e9 \u00e0 des serviettes coordonn\u00e9es, pour cr\u00e9er des combinaisons originales \u00e0 chaque fois.<br \/>\nVeuillez consulter la section \u00abEntretien du produit\u00bb pour conna\u00eetre les instructions de lavage.<\/p>\n","protected":false},"featured_media":135111,"template":"","meta":{"_seopress_robots_primary_cat":"none","_seopress_titles_title":"","_seopress_titles_desc":"","_seopress_robots_index":""},"product_brand":[8562],"product_cat":[3747,3883,6135],"product_tag":[6193,8316,6040,4823,8318,8315,8317,5065],"class_list":{"0":"post-135913","1":"product","2":"type-product","3":"status-publish","4":"has-post-thumbnail","6":"product_brand-arte-pura","7":"product_cat-decoration-interieure","8":"product_cat-salle-de-bains","9":"product_cat-tapis-de-salle-de-bains","10":"product_tag-accessoires-de-salle-de-bains-fr","11":"product_tag-duschmatte-fr","12":"product_tag-linge-de-toilette","13":"product_tag-salle-de-bains","14":"product_tag-tapis-de-douche-fr-3","15":"product_tag-tapis-de-douche-fr","16":"product_tag-tapis-de-douche-fr-2","17":"product_tag-tapis-de-salle-de-bains","18":"pa_colore-blanc-019","19":"pa_taglia-45x60-cm-fr","20":"pa_tema-blanc","22":"first","23":"instock","24":"shipping-taxable","25":"purchasable","26":"product-type-variable"},"jetpack_sharing_enabled":true,"_links":{"self":[{"href":"https:\/\/lighthouselocarno.ch\/fr\/wp-json\/wp\/v2\/product\/135913","targetHints":{"allow":["GET"]}}],"collection":[{"href":"https:\/\/lighthouselocarno.ch\/fr\/wp-json\/wp\/v2\/product"}],"about":[{"href":"https:\/\/lighthouselocarno.ch\/fr\/wp-json\/wp\/v2\/types\/product"}],"wp:featuredmedia":[{"embeddable":true,"href":"https:\/\/lighthouselocarno.ch\/fr\/wp-json\/wp\/v2\/media\/135111"}],"wp:attachment":[{"href":"https:\/\/lighthouselocarno.ch\/fr\/wp-json\/wp\/v2\/media?parent=135913"}],"wp:term":[{"taxonomy":"product_brand","embeddable":true,"href":"https:\/\/lighthouselocarno.ch\/fr\/wp-json\/wp\/v2\/product_brand?post=135913"},{"taxonomy":"product_cat","embeddable":true,"href":"https:\/\/lighthouselocarno.ch\/fr\/wp-json\/wp\/v2\/product_cat?post=135913"},{"taxonomy":"product_tag","embeddable":true,"href":"https:\/\/lighthouselocarno.ch\/fr\/wp-json\/wp\/v2\/product_tag?post=135913"}],"curies":[{"name":"wp","href":"https:\/\/api.w.org\/{rel}","templated":true}]}}