{"id":135958,"date":"2023-09-05T15:37:49","date_gmt":"2023-09-05T15:37:49","guid":{"rendered":"https:\/\/lighthouselocarno.ch\/prodotto\/etui-en-lin-de-taille-moyenne-avec-dentelle-crochet\/"},"modified":"2025-05-23T12:54:46","modified_gmt":"2025-05-23T12:54:46","slug":"pochette-medium-linen-with-lace-uncirculated","status":"publish","type":"product","link":"https:\/\/lighthouselocarno.ch\/fr\/produit\/pochette-medium-linen-with-lace-uncirculated\/","title":{"rendered":"\u00c9tui en lin de taille moyenne avec dentelle &lsquo;Crochet"},"content":{"rendered":"<p>\u00c9tui en lin de taille moyenne avec dentelle &lsquo;Crochet&rsquo;. Dimensions 22&#215;12 cm.<\/p>\n<p>Mallette en lin fabriqu\u00e9e en Italie \u00e0 partir de 100 % de lin de haute qualit\u00e9, en plus de l&rsquo;utilisation de teintures naturelles et hypoallerg\u00e9niques qui donnent \u00e0 la fibre naturelle son \u00e9clat et sa vivacit\u00e9.<br \/>\nLa longue dur\u00e9e de vie et la facilit\u00e9 d&rsquo;entretien ajoutent \u00e0 votre choix.<br \/>\nD\u00e9corez vos pi\u00e8ces en ajoutant une touche d&rsquo;originalit\u00e9 \u00e0 votre d\u00e9cor.<\/p>\n<p>Vous pouvez utiliser cet \u00e9tui pour votre maquillage, comme porte-stylos ou comme petite pochette pour ce que vous voulez porter sur vous en permanence.<\/p>\n","protected":false},"excerpt":{"rendered":"<p>\u00c9tui en lin de taille moyenne avec dentelle &lsquo;Crochet&rsquo;. Dimensions 22&#215;12 cm.<\/p>\n<p>Mallette en lin fabriqu\u00e9e en Italie \u00e0 partir de 100 % de lin de haute qualit\u00e9, en plus de l&rsquo;utilisation de teintures naturelles et hypoallerg\u00e9niques qui donnent \u00e0 la fibre naturelle son \u00e9clat et sa vivacit\u00e9.<br \/>\nLa longue dur\u00e9e de vie et la facilit\u00e9 d&rsquo;entretien ajoutent \u00e0 votre choix.<br \/>\nD\u00e9corez vos pi\u00e8ces en ajoutant une touche d&rsquo;originalit\u00e9 \u00e0 votre d\u00e9cor.<\/p>\n<p>Vous pouvez utiliser cet \u00e9tui pour votre maquillage, comme porte-stylos ou comme petite pochette pour ce que vous voulez porter sur vous en permanence.<\/p>\n","protected":false},"featured_media":135241,"template":"","meta":{"_seopress_robots_primary_cat":"none","_seopress_titles_title":"","_seopress_titles_desc":"","_seopress_robots_index":""},"product_brand":[8562],"product_cat":[6122,3747,5321],"product_tag":[6062,6132,6138,5983,7624,6244,7426,7508,7626,7622,6139,6003,4823,6078,4414,6124],"class_list":{"0":"post-135958","1":"product","2":"type-product","3":"status-publish","4":"has-post-thumbnail","6":"product_brand-arte-pura","7":"product_cat-accessoires","8":"product_cat-decoration-interieure","9":"product_cat-trousses","10":"product_tag-accessoires","11":"product_tag-accessoires-decoratifs","12":"product_tag-cas","13":"product_tag-chambre-a-coucher","14":"product_tag-choisissez-votre-trousse","15":"product_tag-dentelle-au-crochet","16":"product_tag-des-idees-de-cadeaux-originales-voici-la-solution-pour-vous","17":"product_tag-la-chambre-dhiver","18":"product_tag-les-incontournables-de-lart-pur","19":"product_tag-organisez-vos-espaces","20":"product_tag-porte-maquillage","21":"product_tag-romantique","22":"product_tag-salle-de-bains","23":"product_tag-salon","24":"product_tag-titulaire","25":"product_tag-trousse-fr","26":"pa_colore-retro-900-fr","27":"pa_taglia-22x12-cm-fr","28":"pa_tema-romantique","30":"first","31":"instock","32":"shipping-taxable","33":"purchasable","34":"product-type-variable"},"jetpack_sharing_enabled":true,"_links":{"self":[{"href":"https:\/\/lighthouselocarno.ch\/fr\/wp-json\/wp\/v2\/product\/135958","targetHints":{"allow":["GET"]}}],"collection":[{"href":"https:\/\/lighthouselocarno.ch\/fr\/wp-json\/wp\/v2\/product"}],"about":[{"href":"https:\/\/lighthouselocarno.ch\/fr\/wp-json\/wp\/v2\/types\/product"}],"wp:featuredmedia":[{"embeddable":true,"href":"https:\/\/lighthouselocarno.ch\/fr\/wp-json\/wp\/v2\/media\/135241"}],"wp:attachment":[{"href":"https:\/\/lighthouselocarno.ch\/fr\/wp-json\/wp\/v2\/media?parent=135958"}],"wp:term":[{"taxonomy":"product_brand","embeddable":true,"href":"https:\/\/lighthouselocarno.ch\/fr\/wp-json\/wp\/v2\/product_brand?post=135958"},{"taxonomy":"product_cat","embeddable":true,"href":"https:\/\/lighthouselocarno.ch\/fr\/wp-json\/wp\/v2\/product_cat?post=135958"},{"taxonomy":"product_tag","embeddable":true,"href":"https:\/\/lighthouselocarno.ch\/fr\/wp-json\/wp\/v2\/product_tag?post=135958"}],"curies":[{"name":"wp","href":"https:\/\/api.w.org\/{rel}","templated":true}]}}