{"id":135959,"date":"2024-07-05T15:36:08","date_gmt":"2024-07-05T15:36:08","guid":{"rendered":"https:\/\/lighthouselocarno.ch\/prodotto\/boite-de-6-liens-de-serviette-avec-pendentifs\/"},"modified":"2025-05-23T12:52:24","modified_gmt":"2025-05-23T12:52:24","slug":"coffret-6-aiguilles-avec-pendentifs","status":"publish","type":"product","link":"https:\/\/lighthouselocarno.ch\/fr\/produit\/coffret-6-aiguilles-avec-pendentifs\/","title":{"rendered":"Bo\u00eete de 6 liens de serviette avec pendentifs"},"content":{"rendered":"<p>Bo\u00eete de 6 liens de serviette avec pendentifs.<\/p>\n<p>Reliure \u00e0 serviettes fabriqu\u00e9e en Italie \u00e0 partir de 100 % de lin de haute qualit\u00e9 et rendue douce au toucher par des traitements sp\u00e9ciaux qui renforcent l&rsquo;aspect naturel.<br \/>\nUn tissu id\u00e9al pour la table car il est hypoallerg\u00e9nique et antibact\u00e9rien, en plus de l&rsquo;utilisation de colorants naturels et hypoallerg\u00e9niques qui donnent de l&rsquo;\u00e9clat et de la verve \u00e0 la fibre naturelle.<br \/>\nLa longue dur\u00e9e de vie et la facilit\u00e9 d&rsquo;entretien ajoutent \u00e0 votre choix.<br \/>\nId\u00e9al pour embellir votre mise en place : assortissez les serviettes et les nappes pour cr\u00e9er des combinaisons originales \u00e0 chaque fois.<br \/>\nVeuillez vous r\u00e9f\u00e9rer \u00e0 la section \u00abEntretien du produit\u00bb pour toutes les instructions de lavage.<\/p>\n","protected":false},"excerpt":{"rendered":"<p>Bo\u00eete de 6 liens de serviette avec pendentifs.<\/p>\n<p>Reliure \u00e0 serviettes fabriqu\u00e9e en Italie \u00e0 partir de 100 % de lin de haute qualit\u00e9 et rendue douce au toucher par des traitements sp\u00e9ciaux qui renforcent l&rsquo;aspect naturel.<br \/>\nUn tissu id\u00e9al pour la table car il est hypoallerg\u00e9nique et antibact\u00e9rien, en plus de l&rsquo;utilisation de colorants naturels et hypoallerg\u00e9niques qui donnent de l&rsquo;\u00e9clat et de la verve \u00e0 la fibre naturelle.<br \/>\nLa longue dur\u00e9e de vie et la facilit\u00e9 d&rsquo;entretien ajoutent \u00e0 votre choix.<br \/>\nId\u00e9al pour embellir votre mise en place : assortissez les serviettes et les nappes pour cr\u00e9er des combinaisons originales \u00e0 chaque fois.<br \/>\nVeuillez vous r\u00e9f\u00e9rer \u00e0 la section \u00abEntretien du produit\u00bb pour toutes les instructions de lavage.<\/p>\n","protected":false},"featured_media":135132,"template":"","meta":{"_seopress_robots_primary_cat":"none","_seopress_titles_title":"Bo\u00eete de 6 liens de serviettes en lin avec pendentifs","_seopress_titles_desc":"6 bo\u00eetes en lin tie-dye avec pendentifs artisanaux. Id\u00e9e de cadeau originale et \u00e9l\u00e9gante pour meubler avec style. Accessoires de luxe pour la maison et la table","_seopress_robots_index":""},"product_brand":[8562],"product_cat":[3747,3757,5837],"product_tag":[7427,7425,6221,7447,7549,6003,7516,4319,3960,5845,7598],"class_list":{"0":"post-135959","1":"product","2":"type-product","3":"status-publish","4":"has-post-thumbnail","6":"product_brand-arte-pura","7":"product_cat-decoration-interieure","8":"product_cat-table-fr","9":"product_cat-serviette-et-rond","10":"product_tag-choisissez-votre-faveur","11":"product_tag-deux-styles-au-choix","12":"product_tag-liens-de-serviette","13":"product_tag-organiser-votre-mariage","14":"product_tag-retour","15":"product_tag-romantique","16":"product_tag-sans-dentelle","17":"product_tag-serviettes-de-table","18":"product_tag-set-de-table","19":"product_tag-tableau-fr","20":"product_tag-votre-lieu-de-travail-pour-paques","21":"pa_colore-retro-900-fr","22":"pa_tema-romantique","24":"first","25":"instock","26":"shipping-taxable","27":"purchasable","28":"product-type-variable","29":"has-default-attributes"},"jetpack_sharing_enabled":true,"_links":{"self":[{"href":"https:\/\/lighthouselocarno.ch\/fr\/wp-json\/wp\/v2\/product\/135959","targetHints":{"allow":["GET"]}}],"collection":[{"href":"https:\/\/lighthouselocarno.ch\/fr\/wp-json\/wp\/v2\/product"}],"about":[{"href":"https:\/\/lighthouselocarno.ch\/fr\/wp-json\/wp\/v2\/types\/product"}],"wp:featuredmedia":[{"embeddable":true,"href":"https:\/\/lighthouselocarno.ch\/fr\/wp-json\/wp\/v2\/media\/135132"}],"wp:attachment":[{"href":"https:\/\/lighthouselocarno.ch\/fr\/wp-json\/wp\/v2\/media?parent=135959"}],"wp:term":[{"taxonomy":"product_brand","embeddable":true,"href":"https:\/\/lighthouselocarno.ch\/fr\/wp-json\/wp\/v2\/product_brand?post=135959"},{"taxonomy":"product_cat","embeddable":true,"href":"https:\/\/lighthouselocarno.ch\/fr\/wp-json\/wp\/v2\/product_cat?post=135959"},{"taxonomy":"product_tag","embeddable":true,"href":"https:\/\/lighthouselocarno.ch\/fr\/wp-json\/wp\/v2\/product_tag?post=135959"}],"curies":[{"name":"wp","href":"https:\/\/api.w.org\/{rel}","templated":true}]}}